{"id":36904,"date":"2026-02-27T00:36:32","date_gmt":"2026-02-27T00:36:32","guid":{"rendered":"https:\/\/nordicmart.andreevmaster.com\/product\/viga-suuri-puinen-grillausgrilli-lapsille-47-lisavarustetta\/"},"modified":"2026-02-27T09:53:47","modified_gmt":"2026-02-27T09:53:47","slug":"viga-suuri-puinen-grillausgrilli-lapsille-47-lisavarustetta","status":"publish","type":"product","link":"https:\/\/nordicmart.andreevmaster.com\/fi\/tuote\/viga-suuri-puinen-grillausgrilli-lapsille-47-lisavarustetta\/","title":{"rendered":"VIGA Suuri puinen grillausgrilli lapsille + 47 lis\u00e4varustetta"},"content":{"rendered":"<p>VIGA:n puinen grillausgrilli on aivan kuin oikea grilli! Sarja sis\u00e4lt\u00e4\u00e4 47 lis\u00e4varustetta, kuten maustepurkkeja, ketsuppia, sinappia, pihtej\u00e4, ruokailuv\u00e4lineit\u00e4 jne. \u00c4\u00e4nitehosteet lis\u00e4\u00e4v\u00e4t realismia. Lapset voivat valmistaa kebabeja, voileipi\u00e4 ja hampurilaisia. Irrotettava kansi suojaa &#8221;kuumaa&#8221; grilli\u00e4 grillauksen j\u00e4lkeen, ja py\u00f6r\u00e4t ja k\u00e4tev\u00e4 kahva mahdollistavat grillin siirt\u00e4misen mihin tahansa puutarhaan tai taloon. Lapsesi voi leikki\u00e4 aikuista, joka valvoo perheen grillausta.Ominaisuudet:<\/p>\n<p>* &#8211; korkealaatuista puuta oleva grilli,<br \/>\n* &#8211; k\u00e4\u00e4ntyv\u00e4t ja \u00e4\u00e4nt\u00e4 tuottavat grillinupit,<br \/>\n* &#8211; pieni hylly mausteiden ja lis\u00e4varusteiden s\u00e4ilytt\u00e4miseen,<br \/>\n* &#8211; ulosvedett\u00e4v\u00e4 grilliritil\u00e4,<br \/>\n* &#8211; suuri hylly grilliritil\u00e4n alla,<br \/>\n* &#8211; grillaustarvikesarja,* &#8211; grillattavat vihannekset ja lihat,* &#8211; korkein laatu &#8211; huomiota yksityiskohtiin,* &#8211; suuri koko &#8211; sopii my\u00f6s vanhemmille lapsille.<\/p>\n<p>Setti sis\u00e4lt\u00e4\u00e4:<\/p>\n<p>* &#8211; vihannekset,<br \/>\n* &#8211; liha,<br \/>\n* &#8211; ruokailuv\u00e4lineet,<br \/>\n* &#8211; pihdit,<br \/>\n* &#8211; mausteet,<br \/>\n* &#8211; lautaset,<br \/>\n* &#8211; hiili,<br \/>\n* &#8211; py\u00f6rill\u00e4 varustettu grilli,<br \/>\n* &#8211; vartaita.<\/p>\n<p>Lelu kehitt\u00e4\u00e4:<\/p>\n<p>* &#8211; k\u00e4si-silm\u00e4-koordinaatiota,<br \/>\n* &#8211; motorisia taitoja,<br \/>\n* &#8211; mielikuvitusta,<br \/>\n* &#8211; luovuutta,<br \/>\n* &#8211; roolileikkimahdollisuuksia.<\/p>\n","protected":false},"excerpt":{"rendered":"<p>VIGA:n puinen grillausgrilli on aivan kuin oikea grilli! Sarja sis\u00e4lt\u00e4\u00e4 47 lis\u00e4varustetta, kuten maustepurkkeja, ketsuppia, sinappia, pihtej\u00e4, ruokailuv\u00e4lineit\u00e4 jne. \u00c4\u00e4nitehosteet lis\u00e4\u00e4v\u00e4t realismia. Lapset voivat valmistaa kebabeja, voileipi\u00e4 ja hampurilaisia. Irrotettava kansi suojaa &#8221;kuumaa&#8221; grilli\u00e4 grillauksen j\u00e4lkeen, ja py\u00f6r\u00e4t ja k\u00e4tev\u00e4 kahva mahdollistavat grillin siirt\u00e4misen mihin tahansa puutarhaan tai taloon. Lapsesi voi leikki\u00e4 aikuista, joka valvoo [&hellip;]<\/p>\n","protected":false},"featured_media":0,"comment_status":"open","ping_status":"closed","template":"","meta":[],"product_brand":[],"product_cat":[32],"product_tag":[],"class_list":{"0":"post-36904","1":"product","2":"type-product","3":"status-publish","5":"product_cat-uncategorized-fi","7":"first","8":"instock","9":"shipping-taxable","10":"purchasable","11":"product-type-simple"},"_links":{"self":[{"href":"https:\/\/nordicmart.andreevmaster.com\/fi\/wp-json\/wp\/v2\/product\/36904","targetHints":{"allow":["GET"]}}],"collection":[{"href":"https:\/\/nordicmart.andreevmaster.com\/fi\/wp-json\/wp\/v2\/product"}],"about":[{"href":"https:\/\/nordicmart.andreevmaster.com\/fi\/wp-json\/wp\/v2\/types\/product"}],"replies":[{"embeddable":true,"href":"https:\/\/nordicmart.andreevmaster.com\/fi\/wp-json\/wp\/v2\/comments?post=36904"}],"wp:attachment":[{"href":"https:\/\/nordicmart.andreevmaster.com\/fi\/wp-json\/wp\/v2\/media?parent=36904"}],"wp:term":[{"taxonomy":"product_brand","embeddable":true,"href":"https:\/\/nordicmart.andreevmaster.com\/fi\/wp-json\/wp\/v2\/product_brand?post=36904"},{"taxonomy":"product_cat","embeddable":true,"href":"https:\/\/nordicmart.andreevmaster.com\/fi\/wp-json\/wp\/v2\/product_cat?post=36904"},{"taxonomy":"product_tag","embeddable":true,"href":"https:\/\/nordicmart.andreevmaster.com\/fi\/wp-json\/wp\/v2\/product_tag?post=36904"}],"curies":[{"name":"wp","href":"https:\/\/api.w.org\/{rel}","templated":true}]}}