{"id":36903,"date":"2026-02-27T00:36:32","date_gmt":"2026-02-27T00:36:32","guid":{"rendered":"https:\/\/nordicmart.andreevmaster.com\/product\/viga-puinen-aistien-kehittymista-edistava-leikkitaulu-edu-rainbow-fsc-sertifioitu\/"},"modified":"2026-02-27T09:53:47","modified_gmt":"2026-02-27T09:53:47","slug":"viga-puinen-aistien-kehittymista-edistava-leikkitaulu-edu-rainbow-fsc-sertifioitu","status":"publish","type":"product","link":"https:\/\/nordicmart.andreevmaster.com\/fi\/tuote\/viga-puinen-aistien-kehittymista-edistava-leikkitaulu-edu-rainbow-fsc-sertifioitu\/","title":{"rendered":"VIGA Puinen aistien kehittymist\u00e4 edist\u00e4v\u00e4 leikkitaulu EDU Rainbow FSC-sertifioitu"},"content":{"rendered":"<p>Viga Toysin Rainbow-aistien kehittymist\u00e4 edist\u00e4v\u00e4 leikkitaulu on puinen, monik\u00e4ytt\u00f6inen sein\u00e4leikkikalu, joka tarjoaa lapsille tuntikausia hauskaa. Lelu tarjoaa 12 erilaista aktiviteettia: py\u00f6riv\u00e4t hammaspy\u00f6r\u00e4t, s\u00e4\u00e4taulu, py\u00f6riv\u00e4 kiekko, palikoiden yhdistely, ksylofoni, koverat ja kuperat peilit, gong ja helmikudontalaite. S\u00e4\u00e4taulu on suunniteltu erityisesti sateenkaari-teemaan sopivaksi. Vuodenaikojen vaihtelua voi tutkia yhdess\u00e4 s\u00e4\u00e4muutosten ja l\u00e4mp\u00f6tilan vaihteluiden kanssa. Helppo kuljettaa ja koota, koska se on jaettu viiteen osaan. Kaikki viisi osaa ovat samankokoisia, joten ne voidaan koota miss\u00e4 tahansa j\u00e4rjestyksess\u00e4. Kaareva muotoilu kannustaa eri pituisia lapsia leikkim\u00e4\u00e4n yhdess\u00e4 ja oppimaan perusasioita v\u00e4reist\u00e4, muodoista, \u00e4\u00e4nist\u00e4 ja s\u00e4\u00e4st\u00e4. Lelu on suunniteltu stimuloimaan aisteja ja tukemaan lapsen motoristen taitojen kehityst\u00e4. Se on erinomainen harjoitus pienille sormille. Lelu opettaa my\u00f6s loogista ajattelua ja k\u00e4rsiv\u00e4llisyytt\u00e4. Ihanteellinen lis\u00e4 varhaisoppimisymp\u00e4rist\u00f6ihin ja lastenhoitopaikkoihin. Ominaisuudet: * &#8211; puinen aistien ja k\u00e4den taitojen kehittymist\u00e4 edist\u00e4v\u00e4 sateenkaaren muotoinen lauta her\u00e4tt\u00e4\u00e4 huomion ja kannustaa leikkim\u00e4\u00e4n, * &#8211; laudassa on 12 aktiviteettia: py\u00f6riv\u00e4t hammaspy\u00f6r\u00e4t, s\u00e4\u00e4lauta, py\u00f6riv\u00e4 kiekko, palikoiden yhdistely, ksylofoni, koverat ja kuperat peilit, gong ja helmien kudontalaite,* &#8211; kaareva muotoilu kannustaa eri pituisia lapsia leikkim\u00e4\u00e4n yhdess\u00e4,<br \/>\n* &#8211; jaettu viiteen yht\u00e4 suureen osaan,<br \/>\n* &#8211; lelu on FSC-sertifioitu ja noudattaa Montessori-periaatteita,<br \/>\n* &#8211; tuote on valmistettu lakatusta puusta ja maalattu myrkytt\u00f6mill\u00e4 maaleilla.<\/p>\n<p>Lelu kehitt\u00e4\u00e4:<\/p>\n<p>* &#8211; loogista ajattelua,<br \/>\n* &#8211; motorisia taitoja,<br \/>\n* &#8211; k\u00e4si-silm\u00e4-koordinaatiota,<br \/>\n* &#8211; luovuutta,<br \/>\n* &#8211; itsen\u00e4isyytt\u00e4,<br \/>\n* &#8211; k\u00e4rsiv\u00e4llisyytt\u00e4,<br \/>\n* &#8211; tarkkuutta.<\/p>\n","protected":false},"excerpt":{"rendered":"<p>Viga Toysin Rainbow-aistien kehittymist\u00e4 edist\u00e4v\u00e4 leikkitaulu on puinen, monik\u00e4ytt\u00f6inen sein\u00e4leikkikalu, joka tarjoaa lapsille tuntikausia hauskaa. Lelu tarjoaa 12 erilaista aktiviteettia: py\u00f6riv\u00e4t hammaspy\u00f6r\u00e4t, s\u00e4\u00e4taulu, py\u00f6riv\u00e4 kiekko, palikoiden yhdistely, ksylofoni, koverat ja kuperat peilit, gong ja helmikudontalaite. S\u00e4\u00e4taulu on suunniteltu erityisesti sateenkaari-teemaan sopivaksi. Vuodenaikojen vaihtelua voi tutkia yhdess\u00e4 s\u00e4\u00e4muutosten ja l\u00e4mp\u00f6tilan vaihteluiden kanssa. Helppo kuljettaa ja koota, [&hellip;]<\/p>\n","protected":false},"featured_media":0,"comment_status":"open","ping_status":"closed","template":"","meta":[],"product_brand":[],"product_cat":[32],"product_tag":[],"class_list":{"0":"post-36903","1":"product","2":"type-product","3":"status-publish","5":"product_cat-uncategorized-fi","7":"first","8":"instock","9":"shipping-taxable","10":"purchasable","11":"product-type-simple"},"_links":{"self":[{"href":"https:\/\/nordicmart.andreevmaster.com\/fi\/wp-json\/wp\/v2\/product\/36903","targetHints":{"allow":["GET"]}}],"collection":[{"href":"https:\/\/nordicmart.andreevmaster.com\/fi\/wp-json\/wp\/v2\/product"}],"about":[{"href":"https:\/\/nordicmart.andreevmaster.com\/fi\/wp-json\/wp\/v2\/types\/product"}],"replies":[{"embeddable":true,"href":"https:\/\/nordicmart.andreevmaster.com\/fi\/wp-json\/wp\/v2\/comments?post=36903"}],"wp:attachment":[{"href":"https:\/\/nordicmart.andreevmaster.com\/fi\/wp-json\/wp\/v2\/media?parent=36903"}],"wp:term":[{"taxonomy":"product_brand","embeddable":true,"href":"https:\/\/nordicmart.andreevmaster.com\/fi\/wp-json\/wp\/v2\/product_brand?post=36903"},{"taxonomy":"product_cat","embeddable":true,"href":"https:\/\/nordicmart.andreevmaster.com\/fi\/wp-json\/wp\/v2\/product_cat?post=36903"},{"taxonomy":"product_tag","embeddable":true,"href":"https:\/\/nordicmart.andreevmaster.com\/fi\/wp-json\/wp\/v2\/product_tag?post=36903"}],"curies":[{"name":"wp","href":"https:\/\/api.w.org\/{rel}","templated":true}]}}