{"id":36902,"date":"2026-02-27T00:36:31","date_gmt":"2026-02-27T00:36:31","guid":{"rendered":"https:\/\/nordicmart.andreevmaster.com\/product\/viga-wall-board-wheel-show-emotions-fsc-montessori-certificate-2\/"},"modified":"2026-02-27T09:53:47","modified_gmt":"2026-02-27T09:53:47","slug":"viga-wall-board-wheel-show-emotions-fsc-montessori-certificate-2","status":"publish","type":"product","link":"https:\/\/nordicmart.andreevmaster.com\/fi\/tuote\/viga-wall-board-wheel-show-emotions-fsc-montessori-certificate-2\/","title":{"rendered":"VIGA Wall Board Wheel Show Emotions FSC Montessori Certificate"},"content":{"rendered":"<p>Vigan interaktiivinen lelu, valmistettu puusta. Taulussa on 12 lasta, joilla on erilaisia ilmeit\u00e4 ja aktiviteetteja. Py\u00f6rit\u00e4 py\u00f6r\u00e4\u00e4 ja odota, ett\u00e4 se pys\u00e4htyy. Punainen nuoli osoittaa lapsen, jota on tarkoitus j\u00e4ljitell\u00e4. Peli auttaa lapsia l\u00f6yt\u00e4m\u00e4\u00e4n erilaisia tunteita ja kehon liikkeit\u00e4 sek\u00e4 opettaa heille havainnointikyky\u00e4 ja nopeaa reagointia. Sopii erinomaisesti k\u00e4ytett\u00e4v\u00e4ksi kouluissa ja muissa oppilaitoksissa. Ominaisuudet: * &#8211; 18 kuukauden ik\u00e4isille lapsille, * &#8211; valmistettu korkealaatuisesta puusta, * &#8211; maalattu myrkytt\u00f6mill\u00e4 maaleilla.<\/p>\n<p>Lelu kehitt\u00e4\u00e4:<\/p>\n<p>* &#8211; loogista ajattelua,<br \/>\n* &#8211; mielikuvitusta,<br \/>\n* &#8211; k\u00e4si-silm\u00e4-koordinaatiota,<br \/>\n* &#8211; k\u00e4dentaitoja.<\/p>\n","protected":false},"excerpt":{"rendered":"<p>Vigan interaktiivinen lelu, valmistettu puusta. Taulussa on 12 lasta, joilla on erilaisia ilmeit\u00e4 ja aktiviteetteja. Py\u00f6rit\u00e4 py\u00f6r\u00e4\u00e4 ja odota, ett\u00e4 se pys\u00e4htyy. Punainen nuoli osoittaa lapsen, jota on tarkoitus j\u00e4ljitell\u00e4. Peli auttaa lapsia l\u00f6yt\u00e4m\u00e4\u00e4n erilaisia tunteita ja kehon liikkeit\u00e4 sek\u00e4 opettaa heille havainnointikyky\u00e4 ja nopeaa reagointia. Sopii erinomaisesti k\u00e4ytett\u00e4v\u00e4ksi kouluissa ja muissa oppilaitoksissa. Ominaisuudet: * [&hellip;]<\/p>\n","protected":false},"featured_media":0,"comment_status":"open","ping_status":"closed","template":"","meta":[],"product_brand":[],"product_cat":[32],"product_tag":[],"class_list":{"0":"post-36902","1":"product","2":"type-product","3":"status-publish","5":"product_cat-uncategorized-fi","7":"first","8":"instock","9":"shipping-taxable","10":"purchasable","11":"product-type-simple"},"_links":{"self":[{"href":"https:\/\/nordicmart.andreevmaster.com\/fi\/wp-json\/wp\/v2\/product\/36902","targetHints":{"allow":["GET"]}}],"collection":[{"href":"https:\/\/nordicmart.andreevmaster.com\/fi\/wp-json\/wp\/v2\/product"}],"about":[{"href":"https:\/\/nordicmart.andreevmaster.com\/fi\/wp-json\/wp\/v2\/types\/product"}],"replies":[{"embeddable":true,"href":"https:\/\/nordicmart.andreevmaster.com\/fi\/wp-json\/wp\/v2\/comments?post=36902"}],"wp:attachment":[{"href":"https:\/\/nordicmart.andreevmaster.com\/fi\/wp-json\/wp\/v2\/media?parent=36902"}],"wp:term":[{"taxonomy":"product_brand","embeddable":true,"href":"https:\/\/nordicmart.andreevmaster.com\/fi\/wp-json\/wp\/v2\/product_brand?post=36902"},{"taxonomy":"product_cat","embeddable":true,"href":"https:\/\/nordicmart.andreevmaster.com\/fi\/wp-json\/wp\/v2\/product_cat?post=36902"},{"taxonomy":"product_tag","embeddable":true,"href":"https:\/\/nordicmart.andreevmaster.com\/fi\/wp-json\/wp\/v2\/product_tag?post=36902"}],"curies":[{"name":"wp","href":"https:\/\/api.w.org\/{rel}","templated":true}]}}