{"id":36901,"date":"2026-02-27T00:36:31","date_gmt":"2026-02-27T00:36:31","guid":{"rendered":"https:\/\/nordicmart.andreevmaster.com\/product\/viga-puinen-tasapainolauta\/"},"modified":"2026-02-27T09:53:47","modified_gmt":"2026-02-27T09:53:47","slug":"viga-puinen-tasapainolauta","status":"publish","type":"product","link":"https:\/\/nordicmart.andreevmaster.com\/fi\/tuote\/viga-puinen-tasapainolauta\/","title":{"rendered":"VIGA Puinen tasapainolauta"},"content":{"rendered":"<p>Viga-tasapainolauta on monitoiminen lelu, joka tukee 3-vuotiaiden ja sit\u00e4 vanhempien lasten motoristen taitojen, tasapainon ja luovuuden kehityst\u00e4. Laadukkaasta puusta valmistetun pohjan pinta on peitetty huovalla, mik\u00e4 lis\u00e4\u00e4 mukavuutta ja suojaa lattiaa naarmuilta. Py\u00f6ristetyt reunat takaavat turvallisuuden my\u00f6s intensiivisen leikin aikana. Monipuolisuutensa ansiosta lautaa voidaan k\u00e4ytt\u00e4\u00e4 sek\u00e4 fyysiseen liikuntaan ett\u00e4 luovaan leikkiin.<\/p>\n<p>\u2705 Sarja sis\u00e4lt\u00e4\u00e4:<\/p>\n<p>\u2714\ufe0f Puinen tasapainolauta huovalla \u2714\ufe0f Naru lis\u00e4aktiviteetteja varten \u2714\ufe0f Ohjekortit, joissa on harjoitus- ja leikkiehdotuksia<\/p>\n<p>\u2705 Ominaisuudet:<\/p>\n<p>\u2714\ufe0f Lelu 3-vuotiaille ja sit\u00e4 vanhemmille lapsille \u2714\ufe0f Lapsen teht\u00e4v\u00e4n\u00e4 on tasapainoilla laudalla s\u00e4ilytt\u00e4en tasapainonsa. \u2714\ufe0f Turvalliset materiaalit, vankka valmistus \u2714\ufe0f Monipuolinen k\u00e4ytt\u00f6 \u2714\ufe0f Mukava huopapinta \u2714\ufe0f Helppo s\u00e4ilytt\u00e4\u00e4<\/p>\n<p>\u2705 Lelu kehitt\u00e4\u00e4:<\/p>\n<p>\u2714\ufe0f Karkeamotorisia taitoja \u2714\ufe0f Aistien stimulaatiota \u2714\ufe0f Luovuutta<\/p>\n","protected":false},"excerpt":{"rendered":"<p>Viga-tasapainolauta on monitoiminen lelu, joka tukee 3-vuotiaiden ja sit\u00e4 vanhempien lasten motoristen taitojen, tasapainon ja luovuuden kehityst\u00e4. Laadukkaasta puusta valmistetun pohjan pinta on peitetty huovalla, mik\u00e4 lis\u00e4\u00e4 mukavuutta ja suojaa lattiaa naarmuilta. Py\u00f6ristetyt reunat takaavat turvallisuuden my\u00f6s intensiivisen leikin aikana. Monipuolisuutensa ansiosta lautaa voidaan k\u00e4ytt\u00e4\u00e4 sek\u00e4 fyysiseen liikuntaan ett\u00e4 luovaan leikkiin. \u2705 Sarja sis\u00e4lt\u00e4\u00e4: \u2714\ufe0f [&hellip;]<\/p>\n","protected":false},"featured_media":0,"comment_status":"open","ping_status":"closed","template":"","meta":[],"product_brand":[],"product_cat":[32],"product_tag":[],"class_list":{"0":"post-36901","1":"product","2":"type-product","3":"status-publish","5":"product_cat-uncategorized-fi","7":"first","8":"instock","9":"shipping-taxable","10":"purchasable","11":"product-type-simple"},"_links":{"self":[{"href":"https:\/\/nordicmart.andreevmaster.com\/fi\/wp-json\/wp\/v2\/product\/36901","targetHints":{"allow":["GET"]}}],"collection":[{"href":"https:\/\/nordicmart.andreevmaster.com\/fi\/wp-json\/wp\/v2\/product"}],"about":[{"href":"https:\/\/nordicmart.andreevmaster.com\/fi\/wp-json\/wp\/v2\/types\/product"}],"replies":[{"embeddable":true,"href":"https:\/\/nordicmart.andreevmaster.com\/fi\/wp-json\/wp\/v2\/comments?post=36901"}],"wp:attachment":[{"href":"https:\/\/nordicmart.andreevmaster.com\/fi\/wp-json\/wp\/v2\/media?parent=36901"}],"wp:term":[{"taxonomy":"product_brand","embeddable":true,"href":"https:\/\/nordicmart.andreevmaster.com\/fi\/wp-json\/wp\/v2\/product_brand?post=36901"},{"taxonomy":"product_cat","embeddable":true,"href":"https:\/\/nordicmart.andreevmaster.com\/fi\/wp-json\/wp\/v2\/product_cat?post=36901"},{"taxonomy":"product_tag","embeddable":true,"href":"https:\/\/nordicmart.andreevmaster.com\/fi\/wp-json\/wp\/v2\/product_tag?post=36901"}],"curies":[{"name":"wp","href":"https:\/\/api.w.org\/{rel}","templated":true}]}}