{"id":36900,"date":"2026-02-27T00:36:31","date_gmt":"2026-02-27T00:36:31","guid":{"rendered":"https:\/\/nordicmart.andreevmaster.com\/product\/viga-suuri-puinen-nukkekoti\/"},"modified":"2026-02-27T09:53:46","modified_gmt":"2026-02-27T09:53:46","slug":"viga-suuri-puinen-nukkekoti","status":"publish","type":"product","link":"https:\/\/nordicmart.andreevmaster.com\/fi\/tuote\/viga-suuri-puinen-nukkekoti\/","title":{"rendered":"VIGA Suuri puinen nukkekoti"},"content":{"rendered":"<p>Puinen nukkekoti on t\u00e4ydellinen lelu tyt\u00f6ille. Talossa on monta huonetta, joten jokainen tytt\u00f6 voi leikki\u00e4 mit\u00e4 tahansa roolia pienill\u00e4 nukkeillaan, hahmoillaan tai nalleillaan.Ominaisuudet:<\/p>\n<p>* &#8211; suuri puinen talo &#8211; t\u00e4ysin avoin toiselta puolelta,<br \/>\n* &#8211; talossa on 3 kerrosta ja 5 erilaista huonetta: keitti\u00f6, olohuone, kylpyhuone, makuuhuone ja parveke,<br \/>\n* &#8211; sarja sis\u00e4lt\u00e4\u00e4 erilaisia huonekaluja &#8211; kaiken, mit\u00e4 leikkimiseen tarvitaan,<br \/>\n* &#8211; lelut voidaan kuljettaa alakerrasta ensimm\u00e4iseen kerrokseen hissill\u00e4 (talon oikealla puolella on valkoinen nuppi hissin k\u00e4ytt\u00e4miseen),<br \/>\n* &#8211; ylimm\u00e4ss\u00e4 kerroksessa nuket p\u00e4\u00e4sev\u00e4t suoraan makuuhuoneesta terassille,<br \/>\n* &#8211; sarja ei sis\u00e4ll\u00e4 nukkeja\/hahmoja.<\/p>\n<p>Lelu kehitt\u00e4\u00e4:<\/p>\n<p>* &#8211; mielikuvitusta,<br \/>\n* &#8211; luovuutta,<br \/>\n* &#8211; loogista ajattelua,<br \/>\n* &#8211; yhteisty\u00f6kyky\u00e4,<br \/>\n* &#8211; jakamista,<br \/>\n* &#8211; roolileikkej\u00e4.<\/p>\n","protected":false},"excerpt":{"rendered":"<p>Puinen nukkekoti on t\u00e4ydellinen lelu tyt\u00f6ille. Talossa on monta huonetta, joten jokainen tytt\u00f6 voi leikki\u00e4 mit\u00e4 tahansa roolia pienill\u00e4 nukkeillaan, hahmoillaan tai nalleillaan.Ominaisuudet: * &#8211; suuri puinen talo &#8211; t\u00e4ysin avoin toiselta puolelta, * &#8211; talossa on 3 kerrosta ja 5 erilaista huonetta: keitti\u00f6, olohuone, kylpyhuone, makuuhuone ja parveke, * &#8211; sarja sis\u00e4lt\u00e4\u00e4 erilaisia huonekaluja [&hellip;]<\/p>\n","protected":false},"featured_media":0,"comment_status":"open","ping_status":"closed","template":"","meta":[],"product_brand":[],"product_cat":[32],"product_tag":[],"class_list":{"0":"post-36900","1":"product","2":"type-product","3":"status-publish","5":"product_cat-uncategorized-fi","7":"first","8":"instock","9":"shipping-taxable","10":"purchasable","11":"product-type-simple"},"_links":{"self":[{"href":"https:\/\/nordicmart.andreevmaster.com\/fi\/wp-json\/wp\/v2\/product\/36900","targetHints":{"allow":["GET"]}}],"collection":[{"href":"https:\/\/nordicmart.andreevmaster.com\/fi\/wp-json\/wp\/v2\/product"}],"about":[{"href":"https:\/\/nordicmart.andreevmaster.com\/fi\/wp-json\/wp\/v2\/types\/product"}],"replies":[{"embeddable":true,"href":"https:\/\/nordicmart.andreevmaster.com\/fi\/wp-json\/wp\/v2\/comments?post=36900"}],"wp:attachment":[{"href":"https:\/\/nordicmart.andreevmaster.com\/fi\/wp-json\/wp\/v2\/media?parent=36900"}],"wp:term":[{"taxonomy":"product_brand","embeddable":true,"href":"https:\/\/nordicmart.andreevmaster.com\/fi\/wp-json\/wp\/v2\/product_brand?post=36900"},{"taxonomy":"product_cat","embeddable":true,"href":"https:\/\/nordicmart.andreevmaster.com\/fi\/wp-json\/wp\/v2\/product_cat?post=36900"},{"taxonomy":"product_tag","embeddable":true,"href":"https:\/\/nordicmart.andreevmaster.com\/fi\/wp-json\/wp\/v2\/product_tag?post=36900"}],"curies":[{"name":"wp","href":"https:\/\/api.w.org\/{rel}","templated":true}]}}