{"id":36899,"date":"2026-02-27T00:36:31","date_gmt":"2026-02-27T00:36:31","guid":{"rendered":"https:\/\/nordicmart.andreevmaster.com\/product\/viga-puinen-toukkalevy-fsc-sertifioitu-montessori\/"},"modified":"2026-02-27T09:53:46","modified_gmt":"2026-02-27T09:53:46","slug":"viga-puinen-toukkalevy-fsc-sertifioitu-montessori","status":"publish","type":"product","link":"https:\/\/nordicmart.andreevmaster.com\/fi\/tuote\/viga-puinen-toukkalevy-fsc-sertifioitu-montessori\/","title":{"rendered":"VIGA Puinen toukkalevy FSC-sertifioitu Montessori"},"content":{"rendered":"<p>Monitoiminen sein\u00e4levy, jossa on vieh\u00e4tt\u00e4v\u00e4 toukka-kuva. Sarja koostuu viidest\u00e4 eri toiminnoilla varustetusta levyst\u00e4. Levyt on eritt\u00e4in helppo koota ja purkaa sek\u00e4 kuljettaa. Toukkakuvalla varustettu levy on lelu, jolla useat lapset voivat leikki\u00e4 samanaikaisesti. Lapset voivat paitsi leikki\u00e4 hauskasti, my\u00f6s oppia paljon. Se auttaa heit\u00e4 oppimaan v\u00e4rej\u00e4, \u00e4\u00e4ni\u00e4 ja kuvia. Se kehitt\u00e4\u00e4 my\u00f6s k\u00e4si-silm\u00e4-koordinaatiota ja sosiaalisia taitoja.  Loistava yhdistelm\u00e4 leluja kouluille, p\u00e4iv\u00e4kodeille, oppimiskeskuksille ja julkisille paikoille. Tuote on tarkoitettu yli 18 kuukauden ik\u00e4isille lapsille. Ominaisuudet: * &#8211; sein\u00e4taulu, joka koostuu viidest\u00e4 toukkamaisesta osasta, * &#8211; jokainen osa on t\u00e4ysin erilainen lelu, joka opettaa leikin kautta, * &#8211; toukan p\u00e4\u00e4ss\u00e4 on metallinen silmukka, jossa on puiset helmet, joita lapsi voi liikuttaa labyrintiss\u00e4 haluamallaan tavalla,* &#8211; toisessa laudassa on eri kuvioiset py\u00f6r\u00e4t, jotka py\u00f6riv\u00e4t ja n\u00e4ytt\u00e4v\u00e4t lapselle h\u00e4mm\u00e4stytt\u00e4vi\u00e4 visuaalisia efektej\u00e4 py\u00f6r\u00e4n py\u00f6rimisnopeuden mukaan,<br \/>\n* &#8211; kolmannella laudalla lapsi voi oppia, mit\u00e4 v\u00e4rej\u00e4 syntyy sekoittamalla kolmea perusv\u00e4ri\u00e4: punaista, keltaista ja sinist\u00e4,<br \/>\n* &#8211; nelj\u00e4nness\u00e4 laudassa on viisi erilaista lukkoa. Avaamalla jokaisen lukon lapsi voi oppia viidest\u00e4 eri materiaalista (EVA, tarranauha, peili, huopakangas, aaltopahvi).<br \/>\n* &#8211; Viimeinen lauta n\u00e4ytt\u00e4\u00e4 ensi silm\u00e4yksell\u00e4 yksinkertaiselta v\u00e4lineelt\u00e4. Lapset voivat yhdistell\u00e4 erilaisia hammaspy\u00f6r\u00e4rakenteita itse.<br \/>\n* &#8211; lauta on eritt\u00e4in helppo koota, purkaa ja kuljettaa,<br \/>\n* &#8211; se on valmistettu lakatusta puusta,<br \/>\n* &#8211; maalattu myrkytt\u00f6mill\u00e4 maaleilla eloisilla v\u00e4reill\u00e4.Lelu:<\/p>\n<p>* &#8211; kehitt\u00e4\u00e4 loogista ajattelua,<br \/>\n* &#8211; auttaa oppimaan v\u00e4rej\u00e4,<br \/>\n* &#8211; auttaa oppimaan numeroita,<br \/>\n* &#8211; kehitt\u00e4\u00e4 lasten k\u00e4dentaitoja,<br \/>\n* &#8211; tukee aistitoimintoja,<br \/>\n* &#8211; kehitt\u00e4\u00e4 k\u00e4si-silm\u00e4-koordinaatiota,<br \/>\n* &#8211; opettaa tiimity\u00f6skentely\u00e4,<br \/>\n* &#8211; edist\u00e4\u00e4 jakamistaitoja.<\/p>\n<p>Eko-lelut on suunniteltu pienimmille lapsille ja valmistettu t\u00e4ysin luonnollisista, biohajoavista ja hypoallergeenisista materiaaleista, joten ne ovat 100 % turvallisia ja vaarattomia paitsi ymp\u00e4rist\u00f6lle my\u00f6s lapsellesi.<\/p>\n","protected":false},"excerpt":{"rendered":"<p>Monitoiminen sein\u00e4levy, jossa on vieh\u00e4tt\u00e4v\u00e4 toukka-kuva. Sarja koostuu viidest\u00e4 eri toiminnoilla varustetusta levyst\u00e4. Levyt on eritt\u00e4in helppo koota ja purkaa sek\u00e4 kuljettaa. Toukkakuvalla varustettu levy on lelu, jolla useat lapset voivat leikki\u00e4 samanaikaisesti. Lapset voivat paitsi leikki\u00e4 hauskasti, my\u00f6s oppia paljon. Se auttaa heit\u00e4 oppimaan v\u00e4rej\u00e4, \u00e4\u00e4ni\u00e4 ja kuvia. Se kehitt\u00e4\u00e4 my\u00f6s k\u00e4si-silm\u00e4-koordinaatiota ja sosiaalisia [&hellip;]<\/p>\n","protected":false},"featured_media":0,"comment_status":"open","ping_status":"closed","template":"","meta":[],"product_brand":[],"product_cat":[32],"product_tag":[],"class_list":{"0":"post-36899","1":"product","2":"type-product","3":"status-publish","5":"product_cat-uncategorized-fi","7":"first","8":"instock","9":"shipping-taxable","10":"purchasable","11":"product-type-simple"},"_links":{"self":[{"href":"https:\/\/nordicmart.andreevmaster.com\/fi\/wp-json\/wp\/v2\/product\/36899","targetHints":{"allow":["GET"]}}],"collection":[{"href":"https:\/\/nordicmart.andreevmaster.com\/fi\/wp-json\/wp\/v2\/product"}],"about":[{"href":"https:\/\/nordicmart.andreevmaster.com\/fi\/wp-json\/wp\/v2\/types\/product"}],"replies":[{"embeddable":true,"href":"https:\/\/nordicmart.andreevmaster.com\/fi\/wp-json\/wp\/v2\/comments?post=36899"}],"wp:attachment":[{"href":"https:\/\/nordicmart.andreevmaster.com\/fi\/wp-json\/wp\/v2\/media?parent=36899"}],"wp:term":[{"taxonomy":"product_brand","embeddable":true,"href":"https:\/\/nordicmart.andreevmaster.com\/fi\/wp-json\/wp\/v2\/product_brand?post=36899"},{"taxonomy":"product_cat","embeddable":true,"href":"https:\/\/nordicmart.andreevmaster.com\/fi\/wp-json\/wp\/v2\/product_cat?post=36899"},{"taxonomy":"product_tag","embeddable":true,"href":"https:\/\/nordicmart.andreevmaster.com\/fi\/wp-json\/wp\/v2\/product_tag?post=36899"}],"curies":[{"name":"wp","href":"https:\/\/api.w.org\/{rel}","templated":true}]}}