{"id":36898,"date":"2026-02-27T00:36:30","date_gmt":"2026-02-27T00:36:30","guid":{"rendered":"https:\/\/nordicmart.andreevmaster.com\/product\/viga-mobile-shop-ice-cream-parlor-confectionery-3-in-1-2\/"},"modified":"2026-02-27T09:53:46","modified_gmt":"2026-02-27T09:53:46","slug":"viga-mobile-shop-ice-cream-parlor-confectionery-3-in-1-2","status":"publish","type":"product","link":"https:\/\/nordicmart.andreevmaster.com\/fi\/tuote\/viga-mobile-shop-ice-cream-parlor-confectionery-3-in-1-2\/","title":{"rendered":"VIGA Mobile Shop Ice Cream Parlor Confectionery 3-in-1"},"content":{"rendered":"<p>3-in-1-kauppa, konditoria, j\u00e4\u00e4tel\u00f6baari on t\u00e4ydellinen lahja pienille kondiittoreille. Sarja on ihanteellinen lapsille, jotka haluavat leikki\u00e4 myyj\u00e4n tai kondiittorin roolia. T\u00e4m\u00e4n lelun ansiosta lapsesi voi tuntea itsens\u00e4 ammattimaiseksi kondiittorimyyj\u00e4ksi. Leluun kuuluu monia pieni\u00e4 lis\u00e4varusteita, kuten tikkukaramelleja, j\u00e4\u00e4tel\u00f6\u00e4, vohveleita ja lisukkeita. Lis\u00e4ksi kaupassa on taulu, johon lapset voivat piirt\u00e4\u00e4 tai kirjoittaa hinnat tai p\u00e4iv\u00e4n menun. Kaupassa on hylly, johon voi s\u00e4ilytt\u00e4\u00e4 erilaisia tavaroita. Koko setti on maalattu myrkytt\u00f6mill\u00e4 maaleilla pehmeill\u00e4 v\u00e4reill\u00e4, jotka her\u00e4tt\u00e4v\u00e4t lasten huomion.Ominaisuudet:<\/p>\n<p>* &#8211; sarjaa voidaan k\u00e4ytt\u00e4\u00e4 leipomona, j\u00e4\u00e4tel\u00f6baarina tai kaupan,<br \/>\n* &#8211; sarja on ihanteellinen roolileikkeihin myyj\u00e4n\u00e4,<br \/>\n* &#8211; sarja sis\u00e4lt\u00e4\u00e4 monia lis\u00e4varusteita &#8211; j\u00e4\u00e4tel\u00f6\u00e4, tikkukaramellit, vohvelit, lisukkeet,<br \/>\n* &#8211; kirjoitus- ja maalauslauta,<br \/>\n* &#8211; k\u00e4rryss\u00e4 on hylly,<br \/>\n* &#8211; koko setti on maalattu myrkytt\u00f6mill\u00e4 maaleilla,<br \/>\n* &#8211; setti on pehmeiss\u00e4 v\u00e4reiss\u00e4, jotka her\u00e4tt\u00e4v\u00e4t lasten huomion.<\/p>\n<p>Lelu kehitt\u00e4\u00e4:<\/p>\n<p>* &#8211; luovuutta,<br \/>\n* &#8211; mielikuvitusta,<br \/>\n* &#8211; roolileikkitaitoja,<br \/>\n* &#8211; viestint\u00e4\u00e4,<br \/>\n* &#8211; loogista ajattelua.<\/p>\n<p>Viga on vuonna 2003 rekister\u00f6ity tuotemerkki, joka on jo l\u00e4sn\u00e4 yli 60 maassa ymp\u00e4ri maailmaa. Sen innovatiiviset ideat ovat saaneet tunnustusta muun muassa Euroopassa, Yhdysvalloissa, Australiassa ja Japanissa. Yrityksen perustajat kiinnittiv\u00e4t huomiota tutkimustuloksiin, jotka osoittivat yhteyden leikin ja oppimisen v\u00e4lill\u00e4 lapsen kehityksen varhaisvuosina. Auttaakseen vanhempia ja oppilaitoksia kasvattamaan lapsia ja pelastamaan heid\u00e4t virtuaalimaailmalta, joka voi v\u00e4\u00e4rist\u00e4\u00e4 todellisuutta huomattavasti, valmistaja tarjoaa innovatiivisen tuotevalikoiman, joka on valmistettu luonnonmateriaaleista ymp\u00e4rist\u00f6yst\u00e4v\u00e4llisill\u00e4 tuotantoprosesseilla. Puutuotteiden turvallisuus ja laatu ovat Vigi-yritykselle ensisijaisen t\u00e4rkeit\u00e4, ja valmistaja on varmistanut, ett\u00e4 lelujen maalaamiseen k\u00e4ytetyt maalit t\u00e4ytt\u00e4v\u00e4t EN71- ja ASTM-turvallisuusstandardit.<\/p>\n","protected":false},"excerpt":{"rendered":"<p>3-in-1-kauppa, konditoria, j\u00e4\u00e4tel\u00f6baari on t\u00e4ydellinen lahja pienille kondiittoreille. Sarja on ihanteellinen lapsille, jotka haluavat leikki\u00e4 myyj\u00e4n tai kondiittorin roolia. T\u00e4m\u00e4n lelun ansiosta lapsesi voi tuntea itsens\u00e4 ammattimaiseksi kondiittorimyyj\u00e4ksi. Leluun kuuluu monia pieni\u00e4 lis\u00e4varusteita, kuten tikkukaramelleja, j\u00e4\u00e4tel\u00f6\u00e4, vohveleita ja lisukkeita. Lis\u00e4ksi kaupassa on taulu, johon lapset voivat piirt\u00e4\u00e4 tai kirjoittaa hinnat tai p\u00e4iv\u00e4n menun. Kaupassa on [&hellip;]<\/p>\n","protected":false},"featured_media":0,"comment_status":"open","ping_status":"closed","template":"","meta":[],"product_brand":[],"product_cat":[32],"product_tag":[],"class_list":{"0":"post-36898","1":"product","2":"type-product","3":"status-publish","5":"product_cat-uncategorized-fi","7":"first","8":"instock","9":"shipping-taxable","10":"purchasable","11":"product-type-simple"},"_links":{"self":[{"href":"https:\/\/nordicmart.andreevmaster.com\/fi\/wp-json\/wp\/v2\/product\/36898","targetHints":{"allow":["GET"]}}],"collection":[{"href":"https:\/\/nordicmart.andreevmaster.com\/fi\/wp-json\/wp\/v2\/product"}],"about":[{"href":"https:\/\/nordicmart.andreevmaster.com\/fi\/wp-json\/wp\/v2\/types\/product"}],"replies":[{"embeddable":true,"href":"https:\/\/nordicmart.andreevmaster.com\/fi\/wp-json\/wp\/v2\/comments?post=36898"}],"wp:attachment":[{"href":"https:\/\/nordicmart.andreevmaster.com\/fi\/wp-json\/wp\/v2\/media?parent=36898"}],"wp:term":[{"taxonomy":"product_brand","embeddable":true,"href":"https:\/\/nordicmart.andreevmaster.com\/fi\/wp-json\/wp\/v2\/product_brand?post=36898"},{"taxonomy":"product_cat","embeddable":true,"href":"https:\/\/nordicmart.andreevmaster.com\/fi\/wp-json\/wp\/v2\/product_cat?post=36898"},{"taxonomy":"product_tag","embeddable":true,"href":"https:\/\/nordicmart.andreevmaster.com\/fi\/wp-json\/wp\/v2\/product_tag?post=36898"}],"curies":[{"name":"wp","href":"https:\/\/api.w.org\/{rel}","templated":true}]}}