{"id":36897,"date":"2026-02-27T00:36:30","date_gmt":"2026-02-27T00:36:30","guid":{"rendered":"https:\/\/nordicmart.andreevmaster.com\/product\/viga-monitoiminen-puinen-laakarikeskus\/"},"modified":"2026-02-27T09:53:46","modified_gmt":"2026-02-27T09:53:46","slug":"viga-monitoiminen-puinen-laakarikeskus","status":"publish","type":"product","link":"https:\/\/nordicmart.andreevmaster.com\/fi\/tuote\/viga-monitoiminen-puinen-laakarikeskus\/","title":{"rendered":"VIGA Monitoiminen puinen l\u00e4\u00e4k\u00e4rikeskus"},"content":{"rendered":"<p>Tunnettujen ja arvostettujen Viga-tuotteiden monitoiminen l\u00e4\u00e4k\u00e4rikeskus on upea lelu, jonka avulla lapsesi voi oppia lis\u00e4\u00e4 l\u00e4\u00e4k\u00e4rin tai sairaanhoitajan ammatista. Sarja sis\u00e4lt\u00e4\u00e4 l\u00e4\u00e4k\u00e4rin vastaanoton, odotushuoneet, pesualtaan ja vastaanottotiski. Lis\u00e4ksi mukana on ammattimaisia l\u00e4\u00e4k\u00e4rinv\u00e4lineit\u00e4, kuten stetoskooppi, verenpainemittari, refleksivasara, l\u00e4mp\u00f6mittari, r\u00f6ntgenlaitteet, ruiskut, tabletit ja pilleriastiat. Leikin avulla voimme selitt\u00e4\u00e4 lapsille, mit\u00e4 l\u00e4\u00e4k\u00e4rin ty\u00f6 sis\u00e4lt\u00e4\u00e4, ja voimme leikki\u00e4 l\u00e4\u00e4k\u00e4ri\u00e4, sairaanhoitajaa tai potilasta. Se on ihanteellinen tapa tutustuttaa lapset l\u00e4\u00e4k\u00e4rik\u00e4ynnin kulkuun, erityisesti ne, jotka pelk\u00e4\u00e4v\u00e4t menn\u00e4 l\u00e4\u00e4k\u00e4rin vastaanotolle. Se on loistava tuote pienille, jotka haluavat tulevaisuudessa l\u00e4\u00e4k\u00e4riksi. Lelu on ihanteellinen roolileikkeihin, ja se auttaa kehitt\u00e4m\u00e4\u00e4n lasten mielikuvitusta ja sosiaalisia taitoja. Sopii yli 3-vuotiaille lapsille.Ominaisuudet:<\/p>\n<p>* &#8211; puinen monitoiminen l\u00e4\u00e4k\u00e4rikeskus,<br \/>\n* &#8211; sarja sis\u00e4lt\u00e4\u00e4 l\u00e4\u00e4k\u00e4rin vastaanoton, odotushuoneen, pesualtaan ja vastaanottotiski,<br \/>\n* &#8211; mukana on my\u00f6s ammattimaisia l\u00e4\u00e4k\u00e4rin v\u00e4lineit\u00e4, kuten: verenpainemittari, stetoskooppi, l\u00e4mp\u00f6mittari, refleksivasara (neurologinen), l\u00e4mp\u00f6mittari, r\u00f6ntgenlaitteet, ruiskut, pakkauksessa olevat pillerit, l\u00e4\u00e4ke pullot,<br \/>\n* &#8211; lelu voi v\u00e4hent\u00e4\u00e4 lapsen pelkoa l\u00e4\u00e4k\u00e4rik\u00e4ynneist\u00e4,<br \/>\n* &#8211; koko tuote on valmistettu lakatusta puusta ja maalattu myrkytt\u00f6mill\u00e4 maaleilla eloisilla v\u00e4reill\u00e4, jotka tyydytt\u00e4v\u00e4t jokaista k\u00e4ytt\u00e4j\u00e4\u00e4 ja tarjoavat heille paljon hauskaa.<\/p>\n<p>Lelu kehitt\u00e4\u00e4:<\/p>\n<p>* &#8211; lapsen mielikuvitusta,<br \/>\n* &#8211; lapsen luovuutta,<br \/>\n* &#8211; sosiaalisia taitoja,<br \/>\n* &#8211; hieno- ja karkeamotorisia taitoja.<\/p>\n<p>Eco-lelut on suunniteltu pienimmille lapsille ja valmistettu t\u00e4ysin luonnollisista, biohajoavista ja hypoallergeenisista materiaaleista, joten ne ovat 100 % turvallisia ja vaarattomia paitsi ymp\u00e4rist\u00f6lle my\u00f6s lapsellesi.<\/p>\n","protected":false},"excerpt":{"rendered":"<p>Tunnettujen ja arvostettujen Viga-tuotteiden monitoiminen l\u00e4\u00e4k\u00e4rikeskus on upea lelu, jonka avulla lapsesi voi oppia lis\u00e4\u00e4 l\u00e4\u00e4k\u00e4rin tai sairaanhoitajan ammatista. Sarja sis\u00e4lt\u00e4\u00e4 l\u00e4\u00e4k\u00e4rin vastaanoton, odotushuoneet, pesualtaan ja vastaanottotiski. Lis\u00e4ksi mukana on ammattimaisia l\u00e4\u00e4k\u00e4rinv\u00e4lineit\u00e4, kuten stetoskooppi, verenpainemittari, refleksivasara, l\u00e4mp\u00f6mittari, r\u00f6ntgenlaitteet, ruiskut, tabletit ja pilleriastiat. Leikin avulla voimme selitt\u00e4\u00e4 lapsille, mit\u00e4 l\u00e4\u00e4k\u00e4rin ty\u00f6 sis\u00e4lt\u00e4\u00e4, ja voimme leikki\u00e4 l\u00e4\u00e4k\u00e4ri\u00e4, [&hellip;]<\/p>\n","protected":false},"featured_media":0,"comment_status":"open","ping_status":"closed","template":"","meta":[],"product_brand":[],"product_cat":[32],"product_tag":[],"class_list":{"0":"post-36897","1":"product","2":"type-product","3":"status-publish","5":"product_cat-uncategorized-fi","7":"first","8":"instock","9":"shipping-taxable","10":"purchasable","11":"product-type-simple"},"_links":{"self":[{"href":"https:\/\/nordicmart.andreevmaster.com\/fi\/wp-json\/wp\/v2\/product\/36897","targetHints":{"allow":["GET"]}}],"collection":[{"href":"https:\/\/nordicmart.andreevmaster.com\/fi\/wp-json\/wp\/v2\/product"}],"about":[{"href":"https:\/\/nordicmart.andreevmaster.com\/fi\/wp-json\/wp\/v2\/types\/product"}],"replies":[{"embeddable":true,"href":"https:\/\/nordicmart.andreevmaster.com\/fi\/wp-json\/wp\/v2\/comments?post=36897"}],"wp:attachment":[{"href":"https:\/\/nordicmart.andreevmaster.com\/fi\/wp-json\/wp\/v2\/media?parent=36897"}],"wp:term":[{"taxonomy":"product_brand","embeddable":true,"href":"https:\/\/nordicmart.andreevmaster.com\/fi\/wp-json\/wp\/v2\/product_brand?post=36897"},{"taxonomy":"product_cat","embeddable":true,"href":"https:\/\/nordicmart.andreevmaster.com\/fi\/wp-json\/wp\/v2\/product_cat?post=36897"},{"taxonomy":"product_tag","embeddable":true,"href":"https:\/\/nordicmart.andreevmaster.com\/fi\/wp-json\/wp\/v2\/product_tag?post=36897"}],"curies":[{"name":"wp","href":"https:\/\/api.w.org\/{rel}","templated":true}]}}