{"id":36896,"date":"2026-02-27T00:36:30","date_gmt":"2026-02-27T00:36:30","guid":{"rendered":"https:\/\/nordicmart.andreevmaster.com\/product\/viga-puinen-kalastuspeli-fsc\/"},"modified":"2026-02-27T09:53:45","modified_gmt":"2026-02-27T09:53:45","slug":"viga-puinen-kalastuspeli-fsc","status":"publish","type":"product","link":"https:\/\/nordicmart.andreevmaster.com\/fi\/tuote\/viga-puinen-kalastuspeli-fsc\/","title":{"rendered":"VIGA Puinen kalastuspeli FSC"},"content":{"rendered":"<p>Lapset rakastavat erilaisia pelej\u00e4 ja viett\u00e4\u00e4 aikaa vanhempiensa ja ik\u00e4tovereidensa kanssa. He oppivat kilpailemaan jo varhaisesta i\u00e4st\u00e4 l\u00e4htien, mutta se tulee luonnollisimmin esiin leikin yhteydess\u00e4. Kalastuspeli on nyt saatavana uudessa versiossa \u2013 puup\u00f6yt\u00e4n\u00e4. Ominaisuudet: * &#8211; lelu sis\u00e4lt\u00e4\u00e4 puisen pelip\u00f6yd\u00e4n, 4 onkea ja 40 kalaa, * &#8211; kalat ovat nelj\u00e4\u00e4 eri v\u00e4ri\u00e4 ja niiden sel\u00e4ss\u00e4 on numeroita, * &#8211; lapset voivat j\u00e4rjest\u00e4\u00e4 kalastuskilpailuja ja kilpailla numeropeleiss\u00e4.<\/p>\n<p>Lelu kehitt\u00e4\u00e4:<\/p>\n<p>* &#8211; k\u00e4si-silm\u00e4-koordinaatiota,<br \/>\n* &#8211; loogista ajattelua,<br \/>\n* &#8211; sosiaalisia taitoja,<br \/>\n* &#8211; motorisia taitoja.<\/p>\n","protected":false},"excerpt":{"rendered":"<p>Lapset rakastavat erilaisia pelej\u00e4 ja viett\u00e4\u00e4 aikaa vanhempiensa ja ik\u00e4tovereidensa kanssa. He oppivat kilpailemaan jo varhaisesta i\u00e4st\u00e4 l\u00e4htien, mutta se tulee luonnollisimmin esiin leikin yhteydess\u00e4. Kalastuspeli on nyt saatavana uudessa versiossa \u2013 puup\u00f6yt\u00e4n\u00e4. Ominaisuudet: * &#8211; lelu sis\u00e4lt\u00e4\u00e4 puisen pelip\u00f6yd\u00e4n, 4 onkea ja 40 kalaa, * &#8211; kalat ovat nelj\u00e4\u00e4 eri v\u00e4ri\u00e4 ja niiden sel\u00e4ss\u00e4 [&hellip;]<\/p>\n","protected":false},"featured_media":0,"comment_status":"open","ping_status":"closed","template":"","meta":[],"product_brand":[],"product_cat":[32],"product_tag":[],"class_list":{"0":"post-36896","1":"product","2":"type-product","3":"status-publish","5":"product_cat-uncategorized-fi","7":"first","8":"instock","9":"shipping-taxable","10":"purchasable","11":"product-type-simple"},"_links":{"self":[{"href":"https:\/\/nordicmart.andreevmaster.com\/fi\/wp-json\/wp\/v2\/product\/36896","targetHints":{"allow":["GET"]}}],"collection":[{"href":"https:\/\/nordicmart.andreevmaster.com\/fi\/wp-json\/wp\/v2\/product"}],"about":[{"href":"https:\/\/nordicmart.andreevmaster.com\/fi\/wp-json\/wp\/v2\/types\/product"}],"replies":[{"embeddable":true,"href":"https:\/\/nordicmart.andreevmaster.com\/fi\/wp-json\/wp\/v2\/comments?post=36896"}],"wp:attachment":[{"href":"https:\/\/nordicmart.andreevmaster.com\/fi\/wp-json\/wp\/v2\/media?parent=36896"}],"wp:term":[{"taxonomy":"product_brand","embeddable":true,"href":"https:\/\/nordicmart.andreevmaster.com\/fi\/wp-json\/wp\/v2\/product_brand?post=36896"},{"taxonomy":"product_cat","embeddable":true,"href":"https:\/\/nordicmart.andreevmaster.com\/fi\/wp-json\/wp\/v2\/product_cat?post=36896"},{"taxonomy":"product_tag","embeddable":true,"href":"https:\/\/nordicmart.andreevmaster.com\/fi\/wp-json\/wp\/v2\/product_tag?post=36896"}],"curies":[{"name":"wp","href":"https:\/\/api.w.org\/{rel}","templated":true}]}}