{"id":36895,"date":"2026-02-27T00:36:30","date_gmt":"2026-02-27T00:36:30","guid":{"rendered":"https:\/\/nordicmart.andreevmaster.com\/product\/viga-puinen-kassakone-harmaa-ja-valkoinen\/"},"modified":"2026-02-27T09:53:45","modified_gmt":"2026-02-27T09:53:45","slug":"viga-puinen-kassakone-harmaa-ja-valkoinen","status":"publish","type":"product","link":"https:\/\/nordicmart.andreevmaster.com\/fi\/tuote\/viga-puinen-kassakone-harmaa-ja-valkoinen\/","title":{"rendered":"VIGA Puinen kassakone, harmaa ja valkoinen"},"content":{"rendered":"<p>Kassakone on upea puinen lelu, jonka avulla lapset voivat leikki\u00e4 monia kaupan tilanteita. Lapset voivat leikki\u00e4 kassaneiti\u00e4 tai asiakasta ja harjoitella yhdess\u00e4 sosiaalista vuorovaikutusta ja viestint\u00e4taitoja. K\u00e4teisell\u00e4 vai kortilla? Laske kokonaissumma, ota rahat vastaan ja anna oikea vaihtoraha. Kassakoneessa on seteleit\u00e4, kolikoita ja maksukortti. Lapset oppivat leikkim\u00e4ll\u00e4! Tieteiden kuningatar \u2013 matematiikka \u2013 ei en\u00e4\u00e4 pelota. Ominaisuudet: * &#8211; kassakoneessa on n\u00e4ytt\u00f6, jossa on laskuv\u00e4line, * &#8211; sarjaan kuuluu seteleit\u00e4, kolikoita ja maksukortti, * &#8211; ulosvedett\u00e4v\u00e4n laatikon, skannerin, painikkeiden ja paperirullan ansiosta lapsesi tuntee k\u00e4ytt\u00e4v\u00e4ns\u00e4 aitoa kassakonetta.<\/p>\n<p>Lelu kehitt\u00e4\u00e4:<\/p>\n<p>* &#8211; laskemistaitoja,<br \/>\n* &#8211; sosiaalisia taitoja,<br \/>\n* &#8211; viestint\u00e4taitoja,<br \/>\n* &#8211; loogista ajattelua,<br \/>\n* &#8211; mielikuvitusta.<\/p>\n","protected":false},"excerpt":{"rendered":"<p>Kassakone on upea puinen lelu, jonka avulla lapset voivat leikki\u00e4 monia kaupan tilanteita. Lapset voivat leikki\u00e4 kassaneiti\u00e4 tai asiakasta ja harjoitella yhdess\u00e4 sosiaalista vuorovaikutusta ja viestint\u00e4taitoja. K\u00e4teisell\u00e4 vai kortilla? Laske kokonaissumma, ota rahat vastaan ja anna oikea vaihtoraha. Kassakoneessa on seteleit\u00e4, kolikoita ja maksukortti. Lapset oppivat leikkim\u00e4ll\u00e4! Tieteiden kuningatar \u2013 matematiikka \u2013 ei en\u00e4\u00e4 pelota. [&hellip;]<\/p>\n","protected":false},"featured_media":0,"comment_status":"open","ping_status":"closed","template":"","meta":[],"product_brand":[],"product_cat":[32],"product_tag":[],"class_list":{"0":"post-36895","1":"product","2":"type-product","3":"status-publish","5":"product_cat-uncategorized-fi","7":"first","8":"instock","9":"shipping-taxable","10":"purchasable","11":"product-type-simple"},"_links":{"self":[{"href":"https:\/\/nordicmart.andreevmaster.com\/fi\/wp-json\/wp\/v2\/product\/36895","targetHints":{"allow":["GET"]}}],"collection":[{"href":"https:\/\/nordicmart.andreevmaster.com\/fi\/wp-json\/wp\/v2\/product"}],"about":[{"href":"https:\/\/nordicmart.andreevmaster.com\/fi\/wp-json\/wp\/v2\/types\/product"}],"replies":[{"embeddable":true,"href":"https:\/\/nordicmart.andreevmaster.com\/fi\/wp-json\/wp\/v2\/comments?post=36895"}],"wp:attachment":[{"href":"https:\/\/nordicmart.andreevmaster.com\/fi\/wp-json\/wp\/v2\/media?parent=36895"}],"wp:term":[{"taxonomy":"product_brand","embeddable":true,"href":"https:\/\/nordicmart.andreevmaster.com\/fi\/wp-json\/wp\/v2\/product_brand?post=36895"},{"taxonomy":"product_cat","embeddable":true,"href":"https:\/\/nordicmart.andreevmaster.com\/fi\/wp-json\/wp\/v2\/product_cat?post=36895"},{"taxonomy":"product_tag","embeddable":true,"href":"https:\/\/nordicmart.andreevmaster.com\/fi\/wp-json\/wp\/v2\/product_tag?post=36895"}],"curies":[{"name":"wp","href":"https:\/\/api.w.org\/{rel}","templated":true}]}}