{"id":36894,"date":"2026-02-27T00:36:29","date_gmt":"2026-02-27T00:36:29","guid":{"rendered":"https:\/\/nordicmart.andreevmaster.com\/product\/viga-puinen-valipala-ja-juomasetti-12-ruokaa\/"},"modified":"2026-02-27T09:53:45","modified_gmt":"2026-02-27T09:53:45","slug":"viga-puinen-valipala-ja-juomasetti-12-ruokaa","status":"publish","type":"product","link":"https:\/\/nordicmart.andreevmaster.com\/fi\/tuote\/viga-puinen-valipala-ja-juomasetti-12-ruokaa\/","title":{"rendered":"VIGA Puinen v\u00e4lipala- ja juomasetti, 12 ruokaa"},"content":{"rendered":"<p>T\u00e4m\u00e4 12 ruoan setti tunnetulta Viga-br\u00e4ndilt\u00e4 on loistava lis\u00e4 lapsesi p\u00e4ivitt\u00e4iseen leikkiin. Se tuo vaihtelua kaikkiin leikkeihin kotona tai kaupassa ja antaa lapsellesi mahdollisuuden leikki\u00e4 oikeaa kotirouvaa. Ostosten tekeminen ei ole en\u00e4\u00e4 ongelma, vaan siit\u00e4 tulee hauskaa pienille lapsille. Lapsesi voi j\u00e4ljitell\u00e4 suurinta esikuvaansa, \u00e4iti\u00e4\u00e4n. Sarja on suunniteltu pienten lasten k\u00e4si\u00e4 silm\u00e4ll\u00e4 pit\u00e4en, eik\u00e4 siin\u00e4 ole ter\u00e4vi\u00e4 reunoja, joten se on t\u00e4ysin turvallinen lapsille. <\/p>\n<p>Lelu on valmistettu korkealaatuisesta puusta, mik\u00e4 takaa sen kest\u00e4vyyden. Lelun valmistuksessa k\u00e4ytetyt materiaalit ja maalit ovat ymp\u00e4rist\u00f6yst\u00e4v\u00e4llisi\u00e4 ja t\u00e4ysin turvallisia.<\/p>\n<p>Ominaisuudet:<\/p>\n<p>* &#8211; sarja sis\u00e4lt\u00e4\u00e4 12 elintarviketta,<br \/>\n* &#8211; valmistettu korkealaatuisesta materiaalista,<br \/>\n* &#8211; maalattu myrkytt\u00f6mill\u00e4, lapsille turvallisilla maaleilla. <\/p>\n<p>Lelu kehitt\u00e4\u00e4:<\/p>\n<p>* &#8211; motorisia taitoja,<br \/>\n* &#8211; luovuutta,<br \/>\n* &#8211; mielikuvitusta.<\/p>\n","protected":false},"excerpt":{"rendered":"<p>T\u00e4m\u00e4 12 ruoan setti tunnetulta Viga-br\u00e4ndilt\u00e4 on loistava lis\u00e4 lapsesi p\u00e4ivitt\u00e4iseen leikkiin. Se tuo vaihtelua kaikkiin leikkeihin kotona tai kaupassa ja antaa lapsellesi mahdollisuuden leikki\u00e4 oikeaa kotirouvaa. Ostosten tekeminen ei ole en\u00e4\u00e4 ongelma, vaan siit\u00e4 tulee hauskaa pienille lapsille. Lapsesi voi j\u00e4ljitell\u00e4 suurinta esikuvaansa, \u00e4iti\u00e4\u00e4n. Sarja on suunniteltu pienten lasten k\u00e4si\u00e4 silm\u00e4ll\u00e4 pit\u00e4en, eik\u00e4 siin\u00e4 [&hellip;]<\/p>\n","protected":false},"featured_media":0,"comment_status":"open","ping_status":"closed","template":"","meta":[],"product_brand":[],"product_cat":[32],"product_tag":[],"class_list":{"0":"post-36894","1":"product","2":"type-product","3":"status-publish","5":"product_cat-uncategorized-fi","7":"first","8":"instock","9":"shipping-taxable","10":"purchasable","11":"product-type-simple"},"_links":{"self":[{"href":"https:\/\/nordicmart.andreevmaster.com\/fi\/wp-json\/wp\/v2\/product\/36894","targetHints":{"allow":["GET"]}}],"collection":[{"href":"https:\/\/nordicmart.andreevmaster.com\/fi\/wp-json\/wp\/v2\/product"}],"about":[{"href":"https:\/\/nordicmart.andreevmaster.com\/fi\/wp-json\/wp\/v2\/types\/product"}],"replies":[{"embeddable":true,"href":"https:\/\/nordicmart.andreevmaster.com\/fi\/wp-json\/wp\/v2\/comments?post=36894"}],"wp:attachment":[{"href":"https:\/\/nordicmart.andreevmaster.com\/fi\/wp-json\/wp\/v2\/media?parent=36894"}],"wp:term":[{"taxonomy":"product_brand","embeddable":true,"href":"https:\/\/nordicmart.andreevmaster.com\/fi\/wp-json\/wp\/v2\/product_brand?post=36894"},{"taxonomy":"product_cat","embeddable":true,"href":"https:\/\/nordicmart.andreevmaster.com\/fi\/wp-json\/wp\/v2\/product_cat?post=36894"},{"taxonomy":"product_tag","embeddable":true,"href":"https:\/\/nordicmart.andreevmaster.com\/fi\/wp-json\/wp\/v2\/product_tag?post=36894"}],"curies":[{"name":"wp","href":"https:\/\/api.w.org\/{rel}","templated":true}]}}