{"id":36893,"date":"2026-02-27T00:36:29","date_gmt":"2026-02-27T00:36:29","guid":{"rendered":"https:\/\/nordicmart.andreevmaster.com\/product\/viga-puinen-hedelma-ja-vihanneset-10-laatikkoa\/"},"modified":"2026-02-27T09:53:45","modified_gmt":"2026-02-27T09:53:45","slug":"viga-puinen-hedelma-ja-vihanneset-10-laatikkoa","status":"publish","type":"product","link":"https:\/\/nordicmart.andreevmaster.com\/fi\/tuote\/viga-puinen-hedelma-ja-vihanneset-10-laatikkoa\/","title":{"rendered":"VIGA Puinen hedelm\u00e4- ja vihanneset, 10 laatikkoa"},"content":{"rendered":"<p>Tunnettujen Viga-tuotemerkin puiset hedelm\u00e4t ja vihannekset laatikoissa ovat t\u00e4ydellinen tuote lapsellesi. 10 kauniissa puulaatikossa on p\u00e4\u00e4ryn\u00f6it\u00e4, appelsiineja, kiivej\u00e4, porkkanoita, sieni\u00e4, sitruunoita, omenoita, valkosipulia, munakoisoja ja banaaneja. T\u00e4m\u00e4 on loistava tuote leikkim\u00e4\u00e4n ruokakauppaa tai vihanneskauppaa. Lapsesi leikkii myyj\u00e4n roolia, ja sin\u00e4 ostat h\u00e4nelt\u00e4 tuotteita, ja sitten vaihdatte rooleja! T\u00e4llaisissa leikeiss\u00e4 lapsesi oppii matematiikan perusteet laskemisen kautta ja liiketoiminnan perusteet. <\/p>\n<p>Lelu on valmistettu korkealaatuisesta puusta, mik\u00e4 takaa sen kest\u00e4vyyden. Lelun valmistuksessa k\u00e4ytetyt materiaalit ja maalit ovat ymp\u00e4rist\u00f6yst\u00e4v\u00e4llisi\u00e4 ja t\u00e4ysin turvallisia.<\/p>\n<p>Ominaisuudet:<\/p>\n<p>* &#8211; sarja sis\u00e4lt\u00e4\u00e4 10 laatikkoa, joissa on 10 erilaista hedelm\u00e4\u00e4 ja vihannesta: p\u00e4\u00e4ryn\u00e4t, appelsiinit, kiivit, porkkanat, sienet, sitruunat, omenat, valkosipuli, munakoisot ja banaanit<br \/>\n* &#8211; valmistettu korkealaatuisesta materiaalista,<br \/>\n* &#8211; maalattu myrkytt\u00f6mill\u00e4, lapsille turvallisilla maaleilla,<\/p>\n<p>Lelu kehitt\u00e4\u00e4:<\/p>\n<p>* &#8211; motorisia taitoja,<br \/>\n* &#8211; loogista ajattelua,<br \/>\n* &#8211; luovuutta,<br \/>\n* &#8211; mielikuvitusta.<\/p>\n","protected":false},"excerpt":{"rendered":"<p>Tunnettujen Viga-tuotemerkin puiset hedelm\u00e4t ja vihannekset laatikoissa ovat t\u00e4ydellinen tuote lapsellesi. 10 kauniissa puulaatikossa on p\u00e4\u00e4ryn\u00f6it\u00e4, appelsiineja, kiivej\u00e4, porkkanoita, sieni\u00e4, sitruunoita, omenoita, valkosipulia, munakoisoja ja banaaneja. T\u00e4m\u00e4 on loistava tuote leikkim\u00e4\u00e4n ruokakauppaa tai vihanneskauppaa. Lapsesi leikkii myyj\u00e4n roolia, ja sin\u00e4 ostat h\u00e4nelt\u00e4 tuotteita, ja sitten vaihdatte rooleja! T\u00e4llaisissa leikeiss\u00e4 lapsesi oppii matematiikan perusteet laskemisen kautta [&hellip;]<\/p>\n","protected":false},"featured_media":0,"comment_status":"open","ping_status":"closed","template":"","meta":[],"product_brand":[],"product_cat":[32],"product_tag":[],"class_list":{"0":"post-36893","1":"product","2":"type-product","3":"status-publish","5":"product_cat-uncategorized-fi","7":"first","8":"instock","9":"shipping-taxable","10":"purchasable","11":"product-type-simple"},"_links":{"self":[{"href":"https:\/\/nordicmart.andreevmaster.com\/fi\/wp-json\/wp\/v2\/product\/36893","targetHints":{"allow":["GET"]}}],"collection":[{"href":"https:\/\/nordicmart.andreevmaster.com\/fi\/wp-json\/wp\/v2\/product"}],"about":[{"href":"https:\/\/nordicmart.andreevmaster.com\/fi\/wp-json\/wp\/v2\/types\/product"}],"replies":[{"embeddable":true,"href":"https:\/\/nordicmart.andreevmaster.com\/fi\/wp-json\/wp\/v2\/comments?post=36893"}],"wp:attachment":[{"href":"https:\/\/nordicmart.andreevmaster.com\/fi\/wp-json\/wp\/v2\/media?parent=36893"}],"wp:term":[{"taxonomy":"product_brand","embeddable":true,"href":"https:\/\/nordicmart.andreevmaster.com\/fi\/wp-json\/wp\/v2\/product_brand?post=36893"},{"taxonomy":"product_cat","embeddable":true,"href":"https:\/\/nordicmart.andreevmaster.com\/fi\/wp-json\/wp\/v2\/product_cat?post=36893"},{"taxonomy":"product_tag","embeddable":true,"href":"https:\/\/nordicmart.andreevmaster.com\/fi\/wp-json\/wp\/v2\/product_tag?post=36893"}],"curies":[{"name":"wp","href":"https:\/\/api.w.org\/{rel}","templated":true}]}}