{"id":36892,"date":"2026-02-27T00:36:29","date_gmt":"2026-02-27T00:36:29","guid":{"rendered":"https:\/\/nordicmart.andreevmaster.com\/product\/viga-puinen-jaakaappi-liitutaululla\/"},"modified":"2026-02-27T09:53:45","modified_gmt":"2026-02-27T09:53:45","slug":"viga-puinen-jaakaappi-liitutaululla","status":"publish","type":"product","link":"https:\/\/nordicmart.andreevmaster.com\/fi\/tuote\/viga-puinen-jaakaappi-liitutaululla\/","title":{"rendered":"Viga puinen j\u00e4\u00e4kaappi liitutaululla"},"content":{"rendered":"<p>Lis\u00e4\u00e4 vieh\u00e4tt\u00e4v\u00e4 puinen Viga-j\u00e4\u00e4kaappi lapsesi leikkikulmaan. T\u00e4m\u00e4 realistinen lelu on loistava tapa kehitt\u00e4\u00e4 mielikuvitusta ja luovuutta leikkiess\u00e4. J\u00e4\u00e4kaapissa on kaksi osastoa \u2013 pakastin ja j\u00e4\u00e4kaappi \u2013 joten lapsesi voi kuvitella s\u00e4ilytt\u00e4v\u00e4ns\u00e4 ruokia oikeassa l\u00e4mp\u00f6tilassa. Lis\u00e4ksi j\u00e4\u00e4kaapin ovessa on liitutaulu, johon lapsesi voi kirjoittaa ostoslistoja tai piirt\u00e4\u00e4 kuvia.<br \/>\n\u2705 Ominaisuudet:<br \/>\n\u2714\ufe0f Lelu 3-vuotiaille ja sit\u00e4 vanhemmille lapsille. \u2714\ufe0f Valmistettu korkealaatuisista, myrkytt\u00f6mist\u00e4 materiaaleista, jotka ovat turvallisia lapsille. \u2714\ufe0f J\u00e4\u00e4kaapin avulla lapset voivat leikki\u00e4 kokkia ja kehitt\u00e4\u00e4 luovuuttaan. \u2714\ufe0f Lapset oppivat ruoan s\u00e4ilytt\u00e4misest\u00e4. \u2714\ufe0f J\u00e4\u00e4kaappi on eritt\u00e4in houkutteleva ja sopii koristeeksi mihin tahansa lasten keitti\u00f6\u00f6n.<\/p>\n","protected":false},"excerpt":{"rendered":"<p>Lis\u00e4\u00e4 vieh\u00e4tt\u00e4v\u00e4 puinen Viga-j\u00e4\u00e4kaappi lapsesi leikkikulmaan. T\u00e4m\u00e4 realistinen lelu on loistava tapa kehitt\u00e4\u00e4 mielikuvitusta ja luovuutta leikkiess\u00e4. J\u00e4\u00e4kaapissa on kaksi osastoa \u2013 pakastin ja j\u00e4\u00e4kaappi \u2013 joten lapsesi voi kuvitella s\u00e4ilytt\u00e4v\u00e4ns\u00e4 ruokia oikeassa l\u00e4mp\u00f6tilassa. Lis\u00e4ksi j\u00e4\u00e4kaapin ovessa on liitutaulu, johon lapsesi voi kirjoittaa ostoslistoja tai piirt\u00e4\u00e4 kuvia. \u2705 Ominaisuudet: \u2714\ufe0f Lelu 3-vuotiaille ja sit\u00e4 vanhemmille [&hellip;]<\/p>\n","protected":false},"featured_media":0,"comment_status":"open","ping_status":"closed","template":"","meta":[],"product_brand":[],"product_cat":[32],"product_tag":[],"class_list":{"0":"post-36892","1":"product","2":"type-product","3":"status-publish","5":"product_cat-uncategorized-fi","7":"first","8":"instock","9":"shipping-taxable","10":"purchasable","11":"product-type-simple"},"_links":{"self":[{"href":"https:\/\/nordicmart.andreevmaster.com\/fi\/wp-json\/wp\/v2\/product\/36892","targetHints":{"allow":["GET"]}}],"collection":[{"href":"https:\/\/nordicmart.andreevmaster.com\/fi\/wp-json\/wp\/v2\/product"}],"about":[{"href":"https:\/\/nordicmart.andreevmaster.com\/fi\/wp-json\/wp\/v2\/types\/product"}],"replies":[{"embeddable":true,"href":"https:\/\/nordicmart.andreevmaster.com\/fi\/wp-json\/wp\/v2\/comments?post=36892"}],"wp:attachment":[{"href":"https:\/\/nordicmart.andreevmaster.com\/fi\/wp-json\/wp\/v2\/media?parent=36892"}],"wp:term":[{"taxonomy":"product_brand","embeddable":true,"href":"https:\/\/nordicmart.andreevmaster.com\/fi\/wp-json\/wp\/v2\/product_brand?post=36892"},{"taxonomy":"product_cat","embeddable":true,"href":"https:\/\/nordicmart.andreevmaster.com\/fi\/wp-json\/wp\/v2\/product_cat?post=36892"},{"taxonomy":"product_tag","embeddable":true,"href":"https:\/\/nordicmart.andreevmaster.com\/fi\/wp-json\/wp\/v2\/product_tag?post=36892"}],"curies":[{"name":"wp","href":"https:\/\/api.w.org\/{rel}","templated":true}]}}