{"id":36891,"date":"2026-02-27T00:36:28","date_gmt":"2026-02-27T00:36:28","guid":{"rendered":"https:\/\/nordicmart.andreevmaster.com\/product\/viga-2-in-1-oppimistaulu-magneettisella-montessori-maailmankartalla\/"},"modified":"2026-02-27T09:53:45","modified_gmt":"2026-02-27T09:53:45","slug":"viga-2-in-1-oppimistaulu-magneettisella-montessori-maailmankartalla","status":"publish","type":"product","link":"https:\/\/nordicmart.andreevmaster.com\/fi\/tuote\/viga-2-in-1-oppimistaulu-magneettisella-montessori-maailmankartalla\/","title":{"rendered":"Viga 2-in-1-oppimistaulu magneettisella Montessori-maailmankartalla"},"content":{"rendered":"<p>Viga 2-in-1-oppimistaulu magneettisella maailmankartalla, joka toimii my\u00f6s piirustustauluna, on t\u00e4ydellinen lelu maailmasta kiinnostuneille nuorille tutkimusmatkailijoille! T\u00e4m\u00e4 kauniisti muotoiltu taulu magneettisilla elementeill\u00e4 yhdist\u00e4\u00e4 oppimisen ja hauskanpidon. Aseta puiset elementit \u2013 mantereet, laivat, lentokoneet, raketit ja merenpohjassa el\u00e4v\u00e4t el\u00e4imet \u2013 paikoilleen. Kartta on merkitty englanniksi, mik\u00e4 sopii erinomaisesti kielen oppimiseen.Ominaisuudet:<\/p>\n<p>* &#8211; piirustustaulu,<br \/>\n* &#8211; magneettiset elementit,<br \/>\n* &#8211; kartta englanniksi,<br \/>\n* &#8211; sis\u00e4lt\u00e4\u00e4 106 elementti\u00e4,<br \/>\n* &#8211; sein\u00e4lle ripustamista varten kahva.<\/p>\n<p>Lelu kehitt\u00e4\u00e4:<\/p>\n<p>* &#8211; k\u00e4si-silm\u00e4-koordinaatiota,<br \/>\n* &#8211; mielikuvitusta,<br \/>\n* &#8211; k\u00e4tevyytt\u00e4,<br \/>\n* &#8211; luovuutta.<\/p>\n","protected":false},"excerpt":{"rendered":"<p>Viga 2-in-1-oppimistaulu magneettisella maailmankartalla, joka toimii my\u00f6s piirustustauluna, on t\u00e4ydellinen lelu maailmasta kiinnostuneille nuorille tutkimusmatkailijoille! T\u00e4m\u00e4 kauniisti muotoiltu taulu magneettisilla elementeill\u00e4 yhdist\u00e4\u00e4 oppimisen ja hauskanpidon. Aseta puiset elementit \u2013 mantereet, laivat, lentokoneet, raketit ja merenpohjassa el\u00e4v\u00e4t el\u00e4imet \u2013 paikoilleen. Kartta on merkitty englanniksi, mik\u00e4 sopii erinomaisesti kielen oppimiseen.Ominaisuudet: * &#8211; piirustustaulu, * &#8211; magneettiset elementit, [&hellip;]<\/p>\n","protected":false},"featured_media":0,"comment_status":"open","ping_status":"closed","template":"","meta":[],"product_brand":[],"product_cat":[32],"product_tag":[],"class_list":{"0":"post-36891","1":"product","2":"type-product","3":"status-publish","5":"product_cat-uncategorized-fi","7":"first","8":"instock","9":"shipping-taxable","10":"purchasable","11":"product-type-simple"},"_links":{"self":[{"href":"https:\/\/nordicmart.andreevmaster.com\/fi\/wp-json\/wp\/v2\/product\/36891","targetHints":{"allow":["GET"]}}],"collection":[{"href":"https:\/\/nordicmart.andreevmaster.com\/fi\/wp-json\/wp\/v2\/product"}],"about":[{"href":"https:\/\/nordicmart.andreevmaster.com\/fi\/wp-json\/wp\/v2\/types\/product"}],"replies":[{"embeddable":true,"href":"https:\/\/nordicmart.andreevmaster.com\/fi\/wp-json\/wp\/v2\/comments?post=36891"}],"wp:attachment":[{"href":"https:\/\/nordicmart.andreevmaster.com\/fi\/wp-json\/wp\/v2\/media?parent=36891"}],"wp:term":[{"taxonomy":"product_brand","embeddable":true,"href":"https:\/\/nordicmart.andreevmaster.com\/fi\/wp-json\/wp\/v2\/product_brand?post=36891"},{"taxonomy":"product_cat","embeddable":true,"href":"https:\/\/nordicmart.andreevmaster.com\/fi\/wp-json\/wp\/v2\/product_cat?post=36891"},{"taxonomy":"product_tag","embeddable":true,"href":"https:\/\/nordicmart.andreevmaster.com\/fi\/wp-json\/wp\/v2\/product_tag?post=36891"}],"curies":[{"name":"wp","href":"https:\/\/api.w.org\/{rel}","templated":true}]}}