{"id":36890,"date":"2026-02-27T00:36:28","date_gmt":"2026-02-27T00:36:28","guid":{"rendered":"https:\/\/nordicmart.andreevmaster.com\/product\/viga-teatteri-ja-ruokakauppa-2-in-1\/"},"modified":"2026-02-27T09:53:44","modified_gmt":"2026-02-27T09:53:44","slug":"viga-teatteri-ja-ruokakauppa-2-in-1","status":"publish","type":"product","link":"https:\/\/nordicmart.andreevmaster.com\/fi\/tuote\/viga-teatteri-ja-ruokakauppa-2-in-1\/","title":{"rendered":"VIGA Teatteri ja ruokakauppa 2-in-1"},"content":{"rendered":"<p>T\u00e4m\u00e4 Viga Toysin korkealaatuinen lelu yhdist\u00e4\u00e4 teatterin ja ruokakaupan. K\u00e4\u00e4nn\u00e4 lelu ymp\u00e4ri ja voit ottaa t\u00e4ysin uusia rooleja. <\/p>\n<p>Ominaisuudet: <\/p>\n<p>* &#8211; teatteri ja kauppa &#8211; 2-in-1,<br \/>\n* &#8211; kun lapset leikkiv\u00e4t teatteria, voit rullata verhon yl\u00f6s ja kirjoittaa satujen nimet taululle,* &#8211; kun lapset leikkiv\u00e4t kauppaa, he voivat kirjoittaa kaupan nimen ja hinnat taululle,<br \/>\n* &#8211; kaupassa on hyllyt erilaisille elintarvikkeille &#8211; myyd\u00e4\u00e4n erikseen. Lelu kehitt\u00e4\u00e4:<\/p>\n<p>* &#8211; mielikuvitusta,<br \/>\n* &#8211; luovuutta,<br \/>\n* &#8211; loogista ajattelua,<br \/>\n* &#8211; sosiaalisia taitoja,<br \/>\n* &#8211; roolileikkej\u00e4.<\/p>\n","protected":false},"excerpt":{"rendered":"<p>T\u00e4m\u00e4 Viga Toysin korkealaatuinen lelu yhdist\u00e4\u00e4 teatterin ja ruokakaupan. K\u00e4\u00e4nn\u00e4 lelu ymp\u00e4ri ja voit ottaa t\u00e4ysin uusia rooleja. Ominaisuudet: * &#8211; teatteri ja kauppa &#8211; 2-in-1, * &#8211; kun lapset leikkiv\u00e4t teatteria, voit rullata verhon yl\u00f6s ja kirjoittaa satujen nimet taululle,* &#8211; kun lapset leikkiv\u00e4t kauppaa, he voivat kirjoittaa kaupan nimen ja hinnat taululle, * [&hellip;]<\/p>\n","protected":false},"featured_media":0,"comment_status":"open","ping_status":"closed","template":"","meta":[],"product_brand":[],"product_cat":[32],"product_tag":[],"class_list":{"0":"post-36890","1":"product","2":"type-product","3":"status-publish","5":"product_cat-uncategorized-fi","7":"first","8":"instock","9":"shipping-taxable","10":"purchasable","11":"product-type-simple"},"_links":{"self":[{"href":"https:\/\/nordicmart.andreevmaster.com\/fi\/wp-json\/wp\/v2\/product\/36890","targetHints":{"allow":["GET"]}}],"collection":[{"href":"https:\/\/nordicmart.andreevmaster.com\/fi\/wp-json\/wp\/v2\/product"}],"about":[{"href":"https:\/\/nordicmart.andreevmaster.com\/fi\/wp-json\/wp\/v2\/types\/product"}],"replies":[{"embeddable":true,"href":"https:\/\/nordicmart.andreevmaster.com\/fi\/wp-json\/wp\/v2\/comments?post=36890"}],"wp:attachment":[{"href":"https:\/\/nordicmart.andreevmaster.com\/fi\/wp-json\/wp\/v2\/media?parent=36890"}],"wp:term":[{"taxonomy":"product_brand","embeddable":true,"href":"https:\/\/nordicmart.andreevmaster.com\/fi\/wp-json\/wp\/v2\/product_brand?post=36890"},{"taxonomy":"product_cat","embeddable":true,"href":"https:\/\/nordicmart.andreevmaster.com\/fi\/wp-json\/wp\/v2\/product_cat?post=36890"},{"taxonomy":"product_tag","embeddable":true,"href":"https:\/\/nordicmart.andreevmaster.com\/fi\/wp-json\/wp\/v2\/product_tag?post=36890"}],"curies":[{"name":"wp","href":"https:\/\/api.w.org\/{rel}","templated":true}]}}