{"id":36889,"date":"2026-02-27T00:36:28","date_gmt":"2026-02-27T00:36:28","guid":{"rendered":"https:\/\/nordicmart.andreevmaster.com\/product\/viga-polarb-puinen-ajettava-ruskea-karhu-pehmeilla-pyorilla\/"},"modified":"2026-02-27T09:53:44","modified_gmt":"2026-02-27T09:53:44","slug":"viga-polarb-puinen-ajettava-ruskea-karhu-pehmeilla-pyorilla","status":"publish","type":"product","link":"https:\/\/nordicmart.andreevmaster.com\/fi\/tuote\/viga-polarb-puinen-ajettava-ruskea-karhu-pehmeilla-pyorilla\/","title":{"rendered":"VIGA PolarB Puinen ajettava ruskea karhu pehmeill\u00e4 py\u00f6rill\u00e4"},"content":{"rendered":"<p>Puinen kolmipy\u00f6r\u00e4inen ajettava lelu, jossa on ruskea karhu \u2013 turvallista ja aktiivista hauskaa!<\/p>\n<p>VIGA:n PolarB-sarjan puinen kolmipy\u00f6r\u00e4 on tukeva ja houkutteleva ajoneuvo, joka on suunniteltu pienimmille lapsille. Se on valmistettu kest\u00e4v\u00e4st\u00e4 puusta, ja siin\u00e4 on s\u00f6p\u00f6n karhun muotoinen ohjauspy\u00f6r\u00e4. Se tekee vaikutuksen ulkon\u00e4\u00f6ll\u00e4\u00e4n ja toiminnallisuudellaan. Siin\u00e4 on ohjauslukko, lis\u00e4suojalevy ja nelj\u00e4 hiljaista EVA-py\u00f6r\u00e4\u00e4, jotka sopivat t\u00e4ydellisesti sek\u00e4 sis\u00e4- ett\u00e4 ulkok\u00e4ytt\u00f6\u00f6n.### Ominaisuudet:<\/p>\n<p>\u2714\ufe0f Lelu 12 kuukauden ik\u00e4isille lapsille<\/p>\n<p>\u2714\ufe0f Kolmipy\u00f6r\u00e4inen rakenne takaa paremman vakauden<\/p>\n<p>\u2714\ufe0f Turvallinen ohjauslukko est\u00e4\u00e4 \u00e4killiset k\u00e4\u00e4nn\u00f6kset<\/p>\n<p>\u2714\ufe0f Istuimen selk\u00e4noja est\u00e4\u00e4 k\u00e4ytt\u00e4j\u00e4\u00e4 liukumasta taaksep\u00e4in<\/p>\n<p>\u2714\ufe0f EVA-py\u00f6r\u00e4t \u2013 hiljaiset, kest\u00e4v\u00e4t eiv\u00e4tk\u00e4 naarmuta lattiaa<\/p>\n<p>\u2714\ufe0f Luonnollinen muotoilu ja yst\u00e4v\u00e4llinen nallekarhu-ulkon\u00e4k\u00f6<\/p>\n<p>### Lelu tukee kehityst\u00e4:<\/p>\n<p>\u2714\ufe0f Motorinen koordinaatio ja tasapaino<\/p>\n<p>\u2714\ufe0f Karkeamotoriset taidot<br \/>\n\u2714\ufe0f Motorinen koordinaatio ja tasapaino<br \/>\n\u2714\ufe0f Luottamus ensimm\u00e4isten ajoyritysten aikana<\/p>\n","protected":false},"excerpt":{"rendered":"<p>Puinen kolmipy\u00f6r\u00e4inen ajettava lelu, jossa on ruskea karhu \u2013 turvallista ja aktiivista hauskaa! VIGA:n PolarB-sarjan puinen kolmipy\u00f6r\u00e4 on tukeva ja houkutteleva ajoneuvo, joka on suunniteltu pienimmille lapsille. Se on valmistettu kest\u00e4v\u00e4st\u00e4 puusta, ja siin\u00e4 on s\u00f6p\u00f6n karhun muotoinen ohjauspy\u00f6r\u00e4. Se tekee vaikutuksen ulkon\u00e4\u00f6ll\u00e4\u00e4n ja toiminnallisuudellaan. Siin\u00e4 on ohjauslukko, lis\u00e4suojalevy ja nelj\u00e4 hiljaista EVA-py\u00f6r\u00e4\u00e4, jotka sopivat [&hellip;]<\/p>\n","protected":false},"featured_media":0,"comment_status":"open","ping_status":"closed","template":"","meta":[],"product_brand":[],"product_cat":[32],"product_tag":[],"class_list":{"0":"post-36889","1":"product","2":"type-product","3":"status-publish","5":"product_cat-uncategorized-fi","7":"first","8":"instock","9":"shipping-taxable","10":"purchasable","11":"product-type-simple"},"_links":{"self":[{"href":"https:\/\/nordicmart.andreevmaster.com\/fi\/wp-json\/wp\/v2\/product\/36889","targetHints":{"allow":["GET"]}}],"collection":[{"href":"https:\/\/nordicmart.andreevmaster.com\/fi\/wp-json\/wp\/v2\/product"}],"about":[{"href":"https:\/\/nordicmart.andreevmaster.com\/fi\/wp-json\/wp\/v2\/types\/product"}],"replies":[{"embeddable":true,"href":"https:\/\/nordicmart.andreevmaster.com\/fi\/wp-json\/wp\/v2\/comments?post=36889"}],"wp:attachment":[{"href":"https:\/\/nordicmart.andreevmaster.com\/fi\/wp-json\/wp\/v2\/media?parent=36889"}],"wp:term":[{"taxonomy":"product_brand","embeddable":true,"href":"https:\/\/nordicmart.andreevmaster.com\/fi\/wp-json\/wp\/v2\/product_brand?post=36889"},{"taxonomy":"product_cat","embeddable":true,"href":"https:\/\/nordicmart.andreevmaster.com\/fi\/wp-json\/wp\/v2\/product_cat?post=36889"},{"taxonomy":"product_tag","embeddable":true,"href":"https:\/\/nordicmart.andreevmaster.com\/fi\/wp-json\/wp\/v2\/product_tag?post=36889"}],"curies":[{"name":"wp","href":"https:\/\/api.w.org\/{rel}","templated":true}]}}