{"id":36888,"date":"2026-02-27T00:36:27","date_gmt":"2026-02-27T00:36:27","guid":{"rendered":"https:\/\/nordicmart.andreevmaster.com\/product\/viga-puinen-tyontoleikkikalu-rakennuspalikoilla\/"},"modified":"2026-02-27T09:53:44","modified_gmt":"2026-02-27T09:53:44","slug":"viga-puinen-tyontoleikkikalu-rakennuspalikoilla","status":"publish","type":"product","link":"https:\/\/nordicmart.andreevmaster.com\/fi\/tuote\/viga-puinen-tyontoleikkikalu-rakennuspalikoilla\/","title":{"rendered":"Viga Puinen ty\u00f6nt\u00f6leikkikalu rakennuspalikoilla"},"content":{"rendered":"<p>L\u00f6yd\u00e4 ensimm\u00e4isten askelten ilo suloisella krokotiilin muotoisella ty\u00f6nt\u00f6leikkikalullamme! T\u00e4m\u00e4 monitoiminen lelu on t\u00e4ydellinen kumppani pienokaisesi kehitykselle. Sen vakaa rakenne ja mukava kahva tarjoavat turvallisen tuen k\u00e4velyn oppimiseen, ja k\u00e4velytelineen sis\u00e4ll\u00e4 oleva v\u00e4rik\u00e4s palikkasarja kannustaa luovaan leikkiin ja motoristen taitojen kehitykseen. <\/p>\n<p>\u2705 Ominaisuudet: <\/p>\n<p>\u2714\ufe0f Turvallinen ja vakaa \u2013 vankka puurakenteinen lelu tarjoaa turvallisen tuen pienille jaloille. \u2714\ufe0f Mukava kahva \u2013 sopii t\u00e4ydellisesti pienille k\u00e4sille ja auttaa pit\u00e4m\u00e4\u00e4n tasapainon. \u2714\ufe0f Mukana v\u00e4rikk\u00e4\u00e4t palikat \u2013 erilaiset muodot ja pastelliv\u00e4rit kannustavat luovaan leikkiin. \u2714\ufe0f Hiljaiset kumipy\u00f6r\u00e4t \u2013 turvalliset lattialle, takaavat sujuvan ja mukavan ajon. \u2714\ufe0f Suloinen krokotiilimuotoilu \u2013 pastelliv\u00e4rit ja hauska muoto saavat lapsesi rakastamaan sit\u00e4!<\/p>\n<p>\u2705 Lelu kehitt\u00e4\u00e4:<\/p>\n<p>\u2714\ufe0f Luovuutta \u2013 palikat auttavat lapsia oppimaan v\u00e4rej\u00e4 ja muotoja sek\u00e4 kehitt\u00e4m\u00e4\u00e4n k\u00e4den taitoja. \u2714\ufe0f Tukee k\u00e4velyn oppimista \u2013 auttaa lasta saamaan itseluottamusta ensimm\u00e4isten askelten ottamisessa. \u2714\ufe0f Monik\u00e4ytt\u00f6inen \u2013 voidaan k\u00e4ytt\u00e4\u00e4 k\u00e4velytuolina, ty\u00f6nt\u00f6leikkikaluna sek\u00e4 lelujen ja palikoiden s\u00e4ilytysastiana. \u2714\ufe0f Kest\u00e4vyys ja turvallisuus \u2013 valmistettu luonnollisesta, myrkytt\u00f6m\u00e4st\u00e4 puusta, t\u00e4ytt\u00e4\u00e4 korkeimmat standardit.<\/p>\n","protected":false},"excerpt":{"rendered":"<p>L\u00f6yd\u00e4 ensimm\u00e4isten askelten ilo suloisella krokotiilin muotoisella ty\u00f6nt\u00f6leikkikalullamme! T\u00e4m\u00e4 monitoiminen lelu on t\u00e4ydellinen kumppani pienokaisesi kehitykselle. Sen vakaa rakenne ja mukava kahva tarjoavat turvallisen tuen k\u00e4velyn oppimiseen, ja k\u00e4velytelineen sis\u00e4ll\u00e4 oleva v\u00e4rik\u00e4s palikkasarja kannustaa luovaan leikkiin ja motoristen taitojen kehitykseen. \u2705 Ominaisuudet: \u2714\ufe0f Turvallinen ja vakaa \u2013 vankka puurakenteinen lelu tarjoaa turvallisen tuen pienille jaloille. [&hellip;]<\/p>\n","protected":false},"featured_media":0,"comment_status":"open","ping_status":"closed","template":"","meta":[],"product_brand":[],"product_cat":[32],"product_tag":[],"class_list":{"0":"post-36888","1":"product","2":"type-product","3":"status-publish","5":"product_cat-uncategorized-fi","7":"first","8":"instock","9":"shipping-taxable","10":"purchasable","11":"product-type-simple"},"_links":{"self":[{"href":"https:\/\/nordicmart.andreevmaster.com\/fi\/wp-json\/wp\/v2\/product\/36888","targetHints":{"allow":["GET"]}}],"collection":[{"href":"https:\/\/nordicmart.andreevmaster.com\/fi\/wp-json\/wp\/v2\/product"}],"about":[{"href":"https:\/\/nordicmart.andreevmaster.com\/fi\/wp-json\/wp\/v2\/types\/product"}],"replies":[{"embeddable":true,"href":"https:\/\/nordicmart.andreevmaster.com\/fi\/wp-json\/wp\/v2\/comments?post=36888"}],"wp:attachment":[{"href":"https:\/\/nordicmart.andreevmaster.com\/fi\/wp-json\/wp\/v2\/media?parent=36888"}],"wp:term":[{"taxonomy":"product_brand","embeddable":true,"href":"https:\/\/nordicmart.andreevmaster.com\/fi\/wp-json\/wp\/v2\/product_brand?post=36888"},{"taxonomy":"product_cat","embeddable":true,"href":"https:\/\/nordicmart.andreevmaster.com\/fi\/wp-json\/wp\/v2\/product_cat?post=36888"},{"taxonomy":"product_tag","embeddable":true,"href":"https:\/\/nordicmart.andreevmaster.com\/fi\/wp-json\/wp\/v2\/product_tag?post=36888"}],"curies":[{"name":"wp","href":"https:\/\/api.w.org\/{rel}","templated":true}]}}