{"id":36887,"date":"2026-02-27T00:36:27","date_gmt":"2026-02-27T00:36:27","guid":{"rendered":"https:\/\/nordicmart.andreevmaster.com\/product\/viga-oppimislelusetti-36-kuukaudesta-alkaen\/"},"modified":"2026-02-27T09:53:44","modified_gmt":"2026-02-27T09:53:44","slug":"viga-oppimislelusetti-36-kuukaudesta-alkaen","status":"publish","type":"product","link":"https:\/\/nordicmart.andreevmaster.com\/fi\/tuote\/viga-oppimislelusetti-36-kuukaudesta-alkaen\/","title":{"rendered":"VIGA-oppimislelusetti 36 kuukaudesta alkaen"},"content":{"rendered":"<p>Free Spirits (36M+) on sarja, joka on suunniteltu lapsille, jotka ovat astumassa j\u00e4nnitt\u00e4v\u00e4\u00e4n vaiheeseen, jossa he alkavat tutustua maailmaan. Kolmivuotiaana kieli alkaa kehitty\u00e4 ja uteliaisuus ja itsen\u00e4isyys kasvavat. T\u00e4m\u00e4n sarjan lelut tarjoavat avoimia materiaaleja ja pelej\u00e4, joiden avulla lapset voivat kehitt\u00e4\u00e4 mielikuvitustaan, luovuuttaan ja tunne\u00e4ly\u00e4\u00e4n sek\u00e4 ymm\u00e4rt\u00e4\u00e4 maailmaa leikin kautta.Ominaisuudet<\/p>\n<p>* tarkoitettu yli 36 kuukauden ik\u00e4isille lapsille<br \/>\n* pakkaus: v\u00e4rik\u00e4s laatikko<br \/>\n* tukee sosiaalisten ja tunne-el\u00e4m\u00e4n taitojen kehityst\u00e4<br \/>\n* Stimuloi luovuutta ja mielikuvitusta<br \/>\n* valmistettu ymp\u00e4rist\u00f6yst\u00e4v\u00e4llisist\u00e4 materiaaleista<br \/>\n* kehitt\u00e4\u00e4 aisti- ja motorisia taitoja<br \/>\n* edist\u00e4\u00e4 itsen\u00e4ist\u00e4 leikki\u00e4 ja tutkimista<br \/>\n* innostaa lapset monenlaisiin aktiviteetteihin<\/p>\n<p>Sarja sis\u00e4lt\u00e4\u00e4<\/p>\n<p>* kosketuslevyn \u2013 koostuu 8 erilaisesta tekstuurista, jotka stimuloivat aisteja ja auttavat lapsia tunnistamaan sile\u00e4t ja karheat pinnat kosketuksen avulla<br \/>\n* py\u00f6re\u00e4t palapelit \u2013 kehitt\u00e4v\u00e4t luovuutta ja loogista ajattelua, ja kannustaa lapsia luomaan erilaisia kuvioita<br \/>\n* minimaze \u2013 vaatii tarkkoja liikkeit\u00e4 ja k\u00e4rsiv\u00e4llisyytt\u00e4, auttaa lapsia parantamaan k\u00e4den taitojaan, kun he yritt\u00e4v\u00e4t saada kaikki ter\u00e4spallot reikiin<br \/>\n* muistipeli \u2013 tukee kognitiivista kehityst\u00e4, keskittymiskyky\u00e4, luovuutta ja ongelmanratkaisutaitoja, mukana puuvillakassi helppoa s\u00e4ilytyst\u00e4 varten<br \/>\n* puinen kirja (tunteet) \u2013 tutustuttaa lapset tunteiden maailmaan, opettaa heille 8 perus tunnetta: rauhallisuus, ilo, suru, viha, rakkaus, pelko, yll\u00e4tys ja v\u00e4symys<br \/>\n* v\u00e4rikk\u00e4\u00e4t kivet \u2013 antavat lapsille mahdollisuuden leikki\u00e4 luovasti tasapainottelemalla ja rakentelemalla sek\u00e4 tutustuttavat heid\u00e4t murto-osien ja v\u00e4rien maailmaan<\/p>\n<p>Lelu kehitt\u00e4\u00e4<\/p>\n<p>* sosiaalisia taitoja<br \/>\n* luovuutta ja mielikuvitusta<br \/>\n* tunne\u00e4ly\u00e4<br \/>\n* hienomotoriikkaa<br \/>\n* keskittymiskyky\u00e4 ja k\u00e4rsiv\u00e4llisyytt\u00e4<\/p>\n","protected":false},"excerpt":{"rendered":"<p>Free Spirits (36M+) on sarja, joka on suunniteltu lapsille, jotka ovat astumassa j\u00e4nnitt\u00e4v\u00e4\u00e4n vaiheeseen, jossa he alkavat tutustua maailmaan. Kolmivuotiaana kieli alkaa kehitty\u00e4 ja uteliaisuus ja itsen\u00e4isyys kasvavat. T\u00e4m\u00e4n sarjan lelut tarjoavat avoimia materiaaleja ja pelej\u00e4, joiden avulla lapset voivat kehitt\u00e4\u00e4 mielikuvitustaan, luovuuttaan ja tunne\u00e4ly\u00e4\u00e4n sek\u00e4 ymm\u00e4rt\u00e4\u00e4 maailmaa leikin kautta.Ominaisuudet * tarkoitettu yli 36 kuukauden [&hellip;]<\/p>\n","protected":false},"featured_media":0,"comment_status":"open","ping_status":"closed","template":"","meta":[],"product_brand":[],"product_cat":[32],"product_tag":[],"class_list":{"0":"post-36887","1":"product","2":"type-product","3":"status-publish","5":"product_cat-uncategorized-fi","7":"first","8":"instock","9":"shipping-taxable","10":"purchasable","11":"product-type-simple"},"_links":{"self":[{"href":"https:\/\/nordicmart.andreevmaster.com\/fi\/wp-json\/wp\/v2\/product\/36887","targetHints":{"allow":["GET"]}}],"collection":[{"href":"https:\/\/nordicmart.andreevmaster.com\/fi\/wp-json\/wp\/v2\/product"}],"about":[{"href":"https:\/\/nordicmart.andreevmaster.com\/fi\/wp-json\/wp\/v2\/types\/product"}],"replies":[{"embeddable":true,"href":"https:\/\/nordicmart.andreevmaster.com\/fi\/wp-json\/wp\/v2\/comments?post=36887"}],"wp:attachment":[{"href":"https:\/\/nordicmart.andreevmaster.com\/fi\/wp-json\/wp\/v2\/media?parent=36887"}],"wp:term":[{"taxonomy":"product_brand","embeddable":true,"href":"https:\/\/nordicmart.andreevmaster.com\/fi\/wp-json\/wp\/v2\/product_brand?post=36887"},{"taxonomy":"product_cat","embeddable":true,"href":"https:\/\/nordicmart.andreevmaster.com\/fi\/wp-json\/wp\/v2\/product_cat?post=36887"},{"taxonomy":"product_tag","embeddable":true,"href":"https:\/\/nordicmart.andreevmaster.com\/fi\/wp-json\/wp\/v2\/product_tag?post=36887"}],"curies":[{"name":"wp","href":"https:\/\/api.w.org\/{rel}","templated":true}]}}