{"id":36886,"date":"2026-02-27T00:36:27","date_gmt":"2026-02-27T00:36:27","guid":{"rendered":"https:\/\/nordicmart.andreevmaster.com\/product\/viga-oppimislelusetti-24-36-kuukauden-ikaisille\/"},"modified":"2026-02-27T09:53:44","modified_gmt":"2026-02-27T09:53:44","slug":"viga-oppimislelusetti-24-36-kuukauden-ikaisille","status":"publish","type":"product","link":"https:\/\/nordicmart.andreevmaster.com\/fi\/tuote\/viga-oppimislelusetti-24-36-kuukauden-ikaisille\/","title":{"rendered":"VIGA-oppimislelusetti 24\u201336 kuukauden ik\u00e4isille"},"content":{"rendered":"<p>Little Thinkers (24\u201336M) on oppimissetti, joka tarjoaa pikkulapsille uusia kognitiivisia haasteita avaruudellisessa ajattelussa ja kuvioiden tunnistamisessa. Sarjaan kuuluvien lelujen avulla lapset voivat parantaa liikkeidens\u00e4 tarkkuutta, oppia geometrian perusteita ja kehitt\u00e4\u00e4 ongelmanratkaisutaitojaan. Ihanteellinen pienille tutkimusmatkailijoille, jotka ovat valmiita edistyneempiin teht\u00e4viin. Ominaisuudet * Suunniteltu 24\u201336 kuukauden ik\u00e4isille lapsille * Tukee hienomotoriikan, loogisen ajattelun ja kuvioiden tunnistamisen kehityst\u00e4 Ihanteellinen laskemisen, lajittelun ja muotojen tunnistamisen oppimiseen<br \/>\n* puiset, kest\u00e4v\u00e4t osat, joissa on turvalliset reunat<br \/>\n* k\u00e4tev\u00e4 laatikko, jossa on kahva s\u00e4ilytyst\u00e4 ja kuljetusta varten<\/p>\n<p>Sarja sis\u00e4lt\u00e4\u00e4<\/p>\n<p>* palapelit \u2013 lasten avulla lapset voivat harjoitella palojen yhdist\u00e4mist\u00e4 ja kuvioiden l\u00f6yt\u00e4mist\u00e4, mik\u00e4 kehitt\u00e4\u00e4 loogista ajattelua ja hienomotoriikkaa<br \/>\n* magneettinen siililabyrintti \u2013 lelu, joka tukee k\u00e4si-silm\u00e4-koordinaatiota ja tarkkoja liikkeit\u00e4, jolloin lapsi voi manipuloida helmi\u00e4 magneettikyn\u00e4ll\u00e4<br \/>\n* puinen kirja (ajoneuvot) \u2013 kirja opettaa lapsille erilaisia kulkuv\u00e4lineit\u00e4, kuten polkupy\u00f6ri\u00e4, ilmapalloja, lentokoneita ja koulubusseja<br \/>\n* hedelmien leikkaussetti \u2013 puiset hedelm\u00e4t leikkaamista varten, ihanteellinen k\u00e4si-silm\u00e4-koordinaation oppimiseen ja sosiaalisten taitojen kehitt\u00e4miseen roolileikin avulla<br \/>\n* numeropulmapeli \u2013 sarja, jonka avulla oppii laskemaan 1:st\u00e4 10:een ja kehitt\u00e4\u00e4 numerosarjojen ja m\u00e4\u00e4rien tunnistamistaitoja<br \/>\n* geometrinen labyrinttipulmapeli \u2013 lelu, joka opettaa muotojen ja v\u00e4rien tunnistamista ja tukee ongelmanratkaisua ja avaruudellista ajattelua<\/p>\n<p>Lelu kehitt\u00e4\u00e4<\/p>\n<p>* hienomotoriikkaa<br \/>\n* muotojen ja v\u00e4rien tunnistamista<br \/>\n* ongelmanratkaisutaitoja<br \/>\n* k\u00e4si-silm\u00e4-koordinaatiota<br \/>\n* laskemisen oppimista<\/p>\n","protected":false},"excerpt":{"rendered":"<p>Little Thinkers (24\u201336M) on oppimissetti, joka tarjoaa pikkulapsille uusia kognitiivisia haasteita avaruudellisessa ajattelussa ja kuvioiden tunnistamisessa. Sarjaan kuuluvien lelujen avulla lapset voivat parantaa liikkeidens\u00e4 tarkkuutta, oppia geometrian perusteita ja kehitt\u00e4\u00e4 ongelmanratkaisutaitojaan. Ihanteellinen pienille tutkimusmatkailijoille, jotka ovat valmiita edistyneempiin teht\u00e4viin. Ominaisuudet * Suunniteltu 24\u201336 kuukauden ik\u00e4isille lapsille * Tukee hienomotoriikan, loogisen ajattelun ja kuvioiden tunnistamisen kehityst\u00e4 [&hellip;]<\/p>\n","protected":false},"featured_media":0,"comment_status":"open","ping_status":"closed","template":"","meta":[],"product_brand":[],"product_cat":[32],"product_tag":[],"class_list":{"0":"post-36886","1":"product","2":"type-product","3":"status-publish","5":"product_cat-uncategorized-fi","7":"first","8":"instock","9":"shipping-taxable","10":"purchasable","11":"product-type-simple"},"_links":{"self":[{"href":"https:\/\/nordicmart.andreevmaster.com\/fi\/wp-json\/wp\/v2\/product\/36886","targetHints":{"allow":["GET"]}}],"collection":[{"href":"https:\/\/nordicmart.andreevmaster.com\/fi\/wp-json\/wp\/v2\/product"}],"about":[{"href":"https:\/\/nordicmart.andreevmaster.com\/fi\/wp-json\/wp\/v2\/types\/product"}],"replies":[{"embeddable":true,"href":"https:\/\/nordicmart.andreevmaster.com\/fi\/wp-json\/wp\/v2\/comments?post=36886"}],"wp:attachment":[{"href":"https:\/\/nordicmart.andreevmaster.com\/fi\/wp-json\/wp\/v2\/media?parent=36886"}],"wp:term":[{"taxonomy":"product_brand","embeddable":true,"href":"https:\/\/nordicmart.andreevmaster.com\/fi\/wp-json\/wp\/v2\/product_brand?post=36886"},{"taxonomy":"product_cat","embeddable":true,"href":"https:\/\/nordicmart.andreevmaster.com\/fi\/wp-json\/wp\/v2\/product_cat?post=36886"},{"taxonomy":"product_tag","embeddable":true,"href":"https:\/\/nordicmart.andreevmaster.com\/fi\/wp-json\/wp\/v2\/product_tag?post=36886"}],"curies":[{"name":"wp","href":"https:\/\/api.w.org\/{rel}","templated":true}]}}