{"id":36885,"date":"2026-02-27T00:36:27","date_gmt":"2026-02-27T00:36:27","guid":{"rendered":"https:\/\/nordicmart.andreevmaster.com\/product\/viga-oppimislelusetti-18-24-kuukauden-ikaisille\/"},"modified":"2026-02-27T09:53:43","modified_gmt":"2026-02-27T09:53:43","slug":"viga-oppimislelusetti-18-24-kuukauden-ikaisille","status":"publish","type":"product","link":"https:\/\/nordicmart.andreevmaster.com\/fi\/tuote\/viga-oppimislelusetti-18-24-kuukauden-ikaisille\/","title":{"rendered":"VIGA-oppimislelusetti 18\u201324 kuukauden ik\u00e4isille"},"content":{"rendered":"<p>Colour Crafters (18\u201324 kk) on sarja, joka tutustuttaa pikkulapset rytmin, v\u00e4rien ja muotojen maailmaan ja kehitt\u00e4\u00e4 samalla heid\u00e4n k\u00e4tevyytt\u00e4\u00e4n ja ongelmanratkaisutaitojaan. Sarjaan kuuluvat lelut tarjoavat uusia haasteita, auttavat opettamaan motorista koordinaatiota ja antavat varhaisen tutustumisen fysiikan perusperiaatteisiin. Ihanteellinen lapsille, jotka tutkivat ymp\u00e4r\u00f6iv\u00e4\u00e4 maailmaa leikin, rakentelun ja tutkimisen kautta.Ominaisuudet<\/p>\n<p>* suunniteltu 18\u201324 kuukauden ik\u00e4isille lapsille<br \/>\n* tukee hienomotoriikan ja k\u00e4si-silm\u00e4-koordinaation kehityst\u00e4<br \/>\n* auttaa oppimaan tunnistamaan muotoja, v\u00e4rej\u00e4 ja \u00e4\u00e4ni\u00e4<br \/>\n* sis\u00e4lt\u00e4\u00e4 kest\u00e4vi\u00e4 puuelementtej\u00e4, joiden reunat on py\u00f6ristetty turvallisuuden vuoksi<br \/>\n* laatikko, jossa on kahva helpottamaan s\u00e4ilytyst\u00e4 ja kuljetusta<\/p>\n<p>Sarja sis\u00e4lt\u00e4\u00e4<\/p>\n<p>* ksylofonin \u2013 t\u00e4ydellinen ensimm\u00e4inen soittimen, joka tukee kuulon kehityst\u00e4 ja kiinnostusta musiikkiin<br \/>\n* liukum\u00e4ki leluautoilla \u2013 lelu, joka kehitt\u00e4\u00e4 k\u00e4si-silm\u00e4-koordinaatiota ja seurantakyky\u00e4 ja tarjoaa tuntikausia hauskaa<br \/>\n* palapeli \u2013 puupalat muotojen tunnistamiseen ja osien ja kokonaisuuksien k\u00e4sitteen oppimiseen<br \/>\n* puinen kirja (hedelm\u00e4t) \u2013 v\u00e4rik\u00e4s kirja, joka opettaa t\u00e4rkeimpi\u00e4 hedelmi\u00e4, kuten banaaneja, p\u00e4\u00e4ryn\u00f6it\u00e4, vesimeloneja ja omenat<br \/>\n* ruuvit ja mutterit \u2013 loistava ty\u00f6kalu sormien k\u00e4tevyyden ja ongelmanratkaisutaitojen kehitt\u00e4miseen<br \/>\n* pujottelupeli \u2013 aktiviteetti, joka tukee hienomotoriikan ja tarkkuuden kehityst\u00e4, jotka ovat t\u00e4rkeit\u00e4 my\u00f6hemmille taidoille, kuten kirjoittamiselle tai keng\u00e4nnauhojen sitomiselle<\/p>\n<p>Lelu kehitt\u00e4\u00e4<\/p>\n<p>* k\u00e4si-silm\u00e4-koordinaatiota<br \/>\n* muotojen ja v\u00e4rien tunnistamista<br \/>\n* hienomotoriikkaa<br \/>\n* loogista ajattelua<\/p>\n","protected":false},"excerpt":{"rendered":"<p>Colour Crafters (18\u201324 kk) on sarja, joka tutustuttaa pikkulapset rytmin, v\u00e4rien ja muotojen maailmaan ja kehitt\u00e4\u00e4 samalla heid\u00e4n k\u00e4tevyytt\u00e4\u00e4n ja ongelmanratkaisutaitojaan. Sarjaan kuuluvat lelut tarjoavat uusia haasteita, auttavat opettamaan motorista koordinaatiota ja antavat varhaisen tutustumisen fysiikan perusperiaatteisiin. Ihanteellinen lapsille, jotka tutkivat ymp\u00e4r\u00f6iv\u00e4\u00e4 maailmaa leikin, rakentelun ja tutkimisen kautta.Ominaisuudet * suunniteltu 18\u201324 kuukauden ik\u00e4isille lapsille * [&hellip;]<\/p>\n","protected":false},"featured_media":0,"comment_status":"open","ping_status":"closed","template":"","meta":[],"product_brand":[],"product_cat":[32],"product_tag":[],"class_list":{"0":"post-36885","1":"product","2":"type-product","3":"status-publish","5":"product_cat-uncategorized-fi","7":"first","8":"instock","9":"shipping-taxable","10":"purchasable","11":"product-type-simple"},"_links":{"self":[{"href":"https:\/\/nordicmart.andreevmaster.com\/fi\/wp-json\/wp\/v2\/product\/36885","targetHints":{"allow":["GET"]}}],"collection":[{"href":"https:\/\/nordicmart.andreevmaster.com\/fi\/wp-json\/wp\/v2\/product"}],"about":[{"href":"https:\/\/nordicmart.andreevmaster.com\/fi\/wp-json\/wp\/v2\/types\/product"}],"replies":[{"embeddable":true,"href":"https:\/\/nordicmart.andreevmaster.com\/fi\/wp-json\/wp\/v2\/comments?post=36885"}],"wp:attachment":[{"href":"https:\/\/nordicmart.andreevmaster.com\/fi\/wp-json\/wp\/v2\/media?parent=36885"}],"wp:term":[{"taxonomy":"product_brand","embeddable":true,"href":"https:\/\/nordicmart.andreevmaster.com\/fi\/wp-json\/wp\/v2\/product_brand?post=36885"},{"taxonomy":"product_cat","embeddable":true,"href":"https:\/\/nordicmart.andreevmaster.com\/fi\/wp-json\/wp\/v2\/product_cat?post=36885"},{"taxonomy":"product_tag","embeddable":true,"href":"https:\/\/nordicmart.andreevmaster.com\/fi\/wp-json\/wp\/v2\/product_tag?post=36885"}],"curies":[{"name":"wp","href":"https:\/\/api.w.org\/{rel}","templated":true}]}}