{"id":36884,"date":"2026-02-27T00:36:26","date_gmt":"2026-02-27T00:36:26","guid":{"rendered":"https:\/\/nordicmart.andreevmaster.com\/product\/viga-oppimislelusetti-12-18-kuukauden-ikaisille\/"},"modified":"2026-02-27T09:53:43","modified_gmt":"2026-02-27T09:53:43","slug":"viga-oppimislelusetti-12-18-kuukauden-ikaisille","status":"publish","type":"product","link":"https:\/\/nordicmart.andreevmaster.com\/fi\/tuote\/viga-oppimislelusetti-12-18-kuukauden-ikaisille\/","title":{"rendered":"VIGA-oppimislelusetti 12\u201318 kuukauden ik\u00e4isille"},"content":{"rendered":"<p>Motion Masters (12\u201318 kk) on sarja, joka on suunniteltu tukemaan vauvojen luonnollista motorista ja kognitiivista kehityst\u00e4. Erilaisten lelujen avulla lapset harjoittelevat koordinaatiota, kehitt\u00e4v\u00e4t sormien ja k\u00e4sien k\u00e4tevyytt\u00e4 sek\u00e4 oppivat tunnistamaan muotoja ja v\u00e4rej\u00e4. V\u00e4rikk\u00e4\u00e4t elementit ja puiset el\u00e4imet her\u00e4tt\u00e4v\u00e4t uteliaisuutta ja kannustavat l\u00f6yt\u00e4m\u00e4\u00e4n uusia taitoja joka p\u00e4iv\u00e4.Ominaisuudet<\/p>\n<p>* sarja sopii 12\u201318 kuukauden ik\u00e4isille lapsille<br \/>\n* tukee k\u00e4si-silm\u00e4-koordinaation ja hienomotoriikan kehityst\u00e4<br \/>\n* puuelementit, joissa on turvalliset reunat ja kest\u00e4v\u00e4 rakenne<br \/>\n* V\u00e4rikk\u00e4\u00e4t kuviot ja yksinkertaiset muodot helpottavat oppimista leikin kautta<br \/>\n* pakkaus on kahvallinen laatikko, joka sopii erinomaisesti lahjaksi<\/p>\n<p>Sarja sis\u00e4lt\u00e4\u00e4<\/p>\n<p>* puinen vasaralelu \u2013 v\u00e4rik\u00e4s penkki, jossa on 6 tappia ja vasara, kehitt\u00e4\u00e4 ranteen joustavuutta ja motorista koordinaatiota<br \/>\n* muotojen lajittelupyramidi \u2013 5 pinoa, jotka auttavat ymm\u00e4rt\u00e4m\u00e4\u00e4n koon ja m\u00e4\u00e4r\u00e4n k\u00e4sitteit\u00e4<br \/>\n* motorinen helminauha \u2013 puiset helmet langoilla, ihanteellinen sormien k\u00e4tevyyden ja kahden k\u00e4den koordinaation kehitt\u00e4miseen<br \/>\n* geometrinen palapeli \u2013 suuret palat kahvoilla, jotka auttavat tunnistamaan perusmuotoja ja v\u00e4rej\u00e4<br \/>\n* puinen kirja \u2013 pieni kirja, jossa on kuvia el\u00e4imist\u00e4, ihanteellinen ensimm\u00e4isiin lukuyrityksiin<br \/>\n* J\u00e4\u00e4karhu-vetolelu \u2013 s\u00f6p\u00f6 lelu, joka kehitt\u00e4\u00e4 karkeamotorisia taitoja ja kannustaa k\u00e4velem\u00e4\u00e4n<\/p>\n<p>Lelu kehitt\u00e4\u00e4<\/p>\n<p>* hieno- ja karkeamotorisia taitoja<br \/>\n* k\u00e4si-silm\u00e4-koordinaatiota<br \/>\n* muotojen ja v\u00e4rien tunnistamista<br \/>\n* k\u00e4tevyytt\u00e4 ja tarkkuutta<\/p>\n","protected":false},"excerpt":{"rendered":"<p>Motion Masters (12\u201318 kk) on sarja, joka on suunniteltu tukemaan vauvojen luonnollista motorista ja kognitiivista kehityst\u00e4. Erilaisten lelujen avulla lapset harjoittelevat koordinaatiota, kehitt\u00e4v\u00e4t sormien ja k\u00e4sien k\u00e4tevyytt\u00e4 sek\u00e4 oppivat tunnistamaan muotoja ja v\u00e4rej\u00e4. V\u00e4rikk\u00e4\u00e4t elementit ja puiset el\u00e4imet her\u00e4tt\u00e4v\u00e4t uteliaisuutta ja kannustavat l\u00f6yt\u00e4m\u00e4\u00e4n uusia taitoja joka p\u00e4iv\u00e4.Ominaisuudet * sarja sopii 12\u201318 kuukauden ik\u00e4isille lapsille * [&hellip;]<\/p>\n","protected":false},"featured_media":0,"comment_status":"open","ping_status":"closed","template":"","meta":[],"product_brand":[],"product_cat":[32],"product_tag":[],"class_list":{"0":"post-36884","1":"product","2":"type-product","3":"status-publish","5":"product_cat-uncategorized-fi","7":"first","8":"instock","9":"shipping-taxable","10":"purchasable","11":"product-type-simple"},"_links":{"self":[{"href":"https:\/\/nordicmart.andreevmaster.com\/fi\/wp-json\/wp\/v2\/product\/36884","targetHints":{"allow":["GET"]}}],"collection":[{"href":"https:\/\/nordicmart.andreevmaster.com\/fi\/wp-json\/wp\/v2\/product"}],"about":[{"href":"https:\/\/nordicmart.andreevmaster.com\/fi\/wp-json\/wp\/v2\/types\/product"}],"replies":[{"embeddable":true,"href":"https:\/\/nordicmart.andreevmaster.com\/fi\/wp-json\/wp\/v2\/comments?post=36884"}],"wp:attachment":[{"href":"https:\/\/nordicmart.andreevmaster.com\/fi\/wp-json\/wp\/v2\/media?parent=36884"}],"wp:term":[{"taxonomy":"product_brand","embeddable":true,"href":"https:\/\/nordicmart.andreevmaster.com\/fi\/wp-json\/wp\/v2\/product_brand?post=36884"},{"taxonomy":"product_cat","embeddable":true,"href":"https:\/\/nordicmart.andreevmaster.com\/fi\/wp-json\/wp\/v2\/product_cat?post=36884"},{"taxonomy":"product_tag","embeddable":true,"href":"https:\/\/nordicmart.andreevmaster.com\/fi\/wp-json\/wp\/v2\/product_tag?post=36884"}],"curies":[{"name":"wp","href":"https:\/\/api.w.org\/{rel}","templated":true}]}}