{"id":36883,"date":"2026-02-27T00:36:26","date_gmt":"2026-02-27T00:36:26","guid":{"rendered":"https:\/\/nordicmart.andreevmaster.com\/product\/viga-oppimislelusetti-6-12-kuukauden-ikaisille\/"},"modified":"2026-02-27T09:53:43","modified_gmt":"2026-02-27T09:53:43","slug":"viga-oppimislelusetti-6-12-kuukauden-ikaisille","status":"publish","type":"product","link":"https:\/\/nordicmart.andreevmaster.com\/fi\/tuote\/viga-oppimislelusetti-6-12-kuukauden-ikaisille\/","title":{"rendered":"VIGA-oppimislelusetti 6\u201312 kuukauden ik\u00e4isille"},"content":{"rendered":"<p>Little Explorers (6\u201312 kk) on upea opettavainen setti, joka tukee vauvojen kehityst\u00e4 ensimm\u00e4isen elinvuoden aikana. Se koostuu erilaisista leluista, jotka on suunniteltu kiinnostamaan lapsia ja stimuloimaan heid\u00e4n aistejaan leikin kautta. Jokainen elementti sopii t\u00e4ydellisesti pienille k\u00e4sille, joten lapset voivat helposti oppia uusia muotoja, v\u00e4rej\u00e4 ja \u00e4\u00e4ni\u00e4, mik\u00e4 tukee motoristen taitojen ja k\u00e4si-silm\u00e4-koordinaation kehityst\u00e4. Sarja on paitsi turvallinen my\u00f6s visuaalisesti houkutteleva, mik\u00e4 kannustaa lapsia tutkimaan maailmaa interaktiivisesti. Ominaisuudet * ihanteellinen 6\u201312 kuukauden ik\u00e4isille lapsille * valmistettu turvallisista materiaaleista, kuten puusta * stimuloi aistien kehityst\u00e4: tuntoa, kuuloa, n\u00e4k\u00f6\u00e4 * tukee hieno- ja karkeamotoristen taitojen kehityst\u00e4 * helppo tarttua, turvallinen ja vauvayst\u00e4v\u00e4llinen<\/p>\n<p>Sarja sis\u00e4lt\u00e4\u00e4<\/p>\n<p>* py\u00f6riv\u00e4 rumpu \u2013 stimuloi tunto- ja kuuloaistia yksinkertaisella mutta kiinnostavalla mekaniikallaan<br \/>\n* pehme\u00e4 aistipallo \u2013 kehitt\u00e4\u00e4 tarttumistaitoja ja tukee motorista kehityst\u00e4<br \/>\n* &#8221;sateenkeppi&#8221; -helistin \u2013 auttaa kehitt\u00e4m\u00e4\u00e4n kuuloaistia ja tukee hieno- ja karkeamotorisia taitoja<br \/>\n* puinen auto \u2013 helppo tarttua, ihanteellinen pienille k\u00e4sille, erinomainen manipulaatiotaitojen kehitt\u00e4miseen<br \/>\n* palapeli, jossa on suuret nupit \u2013 t\u00e4ydellinen k\u00e4si-silm\u00e4-koordinaation ja loogisen ajattelun kehitt\u00e4miseen<br \/>\n* laatikko, jossa on laatikko \u2013 tukee esineiden pysyvyyden k\u00e4sitteen oppimista ja kognitiivisten taitojen kehitt\u00e4mist\u00e4<\/p>\n<p>Lelu kehitt\u00e4\u00e4<\/p>\n<p>* k\u00e4si-silm\u00e4-koordinaatiota<br \/>\n* hieno- ja karkeamotorisia taitoja<br \/>\n* loogista ajattelua<br \/>\n* visuaalista havainnointia<\/p>\n","protected":false},"excerpt":{"rendered":"<p>Little Explorers (6\u201312 kk) on upea opettavainen setti, joka tukee vauvojen kehityst\u00e4 ensimm\u00e4isen elinvuoden aikana. Se koostuu erilaisista leluista, jotka on suunniteltu kiinnostamaan lapsia ja stimuloimaan heid\u00e4n aistejaan leikin kautta. Jokainen elementti sopii t\u00e4ydellisesti pienille k\u00e4sille, joten lapset voivat helposti oppia uusia muotoja, v\u00e4rej\u00e4 ja \u00e4\u00e4ni\u00e4, mik\u00e4 tukee motoristen taitojen ja k\u00e4si-silm\u00e4-koordinaation kehityst\u00e4. Sarja on [&hellip;]<\/p>\n","protected":false},"featured_media":0,"comment_status":"open","ping_status":"closed","template":"","meta":[],"product_brand":[],"product_cat":[32],"product_tag":[],"class_list":{"0":"post-36883","1":"product","2":"type-product","3":"status-publish","5":"product_cat-uncategorized-fi","7":"first","8":"instock","9":"shipping-taxable","10":"purchasable","11":"product-type-simple"},"_links":{"self":[{"href":"https:\/\/nordicmart.andreevmaster.com\/fi\/wp-json\/wp\/v2\/product\/36883","targetHints":{"allow":["GET"]}}],"collection":[{"href":"https:\/\/nordicmart.andreevmaster.com\/fi\/wp-json\/wp\/v2\/product"}],"about":[{"href":"https:\/\/nordicmart.andreevmaster.com\/fi\/wp-json\/wp\/v2\/types\/product"}],"replies":[{"embeddable":true,"href":"https:\/\/nordicmart.andreevmaster.com\/fi\/wp-json\/wp\/v2\/comments?post=36883"}],"wp:attachment":[{"href":"https:\/\/nordicmart.andreevmaster.com\/fi\/wp-json\/wp\/v2\/media?parent=36883"}],"wp:term":[{"taxonomy":"product_brand","embeddable":true,"href":"https:\/\/nordicmart.andreevmaster.com\/fi\/wp-json\/wp\/v2\/product_brand?post=36883"},{"taxonomy":"product_cat","embeddable":true,"href":"https:\/\/nordicmart.andreevmaster.com\/fi\/wp-json\/wp\/v2\/product_cat?post=36883"},{"taxonomy":"product_tag","embeddable":true,"href":"https:\/\/nordicmart.andreevmaster.com\/fi\/wp-json\/wp\/v2\/product_tag?post=36883"}],"curies":[{"name":"wp","href":"https:\/\/api.w.org\/{rel}","templated":true}]}}