{"id":36882,"date":"2026-02-27T00:36:26","date_gmt":"2026-02-27T00:36:26","guid":{"rendered":"https:\/\/nordicmart.andreevmaster.com\/product\/viga-oppimislelusetti-syntymasta-6-kuukauteen\/"},"modified":"2026-02-27T09:53:43","modified_gmt":"2026-02-27T09:53:43","slug":"viga-oppimislelusetti-syntymasta-6-kuukauteen","status":"publish","type":"product","link":"https:\/\/nordicmart.andreevmaster.com\/fi\/tuote\/viga-oppimislelusetti-syntymasta-6-kuukauteen\/","title":{"rendered":"VIGA-oppimislelusetti Syntym\u00e4st\u00e4 6 kuukauteen"},"content":{"rendered":"<p>Grow-with-Me Box (0-6M) on erityisesti vauvoille suunniteltu aistien kehittymist\u00e4 tukeva setti, joka tukee vauvan kehityst\u00e4 ensimm\u00e4isist\u00e4 elinp\u00e4ivist\u00e4 l\u00e4htien. Laatikko sis\u00e4lt\u00e4\u00e4 leluja, jotka stimuloivat n\u00e4k\u00f6\u00e4, kuuloa ja tuntoa ja auttavat kehitt\u00e4m\u00e4\u00e4n koordinaatiota ja motorisia taitoja. Jokainen tuote on valmistettu korkealaatuisista materiaaleista, kuten FSC-sertifioidusta puusta, mik\u00e4 takaa turvallisuuden ja kest\u00e4vyyden. Se on t\u00e4ydellinen ratkaisu vanhemmille, jotka etsiv\u00e4t kattavaa kehitystukea lapselleen. Ominaisuudet * 0\u20136 kuukauden ik\u00e4isten lasten tarpeisiin r\u00e4\u00e4t\u00e4l\u00f6ity setti * Lelut on valmistettu turvallisesta FSC-puusta ja ymp\u00e4rist\u00f6yst\u00e4v\u00e4llisist\u00e4 materiaaleista Ihanteellinen aistien stimuloimiseen: n\u00e4k\u00f6, kuulo ja tunto<br \/>\n* K\u00e4tev\u00e4 pakkaus, ihanteellinen s\u00e4ilytykseen ja lahjaksi antamiseen<br \/>\n* Sarja on k\u00e4ytt\u00f6valmis, mik\u00e4 s\u00e4\u00e4st\u00e4\u00e4 vanhempien aikaa<\/p>\n<p>Sarja sis\u00e4lt\u00e4\u00e4<\/p>\n<p>* kontrastikortit vastasyntyneiden n\u00e4\u00f6n stimuloimiseen<br \/>\n* puinen peili itsetutkiskeluun ja oman heijastuksen tunnistamisen kehitt\u00e4miseen<br \/>\n* helistin rullattavaksi, lihasten ja motorisen koordinaation vahvistamiseen<br \/>\n* kiekko esineiden siirt\u00e4miseen k\u00e4dest\u00e4 toiseen, oppimisprosessin tukemiseen<br \/>\n* kaksoismaracas rytmin ja keskittymiskyvyn kehitt\u00e4miseen<br \/>\n* aistipallojen sarja tuntoaistin stimuloimiseen ja tarttumisen harjoitteluun<\/p>\n<p>Lelu kehitt\u00e4\u00e4<\/p>\n<p>* karkeamotorisia taitoja<br \/>\n* k\u00e4si-silm\u00e4-koordinaatiota<br \/>\n* visuaalista havainnointia<br \/>\n* itsetuntemusta<\/p>\n","protected":false},"excerpt":{"rendered":"<p>Grow-with-Me Box (0-6M) on erityisesti vauvoille suunniteltu aistien kehittymist\u00e4 tukeva setti, joka tukee vauvan kehityst\u00e4 ensimm\u00e4isist\u00e4 elinp\u00e4ivist\u00e4 l\u00e4htien. Laatikko sis\u00e4lt\u00e4\u00e4 leluja, jotka stimuloivat n\u00e4k\u00f6\u00e4, kuuloa ja tuntoa ja auttavat kehitt\u00e4m\u00e4\u00e4n koordinaatiota ja motorisia taitoja. Jokainen tuote on valmistettu korkealaatuisista materiaaleista, kuten FSC-sertifioidusta puusta, mik\u00e4 takaa turvallisuuden ja kest\u00e4vyyden. Se on t\u00e4ydellinen ratkaisu vanhemmille, jotka etsiv\u00e4t [&hellip;]<\/p>\n","protected":false},"featured_media":0,"comment_status":"open","ping_status":"closed","template":"","meta":[],"product_brand":[],"product_cat":[32],"product_tag":[],"class_list":{"0":"post-36882","1":"product","2":"type-product","3":"status-publish","5":"product_cat-uncategorized-fi","7":"first","8":"instock","9":"shipping-taxable","10":"purchasable","11":"product-type-simple"},"_links":{"self":[{"href":"https:\/\/nordicmart.andreevmaster.com\/fi\/wp-json\/wp\/v2\/product\/36882","targetHints":{"allow":["GET"]}}],"collection":[{"href":"https:\/\/nordicmart.andreevmaster.com\/fi\/wp-json\/wp\/v2\/product"}],"about":[{"href":"https:\/\/nordicmart.andreevmaster.com\/fi\/wp-json\/wp\/v2\/types\/product"}],"replies":[{"embeddable":true,"href":"https:\/\/nordicmart.andreevmaster.com\/fi\/wp-json\/wp\/v2\/comments?post=36882"}],"wp:attachment":[{"href":"https:\/\/nordicmart.andreevmaster.com\/fi\/wp-json\/wp\/v2\/media?parent=36882"}],"wp:term":[{"taxonomy":"product_brand","embeddable":true,"href":"https:\/\/nordicmart.andreevmaster.com\/fi\/wp-json\/wp\/v2\/product_brand?post=36882"},{"taxonomy":"product_cat","embeddable":true,"href":"https:\/\/nordicmart.andreevmaster.com\/fi\/wp-json\/wp\/v2\/product_cat?post=36882"},{"taxonomy":"product_tag","embeddable":true,"href":"https:\/\/nordicmart.andreevmaster.com\/fi\/wp-json\/wp\/v2\/product_tag?post=36882"}],"curies":[{"name":"wp","href":"https:\/\/api.w.org\/{rel}","templated":true}]}}