{"id":36881,"date":"2026-02-27T00:36:25","date_gmt":"2026-02-27T00:36:25","guid":{"rendered":"https:\/\/nordicmart.andreevmaster.com\/product\/viga-polarb-puinen-keittiosetti-xl-pesukone-liesi-astianpesukone-vihrea\/"},"modified":"2026-02-27T09:53:43","modified_gmt":"2026-02-27T09:53:43","slug":"viga-polarb-puinen-keittiosetti-xl-pesukone-liesi-astianpesukone-vihrea","status":"publish","type":"product","link":"https:\/\/nordicmart.andreevmaster.com\/fi\/tuote\/viga-polarb-puinen-keittiosetti-xl-pesukone-liesi-astianpesukone-vihrea\/","title":{"rendered":"VIGA PolarB Puinen keitti\u00f6setti XL Pesukone Liesi Astianpesukone &#8211; Vihre\u00e4"},"content":{"rendered":"<p>T\u00e4m\u00e4 Vigan suuri puinen keitti\u00f6setti pikkulapsille on erityisesti suunniteltu setti, joka tarjoaa lapsellesi unohtumattomia hetki\u00e4! Settiin kuuluu j\u00e4\u00e4kaappi, liesi uunilla, pesuallas, astianpesukone ja pesukone. Paksut kahvat helpottavat ovien avaamista ja sulkemista, ja kaikki nupit antavat napsahduksen, kun niit\u00e4 k\u00e4\u00e4nnet\u00e4\u00e4n. Kauniit pastelliv\u00e4rit her\u00e4tt\u00e4v\u00e4t lapsesi huomion ja toimivat samalla vieh\u00e4tt\u00e4v\u00e4n\u00e4 sisustuksena huoneeseen. Setti on t\u00e4ysin turvallinen pienimmille lapsille, sill\u00e4 siin\u00e4 ei ole ter\u00e4vi\u00e4 reunoja tai kulmia. Lelukeitti\u00f6 on lasten luovan leikin keskus, joka kehitt\u00e4\u00e4 heid\u00e4n mielikuvitustaan, yhteisty\u00f6taitojaan ja motorisia taitojaan. Pikkulapsesi voi leikki\u00e4 aikuisten el\u00e4m\u00e4st\u00e4, valmistaa aterioita rakkailleen ja harjoitella itsen\u00e4isyytt\u00e4. Se on loistava tapa opettaa lapsille interaktiivisesti ruokaa, ruoanlaittoa, laskemista, v\u00e4rej\u00e4 ja muotoja. Lis\u00e4ksi t\u00e4m\u00e4 lelu kasvaa lapsen mukana, ja erilaiset lis\u00e4varusteet mahdollistavat monipuolisen leikin!<\/p>\n<p>Ominaisuudet:<\/p>\n<p>* &#8211; Lelu 18 kuukauden ik\u00e4isille ja sit\u00e4 vanhemmille lapsille<br \/>\n* &#8211; Turvallinen lapsille, ei ter\u00e4vi\u00e4 reunoja<br \/>\n* &#8211; Kauniit pastelliv\u00e4rit<br \/>\n* &#8211; Paljon s\u00e4ilytystilaa<br \/>\n* &#8211; Pituus jopa 130 cm<br \/>\n* &#8211; Tarjoaa tuntikausia luovaa hauskaa<\/p>\n<p>Setti sis\u00e4lt\u00e4\u00e4:<\/p>\n<p>* &#8211; Pesukone<br \/>\n* &#8211; Tiskialtaan ja astianpesukoneen<br \/>\n* &#8211; Lieden ja uunin<br \/>\n* &#8211; J\u00e4\u00e4kaapin<br \/>\n* &#8211; Kaapin<br \/>\n* &#8211; Runsaasti tilaa keitti\u00f6n ty\u00f6tasolla<\/p>\n","protected":false},"excerpt":{"rendered":"<p>T\u00e4m\u00e4 Vigan suuri puinen keitti\u00f6setti pikkulapsille on erityisesti suunniteltu setti, joka tarjoaa lapsellesi unohtumattomia hetki\u00e4! Settiin kuuluu j\u00e4\u00e4kaappi, liesi uunilla, pesuallas, astianpesukone ja pesukone. Paksut kahvat helpottavat ovien avaamista ja sulkemista, ja kaikki nupit antavat napsahduksen, kun niit\u00e4 k\u00e4\u00e4nnet\u00e4\u00e4n. Kauniit pastelliv\u00e4rit her\u00e4tt\u00e4v\u00e4t lapsesi huomion ja toimivat samalla vieh\u00e4tt\u00e4v\u00e4n\u00e4 sisustuksena huoneeseen. Setti on t\u00e4ysin turvallinen pienimmille [&hellip;]<\/p>\n","protected":false},"featured_media":0,"comment_status":"open","ping_status":"closed","template":"","meta":[],"product_brand":[],"product_cat":[32],"product_tag":[],"class_list":{"0":"post-36881","1":"product","2":"type-product","3":"status-publish","5":"product_cat-uncategorized-fi","7":"first","8":"instock","9":"shipping-taxable","10":"purchasable","11":"product-type-simple"},"_links":{"self":[{"href":"https:\/\/nordicmart.andreevmaster.com\/fi\/wp-json\/wp\/v2\/product\/36881","targetHints":{"allow":["GET"]}}],"collection":[{"href":"https:\/\/nordicmart.andreevmaster.com\/fi\/wp-json\/wp\/v2\/product"}],"about":[{"href":"https:\/\/nordicmart.andreevmaster.com\/fi\/wp-json\/wp\/v2\/types\/product"}],"replies":[{"embeddable":true,"href":"https:\/\/nordicmart.andreevmaster.com\/fi\/wp-json\/wp\/v2\/comments?post=36881"}],"wp:attachment":[{"href":"https:\/\/nordicmart.andreevmaster.com\/fi\/wp-json\/wp\/v2\/media?parent=36881"}],"wp:term":[{"taxonomy":"product_brand","embeddable":true,"href":"https:\/\/nordicmart.andreevmaster.com\/fi\/wp-json\/wp\/v2\/product_brand?post=36881"},{"taxonomy":"product_cat","embeddable":true,"href":"https:\/\/nordicmart.andreevmaster.com\/fi\/wp-json\/wp\/v2\/product_cat?post=36881"},{"taxonomy":"product_tag","embeddable":true,"href":"https:\/\/nordicmart.andreevmaster.com\/fi\/wp-json\/wp\/v2\/product_tag?post=36881"}],"curies":[{"name":"wp","href":"https:\/\/api.w.org\/{rel}","templated":true}]}}