{"id":36880,"date":"2026-02-27T00:36:25","date_gmt":"2026-02-27T00:36:25","guid":{"rendered":"https:\/\/nordicmart.andreevmaster.com\/product\/viga-polarb-puinen-pesukoneen-lisavarusteet\/"},"modified":"2026-02-27T09:53:43","modified_gmt":"2026-02-27T09:53:43","slug":"viga-polarb-puinen-pesukoneen-lisavarusteet","status":"publish","type":"product","link":"https:\/\/nordicmart.andreevmaster.com\/fi\/tuote\/viga-polarb-puinen-pesukoneen-lisavarusteet\/","title":{"rendered":"VIGA PolarB Puinen pesukoneen lis\u00e4varusteet"},"content":{"rendered":"<p>Tunnettujen Viga-tuotemerkin PolarB-sarjan puinen pesukone on erinomainen opettavainen lelu lapsille, joka mahdollistaa luovan roolileikin. Realistisen muotoilunsa ja toiminnallisten elementtiens\u00e4 ansiosta pienet voivat ottaa aikuisten roolin ja oppia samalla peruskotit\u00f6it\u00e4. Tuote sopii erinomaisesti 3-vuotiaille ja sit\u00e4 vanhemmille lapsille. <\/p>\n<p>\u2705Ominaisuudet:<\/p>\n<p>\u2714\ufe0f 3-vuotiaille ja sit\u00e4 vanhemmille lapsille \u2714\ufe0f Avautuva ovi j\u00e4ljittelee oikeaa pesukonetta, joten lapset voivat laittaa &#8221;pyykki\u00e4&#8221; sis\u00e4\u00e4n ja ottaa sen pois. \u2714\ufe0f Kahden puisen nupin avulla lapset voivat asettaa ohjelmia, mik\u00e4 kehitt\u00e4\u00e4 heid\u00e4n k\u00e4dentaitojaan. \u2714\ufe0f Sivulle taittuvat varret ja minipinnit mahdollistavat s\u00f6p\u00f6jen, v\u00e4rikk\u00e4iden huopavaatteiden ripustamisen. \u2714\ufe0f Sivulle taittuva pieni silityslauta \u2714\ufe0f Sarja sis\u00e4lt\u00e4\u00e4 puisen pesuaineen, silitysraudan ja pyykkikorin, jotka tekev\u00e4t leikkimisest\u00e4 entist\u00e4 hauskempaa.<br \/>\n\u2705Setti sis\u00e4lt\u00e4\u00e4:<br \/>\n\u2714\ufe0f Puinen pesukone \u2714\ufe0f Pyykki kori \u2714\ufe0f Huopaiset &#8221;vaatteet&#8221; \u2714\ufe0f Puinen silitysrauta \u2714\ufe0f Puinen pesuaine<br \/>\n\u2705Lelu kehitt\u00e4\u00e4:<br \/>\n\u2714\ufe0f Perus kotit\u00f6iden oppimista \u2714\ufe0f Motoristen taitojen kehittymist\u00e4 \u2714\ufe0f Luovuuden ja mielikuvituksen kehittymist\u00e4<\/p>\n","protected":false},"excerpt":{"rendered":"<p>Tunnettujen Viga-tuotemerkin PolarB-sarjan puinen pesukone on erinomainen opettavainen lelu lapsille, joka mahdollistaa luovan roolileikin. Realistisen muotoilunsa ja toiminnallisten elementtiens\u00e4 ansiosta pienet voivat ottaa aikuisten roolin ja oppia samalla peruskotit\u00f6it\u00e4. Tuote sopii erinomaisesti 3-vuotiaille ja sit\u00e4 vanhemmille lapsille. \u2705Ominaisuudet: \u2714\ufe0f 3-vuotiaille ja sit\u00e4 vanhemmille lapsille \u2714\ufe0f Avautuva ovi j\u00e4ljittelee oikeaa pesukonetta, joten lapset voivat laittaa &#8221;pyykki\u00e4&#8221; [&hellip;]<\/p>\n","protected":false},"featured_media":0,"comment_status":"open","ping_status":"closed","template":"","meta":[],"product_brand":[],"product_cat":[32],"product_tag":[],"class_list":{"0":"post-36880","1":"product","2":"type-product","3":"status-publish","5":"product_cat-uncategorized-fi","7":"first","8":"instock","9":"shipping-taxable","10":"purchasable","11":"product-type-simple"},"_links":{"self":[{"href":"https:\/\/nordicmart.andreevmaster.com\/fi\/wp-json\/wp\/v2\/product\/36880","targetHints":{"allow":["GET"]}}],"collection":[{"href":"https:\/\/nordicmart.andreevmaster.com\/fi\/wp-json\/wp\/v2\/product"}],"about":[{"href":"https:\/\/nordicmart.andreevmaster.com\/fi\/wp-json\/wp\/v2\/types\/product"}],"replies":[{"embeddable":true,"href":"https:\/\/nordicmart.andreevmaster.com\/fi\/wp-json\/wp\/v2\/comments?post=36880"}],"wp:attachment":[{"href":"https:\/\/nordicmart.andreevmaster.com\/fi\/wp-json\/wp\/v2\/media?parent=36880"}],"wp:term":[{"taxonomy":"product_brand","embeddable":true,"href":"https:\/\/nordicmart.andreevmaster.com\/fi\/wp-json\/wp\/v2\/product_brand?post=36880"},{"taxonomy":"product_cat","embeddable":true,"href":"https:\/\/nordicmart.andreevmaster.com\/fi\/wp-json\/wp\/v2\/product_cat?post=36880"},{"taxonomy":"product_tag","embeddable":true,"href":"https:\/\/nordicmart.andreevmaster.com\/fi\/wp-json\/wp\/v2\/product_tag?post=36880"}],"curies":[{"name":"wp","href":"https:\/\/api.w.org\/{rel}","templated":true}]}}