{"id":36879,"date":"2026-02-27T00:36:25","date_gmt":"2026-02-27T00:36:25","guid":{"rendered":"https:\/\/nordicmart.andreevmaster.com\/product\/viga-polarb-suuri-puinen-keittio-taitettavalla-tyotasolla-kaappi-verholla\/"},"modified":"2026-02-27T09:53:42","modified_gmt":"2026-02-27T09:53:42","slug":"viga-polarb-suuri-puinen-keittio-taitettavalla-tyotasolla-kaappi-verholla","status":"publish","type":"product","link":"https:\/\/nordicmart.andreevmaster.com\/fi\/tuote\/viga-polarb-suuri-puinen-keittio-taitettavalla-tyotasolla-kaappi-verholla\/","title":{"rendered":"VIGA PolarB suuri puinen keitti\u00f6 taitettavalla ty\u00f6tasolla + kaappi verholla"},"content":{"rendered":"<p>T\u00e4m\u00e4 vieh\u00e4tt\u00e4v\u00e4 puinen keitti\u00f6 tunnetulta Viga-br\u00e4ndilt\u00e4 on loistava idea kest\u00e4v\u00e4lle lelulle lapsellesi. Keitti\u00f6 on suunniteltu niin, ett\u00e4 lapsesi voi tuntea itsens\u00e4 oikeaksi kokiksi! Peilattu liesituuletin, liesi ja uuni ovat vain osa t\u00e4m\u00e4n lelun tarjoamista mukavuuksista. Leikin aikana lapset oppivat k\u00e4ytt\u00e4m\u00e4\u00e4n keitti\u00f6v\u00e4lineit\u00e4, luovaa ajattelua ja mielikuvitustaan. Ominaisuudet: * &#8211; Lelu 3-vuotiaille ja sit\u00e4 vanhemmille lapsille * &#8211; Kauniit v\u00e4rit, hyv\u00e4 ty\u00f6n laatu * &#8211; Leikin aikana lapset oppivat ottamaan vastuuta omasta sotkustaan ja siivoamisesta * &#8211; Lis\u00e4varusteet kuten oikeassa keitti\u00f6ss\u00e4 * &#8211; Helppo koota, t\u00e4ysin turvallinen lapsille<\/p>\n<p>Setti sis\u00e4lt\u00e4\u00e4:<\/p>\n<p>* uunin, jossa on vieh\u00e4tt\u00e4v\u00e4 lasinen karhunp\u00e4\u00e4kuvio<br \/>\n* kattilan, 2 lautasta ja paistinpannun<br \/>\n* kaapin, jossa on pehme\u00e4st\u00e4 kankaasta valmistettu verho<br \/>\n* liikkuvan hanan pesualtaan vieress\u00e4 sek\u00e4 liesi- ja uunin nupit<br \/>\n* maustehylly, jossa suola- ja pippurisirotin<br \/>\n* taitettava sivup\u00f6yt\u00e4 \u2013 leikkaamiseen tai ruokailuun<br \/>\n* koukku keitti\u00f6v\u00e4lineiden ripustamiseen: lusikat, lastat, veitset ja leikkuulaudat<\/p>\n<p>Keitti\u00f6n mitat: 72,9 x 30 x 64,2 (cm)<\/p>\n","protected":false},"excerpt":{"rendered":"<p>T\u00e4m\u00e4 vieh\u00e4tt\u00e4v\u00e4 puinen keitti\u00f6 tunnetulta Viga-br\u00e4ndilt\u00e4 on loistava idea kest\u00e4v\u00e4lle lelulle lapsellesi. Keitti\u00f6 on suunniteltu niin, ett\u00e4 lapsesi voi tuntea itsens\u00e4 oikeaksi kokiksi! Peilattu liesituuletin, liesi ja uuni ovat vain osa t\u00e4m\u00e4n lelun tarjoamista mukavuuksista. Leikin aikana lapset oppivat k\u00e4ytt\u00e4m\u00e4\u00e4n keitti\u00f6v\u00e4lineit\u00e4, luovaa ajattelua ja mielikuvitustaan. Ominaisuudet: * &#8211; Lelu 3-vuotiaille ja sit\u00e4 vanhemmille lapsille * [&hellip;]<\/p>\n","protected":false},"featured_media":0,"comment_status":"open","ping_status":"closed","template":"","meta":[],"product_brand":[],"product_cat":[32],"product_tag":[],"class_list":{"0":"post-36879","1":"product","2":"type-product","3":"status-publish","5":"product_cat-uncategorized-fi","7":"first","8":"instock","9":"shipping-taxable","10":"purchasable","11":"product-type-simple"},"_links":{"self":[{"href":"https:\/\/nordicmart.andreevmaster.com\/fi\/wp-json\/wp\/v2\/product\/36879","targetHints":{"allow":["GET"]}}],"collection":[{"href":"https:\/\/nordicmart.andreevmaster.com\/fi\/wp-json\/wp\/v2\/product"}],"about":[{"href":"https:\/\/nordicmart.andreevmaster.com\/fi\/wp-json\/wp\/v2\/types\/product"}],"replies":[{"embeddable":true,"href":"https:\/\/nordicmart.andreevmaster.com\/fi\/wp-json\/wp\/v2\/comments?post=36879"}],"wp:attachment":[{"href":"https:\/\/nordicmart.andreevmaster.com\/fi\/wp-json\/wp\/v2\/media?parent=36879"}],"wp:term":[{"taxonomy":"product_brand","embeddable":true,"href":"https:\/\/nordicmart.andreevmaster.com\/fi\/wp-json\/wp\/v2\/product_brand?post=36879"},{"taxonomy":"product_cat","embeddable":true,"href":"https:\/\/nordicmart.andreevmaster.com\/fi\/wp-json\/wp\/v2\/product_cat?post=36879"},{"taxonomy":"product_tag","embeddable":true,"href":"https:\/\/nordicmart.andreevmaster.com\/fi\/wp-json\/wp\/v2\/product_tag?post=36879"}],"curies":[{"name":"wp","href":"https:\/\/api.w.org\/{rel}","templated":true}]}}