{"id":36878,"date":"2026-02-27T00:36:24","date_gmt":"2026-02-27T00:36:24","guid":{"rendered":"https:\/\/nordicmart.andreevmaster.com\/product\/viga-polarb-nayttohylly\/"},"modified":"2026-02-27T09:53:42","modified_gmt":"2026-02-27T09:53:42","slug":"viga-polarb-nayttohylly","status":"publish","type":"product","link":"https:\/\/nordicmart.andreevmaster.com\/fi\/tuote\/viga-polarb-nayttohylly\/","title":{"rendered":"VIGA PolarB-n\u00e4ytt\u00f6hylly"},"content":{"rendered":"<p>PolarB-n\u00e4ytt\u00f6hylly sopii t\u00e4ydellisesti mihin tahansa lastenhuoneeseen. Hylly on valmistettu korkealaatuisesta puusta, joka on maalattu myrkytt\u00f6mill\u00e4 maaleilla, ja siin\u00e4 on kiinnitetty huomiota jokaiseen yksityiskohtaan. Hyllyss\u00e4 on 3 hylly\u00e4, joille voit sijoittaa koristeita, leluja tai kukkia. Tuote on suunniteltu pienimm\u00e4t mieless\u00e4, mink\u00e4 vuoksi hyllyn reunat ovat py\u00f6ristetyt. Koko hylly on maalattu pehmeill\u00e4 v\u00e4reill\u00e4, jotka sopivat varmasti moniin huoneisiin.Ominaisuudet:<\/p>\n<p>* &#8211; korkealaatuiset materiaalit,<br \/>\n* &#8211; suuri huomiota yksityiskohtiin,<br \/>\n* &#8211; pehme\u00e4t v\u00e4rit,<br \/>\n* &#8211; myrkytt\u00f6mill\u00e4 maaleilla maalattu kirjahylly,<br \/>\n* &#8211; kirjahylly koostuu 3 hyllyst\u00e4,<br \/>\n* &#8211; sopii mihin tahansa huoneeseen tai myym\u00e4l\u00e4\u00e4n<br \/>\n* &#8211; PolarB-sarjan tuote,<br \/>\n* &#8211; ilmainen esittelyteline saatavilla Polar B -tuotesarjan paketin ostajille \u2013 kysy lis\u00e4tietoja.<\/p>\n<p>VIGA TOYS -lelut ovat kauniita, hyvin suunniteltuja ja turvallisia puuleluja. Yli 20 vuoden kokemus takaa laadun ja erinomaisen muotoilun. Puulelujen valikoima sis\u00e4lt\u00e4\u00e4: keitti\u00f6t, tarvikkeet, vauvan k\u00e4velytuolit, polkupy\u00f6r\u00e4t, opettavaiset lelut, musiikkilelut, nauhalelut, taitolelut, litte\u00e4t palikat, tilapalat, junat ja junasarjat, leikkim\u00f6kit ja teatterit, palapelit, pelit, minilelut, koulutarvikkeet ja paljon muuta.<\/p>\n","protected":false},"excerpt":{"rendered":"<p>PolarB-n\u00e4ytt\u00f6hylly sopii t\u00e4ydellisesti mihin tahansa lastenhuoneeseen. Hylly on valmistettu korkealaatuisesta puusta, joka on maalattu myrkytt\u00f6mill\u00e4 maaleilla, ja siin\u00e4 on kiinnitetty huomiota jokaiseen yksityiskohtaan. Hyllyss\u00e4 on 3 hylly\u00e4, joille voit sijoittaa koristeita, leluja tai kukkia. Tuote on suunniteltu pienimm\u00e4t mieless\u00e4, mink\u00e4 vuoksi hyllyn reunat ovat py\u00f6ristetyt. Koko hylly on maalattu pehmeill\u00e4 v\u00e4reill\u00e4, jotka sopivat varmasti moniin [&hellip;]<\/p>\n","protected":false},"featured_media":0,"comment_status":"open","ping_status":"closed","template":"","meta":[],"product_brand":[],"product_cat":[32],"product_tag":[],"class_list":{"0":"post-36878","1":"product","2":"type-product","3":"status-publish","5":"product_cat-uncategorized-fi","7":"first","8":"instock","9":"shipping-taxable","10":"purchasable","11":"product-type-simple"},"_links":{"self":[{"href":"https:\/\/nordicmart.andreevmaster.com\/fi\/wp-json\/wp\/v2\/product\/36878","targetHints":{"allow":["GET"]}}],"collection":[{"href":"https:\/\/nordicmart.andreevmaster.com\/fi\/wp-json\/wp\/v2\/product"}],"about":[{"href":"https:\/\/nordicmart.andreevmaster.com\/fi\/wp-json\/wp\/v2\/types\/product"}],"replies":[{"embeddable":true,"href":"https:\/\/nordicmart.andreevmaster.com\/fi\/wp-json\/wp\/v2\/comments?post=36878"}],"wp:attachment":[{"href":"https:\/\/nordicmart.andreevmaster.com\/fi\/wp-json\/wp\/v2\/media?parent=36878"}],"wp:term":[{"taxonomy":"product_brand","embeddable":true,"href":"https:\/\/nordicmart.andreevmaster.com\/fi\/wp-json\/wp\/v2\/product_brand?post=36878"},{"taxonomy":"product_cat","embeddable":true,"href":"https:\/\/nordicmart.andreevmaster.com\/fi\/wp-json\/wp\/v2\/product_cat?post=36878"},{"taxonomy":"product_tag","embeddable":true,"href":"https:\/\/nordicmart.andreevmaster.com\/fi\/wp-json\/wp\/v2\/product_tag?post=36878"}],"curies":[{"name":"wp","href":"https:\/\/api.w.org\/{rel}","templated":true}]}}