{"id":36877,"date":"2026-02-27T00:36:24","date_gmt":"2026-02-27T00:36:24","guid":{"rendered":"https:\/\/nordicmart.andreevmaster.com\/product\/viga-polarb-puinen-markkinakoju-setti-xxl-markkinakoju-tarvikkeet-kauppa\/"},"modified":"2026-02-27T09:53:42","modified_gmt":"2026-02-27T09:53:42","slug":"viga-polarb-puinen-markkinakoju-setti-xxl-markkinakoju-tarvikkeet-kauppa","status":"publish","type":"product","link":"https:\/\/nordicmart.andreevmaster.com\/fi\/tuote\/viga-polarb-puinen-markkinakoju-setti-xxl-markkinakoju-tarvikkeet-kauppa\/","title":{"rendered":"VIGA PolarB Puinen markkinakoju-setti XXl Markkinakoju-tarvikkeet Kauppa"},"content":{"rendered":"<p>VIGA:n puinen markkinakoju vie leikkikauppiaan roolileikin uudelle tasolle. Massiivipuusta valmistettu ja pastellis\u00e4vyisill\u00e4 vihreill\u00e4 v\u00e4reill\u00e4 maalattu koju vieh\u00e4tt\u00e4\u00e4 varmasti lapsesi ja tulee heid\u00e4n suosikkileikkipaikakseen. Siin\u00e4 on kaksi hylly\u00e4, joista ylempi on jaettu kolmeen erilliseen osastoon, kangaskatos, pieni liitutaulu myyt\u00e4vien tuotteiden kuvaamiseen ja hintojen kirjoittamiseen sek\u00e4 pieni kello asiakkaiden huomion her\u00e4tt\u00e4miseen. Sarja sis\u00e4lt\u00e4\u00e4 18 elintarviketta, joten koju ei ole koskaan tyhj\u00e4.Ominaisuudet:<\/p>\n<p>* &#8211; lelu 3-vuotiaille ja sit\u00e4 vanhemmille lapsille<br \/>\n* &#8211; sarja sis\u00e4lt\u00e4\u00e4 18 elintarviketta<br \/>\n* &#8211; pieni liitutaulu tuotteiden hintojen kirjoittamista varten<br \/>\n* &#8211; kello asiakkaiden huomion her\u00e4tt\u00e4miseen<br \/>\n* &#8211; voi tulla suosikkileikkipaikaksi roolileikkeihin<br \/>\n* &#8211; valmistettu massiivipuusta, maalattu myrkytt\u00f6mill\u00e4 maaleilla<\/p>\n<p>Lelu kehitt\u00e4\u00e4:<\/p>\n<p>* &#8211; mielikuvitusta<br \/>\n* &#8211; sosiaalisia ja viestint\u00e4taitoja<br \/>\n* &#8211; loogista ajattelua<\/p>\n","protected":false},"excerpt":{"rendered":"<p>VIGA:n puinen markkinakoju vie leikkikauppiaan roolileikin uudelle tasolle. Massiivipuusta valmistettu ja pastellis\u00e4vyisill\u00e4 vihreill\u00e4 v\u00e4reill\u00e4 maalattu koju vieh\u00e4tt\u00e4\u00e4 varmasti lapsesi ja tulee heid\u00e4n suosikkileikkipaikakseen. Siin\u00e4 on kaksi hylly\u00e4, joista ylempi on jaettu kolmeen erilliseen osastoon, kangaskatos, pieni liitutaulu myyt\u00e4vien tuotteiden kuvaamiseen ja hintojen kirjoittamiseen sek\u00e4 pieni kello asiakkaiden huomion her\u00e4tt\u00e4miseen. Sarja sis\u00e4lt\u00e4\u00e4 18 elintarviketta, joten koju [&hellip;]<\/p>\n","protected":false},"featured_media":0,"comment_status":"open","ping_status":"closed","template":"","meta":[],"product_brand":[],"product_cat":[32],"product_tag":[],"class_list":{"0":"post-36877","1":"product","2":"type-product","3":"status-publish","5":"product_cat-uncategorized-fi","7":"first","8":"instock","9":"shipping-taxable","10":"purchasable","11":"product-type-simple"},"_links":{"self":[{"href":"https:\/\/nordicmart.andreevmaster.com\/fi\/wp-json\/wp\/v2\/product\/36877","targetHints":{"allow":["GET"]}}],"collection":[{"href":"https:\/\/nordicmart.andreevmaster.com\/fi\/wp-json\/wp\/v2\/product"}],"about":[{"href":"https:\/\/nordicmart.andreevmaster.com\/fi\/wp-json\/wp\/v2\/types\/product"}],"replies":[{"embeddable":true,"href":"https:\/\/nordicmart.andreevmaster.com\/fi\/wp-json\/wp\/v2\/comments?post=36877"}],"wp:attachment":[{"href":"https:\/\/nordicmart.andreevmaster.com\/fi\/wp-json\/wp\/v2\/media?parent=36877"}],"wp:term":[{"taxonomy":"product_brand","embeddable":true,"href":"https:\/\/nordicmart.andreevmaster.com\/fi\/wp-json\/wp\/v2\/product_brand?post=36877"},{"taxonomy":"product_cat","embeddable":true,"href":"https:\/\/nordicmart.andreevmaster.com\/fi\/wp-json\/wp\/v2\/product_cat?post=36877"},{"taxonomy":"product_tag","embeddable":true,"href":"https:\/\/nordicmart.andreevmaster.com\/fi\/wp-json\/wp\/v2\/product_tag?post=36877"}],"curies":[{"name":"wp","href":"https:\/\/api.w.org\/{rel}","templated":true}]}}