{"id":36876,"date":"2026-02-27T00:36:24","date_gmt":"2026-02-27T00:36:24","guid":{"rendered":"https:\/\/nordicmart.andreevmaster.com\/product\/viga-polarb-educational-8-in-1-activity-cube-2\/"},"modified":"2026-02-27T09:53:42","modified_gmt":"2026-02-27T09:53:42","slug":"viga-polarb-educational-8-in-1-activity-cube-2","status":"publish","type":"product","link":"https:\/\/nordicmart.andreevmaster.com\/fi\/tuote\/viga-polarb-educational-8-in-1-activity-cube-2\/","title":{"rendered":"VIGA PolarB Educational 8-in-1 Activity Cube"},"content":{"rendered":"<p>Vigan 8-in-1 Activity Cube on upea lelu, joka yhdist\u00e4\u00e4 nerokkaasti kauneuden, hauskuuden ja oppimisen. Se on saanut tunnustusta Yhdysvalloissa, jossa se sai vuonna 2023 arvostetun PAL Awards 2023 -palkinnon sertifioiduilta puheterapeuteilta. T\u00e4m\u00e4 monipuolinen kuutio avaa nuorille mielille uuden maailman mahdollisuuksia, tukee kognitiivista kehityst\u00e4 ja kielitaitoa sek\u00e4 vahvistaa merkityksellisi\u00e4 vuorovaikutussuhteita lasten ja hoitajien v\u00e4lill\u00e4. Leikin kautta se mahdollistaa uusien sanojen ja k\u00e4sitteiden oppimisen ja kannustaa itsen\u00e4iseen ajatteluun. T\u00e4ss\u00e4 opettavassa kuutiossa on 8 erilaista aktiviteettia, jotka on suunniteltu k\u00e4sittelem\u00e4\u00e4n lapsen kehityksen eri osa-alueita ja rikastuttamaan oppimista. Muotosortteri, moottorilenkki ja py\u00f6riv\u00e4 py\u00f6r\u00e4 mahdollistavat k\u00e4si-silm\u00e4-koordinaation, hienomotoriikan ja tilallisen ymm\u00e4rryksen harjoittelun. Ksylofoni ja liitutaulu kehitt\u00e4v\u00e4t luovuutta, kun taas peili ja lohkojen vet\u00e4m\u00e4ll\u00e4 toimiva suljin tukevat kognitiivisten taitojen kehityst\u00e4. Kahdeksas ja viimeinen aktiviteetti on sein\u00e4, jonka takana on el\u00e4imi\u00e4, jotka on piilotettu niiden ruokaa vastaavien l\u00e4ppien taakse.Ominaisuudet:<\/p>\n<p>* &#8211; lelu 18 kuukauden ik\u00e4isille ja sit\u00e4 vanhemmille<br \/>\n* &#8211; aktiviteettikuutio voitti PAL Awards 2023 -palkinnon Yhdysvalloissa<br \/>\n* &#8211; sis\u00e4lt\u00e4\u00e4 8 aktiviteettia: toisiinsa kiinnittyv\u00e4t palikat, lajittelija, peili, ksylofoni, liitutaulu, py\u00f6riv\u00e4 py\u00f6r\u00e4, palikoiden poistamiseen tarkoitettu s\u00e4leikk\u00f6 ja sein\u00e4, jonka takana on el\u00e4imi\u00e4 niiden ruoan kuvien takana<br \/>\n* &#8211; tukee lapsen kehityksen eri osa-alueita leikin kautta<br \/>\n* &#8211; voidaan k\u00e4ytt\u00e4\u00e4 uusien sanojen ja k\u00e4sitteiden opettamiseen<br \/>\n* &#8211; kannustaa itsen\u00e4iseen ajatteluun<br \/>\n* &#8211; valmistettu lakatusta puusta<\/p>\n<p>Lelu kehitt\u00e4\u00e4:<\/p>\n<p>* &#8211; loogista ajattelua<br \/>\n* &#8211; hienomotoriikkaa<br \/>\n* &#8211; k\u00e4si-silm\u00e4-koordinaatiota<br \/>\n* &#8211; luovuutta<br \/>\n* &#8211; keskittymiskyky\u00e4<\/p>\n","protected":false},"excerpt":{"rendered":"<p>Vigan 8-in-1 Activity Cube on upea lelu, joka yhdist\u00e4\u00e4 nerokkaasti kauneuden, hauskuuden ja oppimisen. Se on saanut tunnustusta Yhdysvalloissa, jossa se sai vuonna 2023 arvostetun PAL Awards 2023 -palkinnon sertifioiduilta puheterapeuteilta. T\u00e4m\u00e4 monipuolinen kuutio avaa nuorille mielille uuden maailman mahdollisuuksia, tukee kognitiivista kehityst\u00e4 ja kielitaitoa sek\u00e4 vahvistaa merkityksellisi\u00e4 vuorovaikutussuhteita lasten ja hoitajien v\u00e4lill\u00e4. Leikin kautta [&hellip;]<\/p>\n","protected":false},"featured_media":0,"comment_status":"open","ping_status":"closed","template":"","meta":[],"product_brand":[],"product_cat":[32],"product_tag":[],"class_list":{"0":"post-36876","1":"product","2":"type-product","3":"status-publish","5":"product_cat-uncategorized-fi","7":"first","8":"instock","9":"shipping-taxable","10":"purchasable","11":"product-type-simple"},"_links":{"self":[{"href":"https:\/\/nordicmart.andreevmaster.com\/fi\/wp-json\/wp\/v2\/product\/36876","targetHints":{"allow":["GET"]}}],"collection":[{"href":"https:\/\/nordicmart.andreevmaster.com\/fi\/wp-json\/wp\/v2\/product"}],"about":[{"href":"https:\/\/nordicmart.andreevmaster.com\/fi\/wp-json\/wp\/v2\/types\/product"}],"replies":[{"embeddable":true,"href":"https:\/\/nordicmart.andreevmaster.com\/fi\/wp-json\/wp\/v2\/comments?post=36876"}],"wp:attachment":[{"href":"https:\/\/nordicmart.andreevmaster.com\/fi\/wp-json\/wp\/v2\/media?parent=36876"}],"wp:term":[{"taxonomy":"product_brand","embeddable":true,"href":"https:\/\/nordicmart.andreevmaster.com\/fi\/wp-json\/wp\/v2\/product_brand?post=36876"},{"taxonomy":"product_cat","embeddable":true,"href":"https:\/\/nordicmart.andreevmaster.com\/fi\/wp-json\/wp\/v2\/product_cat?post=36876"},{"taxonomy":"product_tag","embeddable":true,"href":"https:\/\/nordicmart.andreevmaster.com\/fi\/wp-json\/wp\/v2\/product_tag?post=36876"}],"curies":[{"name":"wp","href":"https:\/\/api.w.org\/{rel}","templated":true}]}}