{"id":36875,"date":"2026-02-27T00:36:24","date_gmt":"2026-02-27T00:36:24","guid":{"rendered":"https:\/\/nordicmart.andreevmaster.com\/product\/viga-polarb-baby-gym-stand-2\/"},"modified":"2026-02-27T09:53:41","modified_gmt":"2026-02-27T09:53:41","slug":"viga-polarb-baby-gym-stand-2","status":"publish","type":"product","link":"https:\/\/nordicmart.andreevmaster.com\/fi\/tuote\/viga-polarb-baby-gym-stand-2\/","title":{"rendered":"VIGA PolarB Baby Gym Stand"},"content":{"rendered":"<p>Stand &#8211; Viga PolarB Baby Play Gym suositellaan lapsille ensimm\u00e4isest\u00e4 elinkuukaudesta l\u00e4htien. Se on ihanteellinen vauvan ensimm\u00e4isiin leikkeihin. Mukana tulevien interaktiivisten riipusten ansiosta teline kannustaa leikkim\u00e4\u00e4n ja stimuloi aisteja ja lihaksia ensimm\u00e4isist\u00e4 elinp\u00e4ivist\u00e4 l\u00e4htien.Ominaisuudet:<\/p>\n<p>* &#8211; lapsille ensimm\u00e4isest\u00e4 elinkuukaudesta alkaen,<br \/>\n* &#8211; maalattu lapsille sopivilla maaleilla,<br \/>\n* &#8211; tanko voidaan asettaa matolle, lattialle tai pinnas\u00e4nkyyn,<br \/>\n* &#8211; riipukset tuottavat \u00e4\u00e4ni\u00e4: ne helisev\u00e4t, kahisevat ja vinkuvat.<\/p>\n<p>Lelu kehitt\u00e4\u00e4:<\/p>\n<p>* &#8211; psykomotorisia taitoja,<br \/>\n* &#8211; k\u00e4si-silm\u00e4-koordinaatiota,<br \/>\n* &#8211; loogista ajattelua,<br \/>\n* &#8211; motorisia taitoja,<br \/>\n* &#8211; uteliaisuutta.<\/p>\n","protected":false},"excerpt":{"rendered":"<p>Stand &#8211; Viga PolarB Baby Play Gym suositellaan lapsille ensimm\u00e4isest\u00e4 elinkuukaudesta l\u00e4htien. Se on ihanteellinen vauvan ensimm\u00e4isiin leikkeihin. Mukana tulevien interaktiivisten riipusten ansiosta teline kannustaa leikkim\u00e4\u00e4n ja stimuloi aisteja ja lihaksia ensimm\u00e4isist\u00e4 elinp\u00e4ivist\u00e4 l\u00e4htien.Ominaisuudet: * &#8211; lapsille ensimm\u00e4isest\u00e4 elinkuukaudesta alkaen, * &#8211; maalattu lapsille sopivilla maaleilla, * &#8211; tanko voidaan asettaa matolle, lattialle tai pinnas\u00e4nkyyn, [&hellip;]<\/p>\n","protected":false},"featured_media":0,"comment_status":"open","ping_status":"closed","template":"","meta":[],"product_brand":[],"product_cat":[32],"product_tag":[],"class_list":{"0":"post-36875","1":"product","2":"type-product","3":"status-publish","5":"product_cat-uncategorized-fi","7":"first","8":"instock","9":"shipping-taxable","10":"purchasable","11":"product-type-simple"},"_links":{"self":[{"href":"https:\/\/nordicmart.andreevmaster.com\/fi\/wp-json\/wp\/v2\/product\/36875","targetHints":{"allow":["GET"]}}],"collection":[{"href":"https:\/\/nordicmart.andreevmaster.com\/fi\/wp-json\/wp\/v2\/product"}],"about":[{"href":"https:\/\/nordicmart.andreevmaster.com\/fi\/wp-json\/wp\/v2\/types\/product"}],"replies":[{"embeddable":true,"href":"https:\/\/nordicmart.andreevmaster.com\/fi\/wp-json\/wp\/v2\/comments?post=36875"}],"wp:attachment":[{"href":"https:\/\/nordicmart.andreevmaster.com\/fi\/wp-json\/wp\/v2\/media?parent=36875"}],"wp:term":[{"taxonomy":"product_brand","embeddable":true,"href":"https:\/\/nordicmart.andreevmaster.com\/fi\/wp-json\/wp\/v2\/product_brand?post=36875"},{"taxonomy":"product_cat","embeddable":true,"href":"https:\/\/nordicmart.andreevmaster.com\/fi\/wp-json\/wp\/v2\/product_cat?post=36875"},{"taxonomy":"product_tag","embeddable":true,"href":"https:\/\/nordicmart.andreevmaster.com\/fi\/wp-json\/wp\/v2\/product_tag?post=36875"}],"curies":[{"name":"wp","href":"https:\/\/api.w.org\/{rel}","templated":true}]}}