{"id":36873,"date":"2026-02-27T00:36:23","date_gmt":"2026-02-27T00:36:23","guid":{"rendered":"https:\/\/nordicmart.andreevmaster.com\/product\/viga-polarb-puinen-keittio-valo-ja-aani-tarvikkeet\/"},"modified":"2026-02-27T09:53:41","modified_gmt":"2026-02-27T09:53:41","slug":"viga-polarb-puinen-keittio-valo-ja-aani-tarvikkeet","status":"publish","type":"product","link":"https:\/\/nordicmart.andreevmaster.com\/fi\/tuote\/viga-polarb-puinen-keittio-valo-ja-aani-tarvikkeet\/","title":{"rendered":"VIGA PolarB Puinen keitti\u00f6, valo ja \u00e4\u00e4ni + tarvikkeet"},"content":{"rendered":"<p>Yhteinen ruoanlaitto on loistava tapa oppia leikin kautta. Jokaisessa keitti\u00f6ss\u00e4 on pesuallas, uuni ja liesi, joissa voit valmistaa koko perheen suosikkiruokia. Ihana keitti\u00f6leikkisetti lapsille, jonka avulla he voivat kokata ja valmistaa herkullisia aterioita perheelle tai yst\u00e4ville. Leikin kautta oppivat keitti\u00f6v\u00e4lineiden k\u00e4ytt\u00f6\u00e4, luovaa ajattelua ja lasten mielikuvitusta voidaan stimuloida t\u00e4ydellisesti.Ominaisuudet:<\/p>\n<p>* &#8211; keitti\u00f6ss\u00e4 on pesuallas, uuni, liesi, mikroaaltouuni, j\u00e4\u00e4kaappi,<br \/>\n* &#8211; mukana on t\u00e4rkeimm\u00e4t keitti\u00f6tarvikkeet &#8211; kattila kannella, paistinpannu, lusikka, reik\u00e4kauha, lastalla, vihannekset, suola- ja pippurisirotin,<br \/>\n* &#8211; 3 liikkuvaa nuppia,* &#8211; ruoanlaiton j\u00e4lkeen lapsi voi pest\u00e4 astiat pesualtaassa ja laittaa taas ruokaa,<br \/>\n* &#8211; pesualtaan alla on j\u00e4\u00e4kaappi, jossa on taulu, johon voi kirjoittaa reseptej\u00e4,<br \/>\n* &#8211; kaappi omien ruokien s\u00e4ilytt\u00e4mist\u00e4 varten,<br \/>\n* &#8211; leikin aikana lapsi oppii ottamaan vastuun omasta sotkustaan ja siivoamisesta,* &#8211; koko leikkikeitti\u00f6 on valmistettu lakatusta puusta ja maalattu myrkytt\u00f6mill\u00e4 maaleilla &#8221;polaarisilla&#8221; v\u00e4reill\u00e4, jotka tyydytt\u00e4v\u00e4t jokaista k\u00e4ytt\u00e4j\u00e4\u00e4 ja tarjoavat paljon hauskaa.<\/p>\n<p>Lelu kehitt\u00e4\u00e4:<\/p>\n<p>* &#8211; luovuutta,<br \/>\n* &#8211; mielikuvitusta,<br \/>\n* &#8211; sosiaalisia taitoja.<\/p>\n","protected":false},"excerpt":{"rendered":"<p>Yhteinen ruoanlaitto on loistava tapa oppia leikin kautta. Jokaisessa keitti\u00f6ss\u00e4 on pesuallas, uuni ja liesi, joissa voit valmistaa koko perheen suosikkiruokia. Ihana keitti\u00f6leikkisetti lapsille, jonka avulla he voivat kokata ja valmistaa herkullisia aterioita perheelle tai yst\u00e4ville. Leikin kautta oppivat keitti\u00f6v\u00e4lineiden k\u00e4ytt\u00f6\u00e4, luovaa ajattelua ja lasten mielikuvitusta voidaan stimuloida t\u00e4ydellisesti.Ominaisuudet: * &#8211; keitti\u00f6ss\u00e4 on pesuallas, uuni, [&hellip;]<\/p>\n","protected":false},"featured_media":0,"comment_status":"open","ping_status":"closed","template":"","meta":[],"product_brand":[],"product_cat":[32],"product_tag":[],"class_list":{"0":"post-36873","1":"product","2":"type-product","3":"status-publish","5":"product_cat-uncategorized-fi","7":"first","8":"instock","9":"shipping-taxable","10":"purchasable","11":"product-type-simple"},"_links":{"self":[{"href":"https:\/\/nordicmart.andreevmaster.com\/fi\/wp-json\/wp\/v2\/product\/36873","targetHints":{"allow":["GET"]}}],"collection":[{"href":"https:\/\/nordicmart.andreevmaster.com\/fi\/wp-json\/wp\/v2\/product"}],"about":[{"href":"https:\/\/nordicmart.andreevmaster.com\/fi\/wp-json\/wp\/v2\/types\/product"}],"replies":[{"embeddable":true,"href":"https:\/\/nordicmart.andreevmaster.com\/fi\/wp-json\/wp\/v2\/comments?post=36873"}],"wp:attachment":[{"href":"https:\/\/nordicmart.andreevmaster.com\/fi\/wp-json\/wp\/v2\/media?parent=36873"}],"wp:term":[{"taxonomy":"product_brand","embeddable":true,"href":"https:\/\/nordicmart.andreevmaster.com\/fi\/wp-json\/wp\/v2\/product_brand?post=36873"},{"taxonomy":"product_cat","embeddable":true,"href":"https:\/\/nordicmart.andreevmaster.com\/fi\/wp-json\/wp\/v2\/product_cat?post=36873"},{"taxonomy":"product_tag","embeddable":true,"href":"https:\/\/nordicmart.andreevmaster.com\/fi\/wp-json\/wp\/v2\/product_tag?post=36873"}],"curies":[{"name":"wp","href":"https:\/\/api.w.org\/{rel}","templated":true}]}}