{"id":36872,"date":"2026-02-27T00:36:23","date_gmt":"2026-02-27T00:36:23","guid":{"rendered":"https:\/\/nordicmart.andreevmaster.com\/product\/viga-polarb-puinen-junasarja-lapsille-junarata-90-kappaletta\/"},"modified":"2026-02-27T09:53:41","modified_gmt":"2026-02-27T09:53:41","slug":"viga-polarb-puinen-junasarja-lapsille-junarata-90-kappaletta","status":"publish","type":"product","link":"https:\/\/nordicmart.andreevmaster.com\/fi\/tuote\/viga-polarb-puinen-junasarja-lapsille-junarata-90-kappaletta\/","title":{"rendered":"VIGA PolarB Puinen junasarja lapsille Junarata 90 kappaletta"},"content":{"rendered":"<p>PolarB-sarjan puinen junasarja on lelu, joka palvelee lasta pitk\u00e4\u00e4n ja tarjoaa monia tunteja luovaa ja mielenkiintoista hauskaa. Junasarjan ansiosta lapsi voi luoda omia leikkiskenaarioita ja seikkailuja. V\u00e4rik\u00e4s junasarja lis\u00e4varusteineen on miellytt\u00e4v\u00e4 silm\u00e4lle ja kannustaa leikkim\u00e4\u00e4n. Ominaisuudet: * &#8211; sarja koostuu 90 osasta, mukaan lukien radat, radan m\u00e4et, juna ja erilaiset vaunut, rautatietarvikkeet, rakennukset, el\u00e4imet, ajoneuvot sek\u00e4 erilaiset puut ja kivet * &#8211; lapset voivat rakentaa junalle mink\u00e4 tahansa reitin k\u00e4ytt\u00e4m\u00e4ll\u00e4 erilaisia ratoja, esteit\u00e4 ja m\u00e4ki\u00e4<br \/>\n* &#8211; vaunuja voidaan k\u00e4ytt\u00e4\u00e4 sarjaan kuuluvien el\u00e4inten kuljettamiseen,<br \/>\n* &#8211; lelussa ei ole ter\u00e4vi\u00e4 reunoja ja se on valmistettu korkealaatuisista materiaaleista, jotka ovat turvallisia lapsille ja ymp\u00e4rist\u00f6lle,<br \/>\n* &#8211; maalattu myrkytt\u00f6mill\u00e4 maaleilla.<\/p>\n<p>Lelu kehitt\u00e4\u00e4:<\/p>\n<p>* &#8211; mielikuvitusta,<br \/>\n* &#8211; luovuutta,<br \/>\n* &#8211; aistitoimintoja,<br \/>\n* &#8211; hienomotoriikkaa.<\/p>\n","protected":false},"excerpt":{"rendered":"<p>PolarB-sarjan puinen junasarja on lelu, joka palvelee lasta pitk\u00e4\u00e4n ja tarjoaa monia tunteja luovaa ja mielenkiintoista hauskaa. Junasarjan ansiosta lapsi voi luoda omia leikkiskenaarioita ja seikkailuja. V\u00e4rik\u00e4s junasarja lis\u00e4varusteineen on miellytt\u00e4v\u00e4 silm\u00e4lle ja kannustaa leikkim\u00e4\u00e4n. Ominaisuudet: * &#8211; sarja koostuu 90 osasta, mukaan lukien radat, radan m\u00e4et, juna ja erilaiset vaunut, rautatietarvikkeet, rakennukset, el\u00e4imet, ajoneuvot [&hellip;]<\/p>\n","protected":false},"featured_media":0,"comment_status":"open","ping_status":"closed","template":"","meta":[],"product_brand":[],"product_cat":[32],"product_tag":[],"class_list":{"0":"post-36872","1":"product","2":"type-product","3":"status-publish","5":"product_cat-uncategorized-fi","7":"first","8":"instock","9":"shipping-taxable","10":"purchasable","11":"product-type-simple"},"_links":{"self":[{"href":"https:\/\/nordicmart.andreevmaster.com\/fi\/wp-json\/wp\/v2\/product\/36872","targetHints":{"allow":["GET"]}}],"collection":[{"href":"https:\/\/nordicmart.andreevmaster.com\/fi\/wp-json\/wp\/v2\/product"}],"about":[{"href":"https:\/\/nordicmart.andreevmaster.com\/fi\/wp-json\/wp\/v2\/types\/product"}],"replies":[{"embeddable":true,"href":"https:\/\/nordicmart.andreevmaster.com\/fi\/wp-json\/wp\/v2\/comments?post=36872"}],"wp:attachment":[{"href":"https:\/\/nordicmart.andreevmaster.com\/fi\/wp-json\/wp\/v2\/media?parent=36872"}],"wp:term":[{"taxonomy":"product_brand","embeddable":true,"href":"https:\/\/nordicmart.andreevmaster.com\/fi\/wp-json\/wp\/v2\/product_brand?post=36872"},{"taxonomy":"product_cat","embeddable":true,"href":"https:\/\/nordicmart.andreevmaster.com\/fi\/wp-json\/wp\/v2\/product_cat?post=36872"},{"taxonomy":"product_tag","embeddable":true,"href":"https:\/\/nordicmart.andreevmaster.com\/fi\/wp-json\/wp\/v2\/product_tag?post=36872"}],"curies":[{"name":"wp","href":"https:\/\/api.w.org\/{rel}","templated":true}]}}