{"id":36871,"date":"2026-02-27T00:36:22","date_gmt":"2026-02-27T00:36:22","guid":{"rendered":"https:\/\/nordicmart.andreevmaster.com\/product\/viga-polarb-shop-confectionery-ice-cream-parlor-3-in-1-2\/"},"modified":"2026-02-27T09:53:40","modified_gmt":"2026-02-27T09:53:40","slug":"viga-polarb-shop-confectionery-ice-cream-parlor-3-in-1-2","status":"publish","type":"product","link":"https:\/\/nordicmart.andreevmaster.com\/fi\/tuote\/viga-polarb-shop-confectionery-ice-cream-parlor-3-in-1-2\/","title":{"rendered":"VIGA PolarB Shop Confectionery Ice Cream Parlor 3-in-1"},"content":{"rendered":"<p>PolarB 3-in-1 Shop, Bakery, and Ice Cream Parlor on t\u00e4ydellinen lahja pienille leipureille. Setti on ihanteellinen lapsille, jotka haluavat leikki\u00e4 kauppiasta tai leipuria. T\u00e4m\u00e4n lelun avulla lapsesi tuntee olevansa ammattimainen kondiittori. Lelussa on monia pieni\u00e4 lis\u00e4varusteita, kuten tikkukaramelleja, j\u00e4\u00e4tel\u00f6\u00e4, vohveleita ja koristeita. K\u00e4rryss\u00e4 on hylly, joka voidaan avata ja k\u00e4ytt\u00e4\u00e4 erilaisten esineiden s\u00e4ilytt\u00e4miseen. Koko setti on maalattu myrkytt\u00f6mill\u00e4 maaleilla pehmeill\u00e4 v\u00e4reill\u00e4, jotka her\u00e4tt\u00e4v\u00e4t lasten huomion.Ominaisuudet:<\/p>\n<p>* &#8211; sarjaa voi k\u00e4ytt\u00e4\u00e4 leipomona, j\u00e4\u00e4tel\u00f6baarina tai kaupan,<br \/>\n* &#8211; sarja on ihanteellinen roolileikkeihin myyj\u00e4n\u00e4,<br \/>\n* &#8211; sarja sis\u00e4lt\u00e4\u00e4 monia lis\u00e4varusteita &#8211; j\u00e4\u00e4tel\u00f6\u00e4, tikkukaramellit, vohvelit, lisukkeet,<br \/>\n* &#8211; k\u00e4rryss\u00e4 on pieni hylly,<br \/>\n* &#8211; koko sarja on maalattu myrkytt\u00f6mill\u00e4 maaleilla,<br \/>\n* &#8211; sarjan pehme\u00e4t v\u00e4rit her\u00e4tt\u00e4v\u00e4t lasten huomion.<\/p>\n<p>Lelu kehitt\u00e4\u00e4:<\/p>\n<p>* &#8211; luovuutta,<br \/>\n* &#8211; mielikuvitusta,<br \/>\n* &#8211; roolileikkitaitoja,<br \/>\n* &#8211; viestint\u00e4\u00e4,<br \/>\n* &#8211; loogista ajattelua.<\/p>\n<p>VIGA TOYS -lelut ovat kauniita, hyvin suunniteltuja ja turvallisia puuleluja. Yli 20 vuoden kokemus takaa laadun ja erinomaisen muotoilun. Puulelujen valikoima sis\u00e4lt\u00e4\u00e4: keitti\u00f6t, tarvikkeet, vauvan k\u00e4velytuolit, polkupy\u00f6r\u00e4t, opettavaiset lelut, musiikkilelut, nauhalelut, taitolelut, litte\u00e4t palikat, tilapalat, junat ja junasarjat, leikkim\u00f6kit ja teatterit, palapelit, pelit, minilelut, koulutarvikkeet ja paljon muuta.<\/p>\n","protected":false},"excerpt":{"rendered":"<p>PolarB 3-in-1 Shop, Bakery, and Ice Cream Parlor on t\u00e4ydellinen lahja pienille leipureille. Setti on ihanteellinen lapsille, jotka haluavat leikki\u00e4 kauppiasta tai leipuria. T\u00e4m\u00e4n lelun avulla lapsesi tuntee olevansa ammattimainen kondiittori. Lelussa on monia pieni\u00e4 lis\u00e4varusteita, kuten tikkukaramelleja, j\u00e4\u00e4tel\u00f6\u00e4, vohveleita ja koristeita. K\u00e4rryss\u00e4 on hylly, joka voidaan avata ja k\u00e4ytt\u00e4\u00e4 erilaisten esineiden s\u00e4ilytt\u00e4miseen. Koko setti [&hellip;]<\/p>\n","protected":false},"featured_media":0,"comment_status":"open","ping_status":"closed","template":"","meta":[],"product_brand":[],"product_cat":[32],"product_tag":[],"class_list":{"0":"post-36871","1":"product","2":"type-product","3":"status-publish","5":"product_cat-uncategorized-fi","7":"first","8":"instock","9":"shipping-taxable","10":"purchasable","11":"product-type-simple"},"_links":{"self":[{"href":"https:\/\/nordicmart.andreevmaster.com\/fi\/wp-json\/wp\/v2\/product\/36871","targetHints":{"allow":["GET"]}}],"collection":[{"href":"https:\/\/nordicmart.andreevmaster.com\/fi\/wp-json\/wp\/v2\/product"}],"about":[{"href":"https:\/\/nordicmart.andreevmaster.com\/fi\/wp-json\/wp\/v2\/types\/product"}],"replies":[{"embeddable":true,"href":"https:\/\/nordicmart.andreevmaster.com\/fi\/wp-json\/wp\/v2\/comments?post=36871"}],"wp:attachment":[{"href":"https:\/\/nordicmart.andreevmaster.com\/fi\/wp-json\/wp\/v2\/media?parent=36871"}],"wp:term":[{"taxonomy":"product_brand","embeddable":true,"href":"https:\/\/nordicmart.andreevmaster.com\/fi\/wp-json\/wp\/v2\/product_brand?post=36871"},{"taxonomy":"product_cat","embeddable":true,"href":"https:\/\/nordicmart.andreevmaster.com\/fi\/wp-json\/wp\/v2\/product_cat?post=36871"},{"taxonomy":"product_tag","embeddable":true,"href":"https:\/\/nordicmart.andreevmaster.com\/fi\/wp-json\/wp\/v2\/product_tag?post=36871"}],"curies":[{"name":"wp","href":"https:\/\/api.w.org\/{rel}","templated":true}]}}