{"id":36870,"date":"2026-02-27T00:36:22","date_gmt":"2026-02-27T00:36:22","guid":{"rendered":"https:\/\/nordicmart.andreevmaster.com\/product\/viga-polarb-puinen-keittio-lisavarusteilla-eko-harmaa\/"},"modified":"2026-02-27T09:53:40","modified_gmt":"2026-02-27T09:53:40","slug":"viga-polarb-puinen-keittio-lisavarusteilla-eko-harmaa","status":"publish","type":"product","link":"https:\/\/nordicmart.andreevmaster.com\/fi\/tuote\/viga-polarb-puinen-keittio-lisavarusteilla-eko-harmaa\/","title":{"rendered":"VIGA PolarB Puinen keitti\u00f6 lis\u00e4varusteilla, eko-harmaa"},"content":{"rendered":"<p>Yhteinen ruoanlaitto on loistava tapa oppia leikin kautta. Jokaisessa keitti\u00f6ss\u00e4 on pesuallas, uuni ja liesi, joissa voit valmistaa koko perheen suosikkiruokia. Upea keitti\u00f6leikkisetti lapsille, jonka avulla he voivat kokata ja valmistaa herkullisia aterioita perheelle tai yst\u00e4ville. Leikin kautta oppii keitti\u00f6v\u00e4lineiden k\u00e4ytt\u00f6\u00e4, luovaa ajattelua ja lasten mielikuvitusta voidaan stimuloida t\u00e4ydellisesti. Ominaisuudet: * &#8211; keitti\u00f6ss\u00e4 on pesuallas, uuni ja liesi * &#8211; mukana on t\u00e4rkeimm\u00e4t keitti\u00f6tarvikkeet: kattila kannella, paistinpannu paistettuun munaan, lusikka, reik\u00e4kauha, lastalla, suola- ja pippuris\u00e4ili\u00f6t* &#8211; liesin kello antaa lapselle mahdollisuuden seurata aikaa ruoanlaitto- tai leivontahetkell\u00e4,<br \/>\n* &#8211; 4 liikkuvaa nuppia,<br \/>\n* &#8211; kun nuppia k\u00e4\u00e4nnet\u00e4\u00e4n maustepurkkien kohdalla, lapsi kuulee tyypillisen &#8221;napsahduksen&#8221;,<br \/>\n* &#8211; ruoanlaiton j\u00e4lkeen lapsi voi pest\u00e4 astiat pesualtaassa ja laittaa uuden aterian,* &#8211; pesualtaan alla on kaappi omien ruokien s\u00e4ilytt\u00e4mist\u00e4 varten,<br \/>\n* &#8211; leikkiess\u00e4\u00e4n lapsi oppii ottamaan vastuun omasta sotkustaan ja siivoamisesta,<br \/>\n* &#8211; koko leikkikeitti\u00f6 on valmistettu lakatusta puusta ja maalattu myrkytt\u00f6mill\u00e4 maaleilla &#8221;polaarisilla&#8221; v\u00e4reill\u00e4, jotka tyydytt\u00e4v\u00e4t jokaista k\u00e4ytt\u00e4j\u00e4\u00e4 ja tarjoavat paljon hauskaa.<\/p>\n<p>Lelu kehitt\u00e4\u00e4:<\/p>\n<p>* &#8211; luovuutta,<br \/>\n* &#8211; mielikuvitusta,<br \/>\n* &#8211; sosiaalisia taitoja.<\/p>\n","protected":false},"excerpt":{"rendered":"<p>Yhteinen ruoanlaitto on loistava tapa oppia leikin kautta. Jokaisessa keitti\u00f6ss\u00e4 on pesuallas, uuni ja liesi, joissa voit valmistaa koko perheen suosikkiruokia. Upea keitti\u00f6leikkisetti lapsille, jonka avulla he voivat kokata ja valmistaa herkullisia aterioita perheelle tai yst\u00e4ville. Leikin kautta oppii keitti\u00f6v\u00e4lineiden k\u00e4ytt\u00f6\u00e4, luovaa ajattelua ja lasten mielikuvitusta voidaan stimuloida t\u00e4ydellisesti. Ominaisuudet: * &#8211; keitti\u00f6ss\u00e4 on pesuallas, [&hellip;]<\/p>\n","protected":false},"featured_media":0,"comment_status":"open","ping_status":"closed","template":"","meta":[],"product_brand":[],"product_cat":[32],"product_tag":[],"class_list":{"0":"post-36870","1":"product","2":"type-product","3":"status-publish","5":"product_cat-uncategorized-fi","7":"first","8":"instock","9":"shipping-taxable","10":"purchasable","11":"product-type-simple"},"_links":{"self":[{"href":"https:\/\/nordicmart.andreevmaster.com\/fi\/wp-json\/wp\/v2\/product\/36870","targetHints":{"allow":["GET"]}}],"collection":[{"href":"https:\/\/nordicmart.andreevmaster.com\/fi\/wp-json\/wp\/v2\/product"}],"about":[{"href":"https:\/\/nordicmart.andreevmaster.com\/fi\/wp-json\/wp\/v2\/types\/product"}],"replies":[{"embeddable":true,"href":"https:\/\/nordicmart.andreevmaster.com\/fi\/wp-json\/wp\/v2\/comments?post=36870"}],"wp:attachment":[{"href":"https:\/\/nordicmart.andreevmaster.com\/fi\/wp-json\/wp\/v2\/media?parent=36870"}],"wp:term":[{"taxonomy":"product_brand","embeddable":true,"href":"https:\/\/nordicmart.andreevmaster.com\/fi\/wp-json\/wp\/v2\/product_brand?post=36870"},{"taxonomy":"product_cat","embeddable":true,"href":"https:\/\/nordicmart.andreevmaster.com\/fi\/wp-json\/wp\/v2\/product_cat?post=36870"},{"taxonomy":"product_tag","embeddable":true,"href":"https:\/\/nordicmart.andreevmaster.com\/fi\/wp-json\/wp\/v2\/product_tag?post=36870"}],"curies":[{"name":"wp","href":"https:\/\/api.w.org\/{rel}","templated":true}]}}