{"id":36866,"date":"2026-02-27T00:36:21","date_gmt":"2026-02-27T00:36:21","guid":{"rendered":"https:\/\/nordicmart.andreevmaster.com\/product\/viga-polarb-puinen-opettavainen-manipuloiva-poyta-montessori-palapeli\/"},"modified":"2026-02-27T09:53:39","modified_gmt":"2026-02-27T09:53:39","slug":"viga-polarb-puinen-opettavainen-manipuloiva-poyta-montessori-palapeli","status":"publish","type":"product","link":"https:\/\/nordicmart.andreevmaster.com\/fi\/tuote\/viga-polarb-puinen-opettavainen-manipuloiva-poyta-montessori-palapeli\/","title":{"rendered":"VIGA PolarB Puinen opettavainen manipuloiva p\u00f6yt\u00e4 Montessori-palapeli"},"content":{"rendered":"<p>T\u00e4m\u00e4 puinen opettavainen p\u00f6yt\u00e4 tarjoaa paljon hauskaa pienille, ja leikkiess\u00e4\u00e4n lapset harjoittavat k\u00e4den taitojaan sek\u00e4 v\u00e4rien ja muotojen hahmottamista. Metallisilmukoissa on v\u00e4rikk\u00e4it\u00e4 puupalikoita ja kolme palikkaa, joissa on el\u00e4inkuvia \u2013 karhu, kettu ja siili. Lapset voivat siirt\u00e4\u00e4 palikoita mielens\u00e4 mukaan ja harjoitella sormien ja k\u00e4sien tarkkuutta. Lis\u00e4ksi p\u00f6yd\u00e4n silmukan alla on muita el\u00e4imi\u00e4 ja kasveja, jotka kuuluvat jokaiseen el\u00e4intarhaan, joten lapset voivat my\u00f6s leikki\u00e4 keksim\u00e4ll\u00e4 tarinoita el\u00e4inten el\u00e4m\u00e4st\u00e4 ja kehitt\u00e4\u00e4 luovuuttaan ja mielikuvitustaan. Lelu:<\/p>\n<p>* &#8211; edist\u00e4\u00e4 k\u00e4den taitojen kehityst\u00e4,<br \/>\n* &#8211; harjoittaa sormien ja k\u00e4sien liikkeiden tarkkuutta,<br \/>\n* &#8211; stimuloi luovuutta ja mielikuvitusta,<br \/>\n* &#8211; opettaa v\u00e4rien ja muotojen tunnistamista.<\/p>\n<p>Koko lelu on valmistettu lakatusta puusta ja maalattu myrkytt\u00f6mill\u00e4 maaleilla hillityill\u00e4 v\u00e4reill\u00e4, jotka tyydytt\u00e4v\u00e4t jokaista k\u00e4ytt\u00e4j\u00e4\u00e4 ja tarjoavat paljon hauskaa.<\/p>\n","protected":false},"excerpt":{"rendered":"<p>T\u00e4m\u00e4 puinen opettavainen p\u00f6yt\u00e4 tarjoaa paljon hauskaa pienille, ja leikkiess\u00e4\u00e4n lapset harjoittavat k\u00e4den taitojaan sek\u00e4 v\u00e4rien ja muotojen hahmottamista. Metallisilmukoissa on v\u00e4rikk\u00e4it\u00e4 puupalikoita ja kolme palikkaa, joissa on el\u00e4inkuvia \u2013 karhu, kettu ja siili. Lapset voivat siirt\u00e4\u00e4 palikoita mielens\u00e4 mukaan ja harjoitella sormien ja k\u00e4sien tarkkuutta. Lis\u00e4ksi p\u00f6yd\u00e4n silmukan alla on muita el\u00e4imi\u00e4 ja kasveja, [&hellip;]<\/p>\n","protected":false},"featured_media":0,"comment_status":"open","ping_status":"closed","template":"","meta":[],"product_brand":[],"product_cat":[32],"product_tag":[],"class_list":{"0":"post-36866","1":"product","2":"type-product","3":"status-publish","5":"product_cat-uncategorized-fi","7":"first","8":"instock","9":"shipping-taxable","10":"purchasable","11":"product-type-simple"},"_links":{"self":[{"href":"https:\/\/nordicmart.andreevmaster.com\/fi\/wp-json\/wp\/v2\/product\/36866","targetHints":{"allow":["GET"]}}],"collection":[{"href":"https:\/\/nordicmart.andreevmaster.com\/fi\/wp-json\/wp\/v2\/product"}],"about":[{"href":"https:\/\/nordicmart.andreevmaster.com\/fi\/wp-json\/wp\/v2\/types\/product"}],"replies":[{"embeddable":true,"href":"https:\/\/nordicmart.andreevmaster.com\/fi\/wp-json\/wp\/v2\/comments?post=36866"}],"wp:attachment":[{"href":"https:\/\/nordicmart.andreevmaster.com\/fi\/wp-json\/wp\/v2\/media?parent=36866"}],"wp:term":[{"taxonomy":"product_brand","embeddable":true,"href":"https:\/\/nordicmart.andreevmaster.com\/fi\/wp-json\/wp\/v2\/product_brand?post=36866"},{"taxonomy":"product_cat","embeddable":true,"href":"https:\/\/nordicmart.andreevmaster.com\/fi\/wp-json\/wp\/v2\/product_cat?post=36866"},{"taxonomy":"product_tag","embeddable":true,"href":"https:\/\/nordicmart.andreevmaster.com\/fi\/wp-json\/wp\/v2\/product_tag?post=36866"}],"curies":[{"name":"wp","href":"https:\/\/api.w.org\/{rel}","templated":true}]}}