{"id":36865,"date":"2026-02-27T00:36:21","date_gmt":"2026-02-27T00:36:21","guid":{"rendered":"https:\/\/nordicmart.andreevmaster.com\/product\/viga-puinen-opettavainen-tyontoleikkikalu-lapsille\/"},"modified":"2026-02-27T09:53:39","modified_gmt":"2026-02-27T09:53:39","slug":"viga-puinen-opettavainen-tyontoleikkikalu-lapsille","status":"publish","type":"product","link":"https:\/\/nordicmart.andreevmaster.com\/fi\/tuote\/viga-puinen-opettavainen-tyontoleikkikalu-lapsille\/","title":{"rendered":"VIGA Puinen opettavainen ty\u00f6nt\u00f6leikkikalu lapsille"},"content":{"rendered":"<p>Tunnettu lelujen valmistaja Viga Toysin suunnittelema opettavainen ty\u00f6nt\u00f6leikkikalu lapsille. Lelu on tarkoitettu 18 kuukauden ik\u00e4isille ja sit\u00e4 vanhemmille lapsille. T\u00e4m\u00e4 toiminnallinen lelu pienimmille lapsille toimii sek\u00e4 k\u00e4velytelineen\u00e4 ett\u00e4 opettavaisena paneelina, jonka avulla lapset oppivat yhdist\u00e4m\u00e4\u00e4n muotoja ja v\u00e4rej\u00e4. Paneelin ja sen sivuilla olevat py\u00f6riv\u00e4t elementit, kuten hammaspy\u00f6r\u00e4t ja el\u00e4inradat, kiinnostavat lasta ja tekev\u00e4t leikist\u00e4 entist\u00e4 houkuttelevamman. Turvallisuuden ja vakauden takaavat leve\u00e4sti sijoitetut, luistamattomalla kumilla p\u00e4\u00e4llystetyt py\u00f6r\u00e4t (ei naarmuta lattiaa) ja puinen kahva. Etupaneelissa on:<\/p>\n<p>* &#8211; kello, jossa on py\u00f6riv\u00e4t osoittimet,<br \/>\n* &#8211; motoristen taitojen kehittymist\u00e4 edist\u00e4v\u00e4 silmukka, jossa on v\u00e4rikk\u00e4it\u00e4 helmi\u00e4,* &#8211; sylinteri,<br \/>\n* &#8211; pieni siili, joka kulkee radalla,<br \/>\n* &#8211; hammaspy\u00f6r\u00e4t<\/p>\n<p>Koko sarja on valmistettu lakatusta puusta, maalattu lapsiturvallisilla maaleilla hillityill\u00e4 v\u00e4reill\u00e4, jotka tyydytt\u00e4v\u00e4t jokaista k\u00e4ytt\u00e4j\u00e4\u00e4 ja tarjoavat heille paljon hauskaa. Viga Toys on vuonna 2003 rekister\u00f6ity tuotemerkki, joka on jo l\u00e4sn\u00e4 yli 60 maassa ymp\u00e4ri maailmaa. Sen innovatiiviset ideat ovat saaneet tunnustusta muun muassa Euroopassa, Yhdysvalloissa, Australiassa ja Japanissa. Yrityksen perustajat kiinnittiv\u00e4t huomiota tutkimustuloksiin, jotka osoittivat yhteyden leikin ja oppimisen v\u00e4lill\u00e4 lapsen kehityksen varhaisvuosina. Auttaakseen vanhempia ja oppilaitoksia kasvattamaan lapsia ja pelastamaan heid\u00e4t virtuaalimaailmalta, joka voi v\u00e4\u00e4rist\u00e4\u00e4 todellisuutta huomattavasti, valmistaja tarjoaa innovatiivisen tuotevalikoiman, joka on valmistettu luonnonmateriaaleista ymp\u00e4rist\u00f6yst\u00e4v\u00e4llisill\u00e4 tuotantoprosesseilla.Puutuotteiden turvallisuus ja laatu ovat Vigi-yritykselle ensisijaisen t\u00e4rkeit\u00e4, ja valmistaja on varmistanut, ett\u00e4 lelujen maalaamiseen k\u00e4ytetyt maalit t\u00e4ytt\u00e4v\u00e4t EN71- ja ASTM-turvallisuusstandardit.<\/p>\n","protected":false},"excerpt":{"rendered":"<p>Tunnettu lelujen valmistaja Viga Toysin suunnittelema opettavainen ty\u00f6nt\u00f6leikkikalu lapsille. Lelu on tarkoitettu 18 kuukauden ik\u00e4isille ja sit\u00e4 vanhemmille lapsille. T\u00e4m\u00e4 toiminnallinen lelu pienimmille lapsille toimii sek\u00e4 k\u00e4velytelineen\u00e4 ett\u00e4 opettavaisena paneelina, jonka avulla lapset oppivat yhdist\u00e4m\u00e4\u00e4n muotoja ja v\u00e4rej\u00e4. Paneelin ja sen sivuilla olevat py\u00f6riv\u00e4t elementit, kuten hammaspy\u00f6r\u00e4t ja el\u00e4inradat, kiinnostavat lasta ja tekev\u00e4t leikist\u00e4 entist\u00e4 [&hellip;]<\/p>\n","protected":false},"featured_media":0,"comment_status":"open","ping_status":"closed","template":"","meta":[],"product_brand":[],"product_cat":[32],"product_tag":[],"class_list":{"0":"post-36865","1":"product","2":"type-product","3":"status-publish","5":"product_cat-uncategorized-fi","7":"first","8":"instock","9":"shipping-taxable","10":"purchasable","11":"product-type-simple"},"_links":{"self":[{"href":"https:\/\/nordicmart.andreevmaster.com\/fi\/wp-json\/wp\/v2\/product\/36865","targetHints":{"allow":["GET"]}}],"collection":[{"href":"https:\/\/nordicmart.andreevmaster.com\/fi\/wp-json\/wp\/v2\/product"}],"about":[{"href":"https:\/\/nordicmart.andreevmaster.com\/fi\/wp-json\/wp\/v2\/types\/product"}],"replies":[{"embeddable":true,"href":"https:\/\/nordicmart.andreevmaster.com\/fi\/wp-json\/wp\/v2\/comments?post=36865"}],"wp:attachment":[{"href":"https:\/\/nordicmart.andreevmaster.com\/fi\/wp-json\/wp\/v2\/media?parent=36865"}],"wp:term":[{"taxonomy":"product_brand","embeddable":true,"href":"https:\/\/nordicmart.andreevmaster.com\/fi\/wp-json\/wp\/v2\/product_brand?post=36865"},{"taxonomy":"product_cat","embeddable":true,"href":"https:\/\/nordicmart.andreevmaster.com\/fi\/wp-json\/wp\/v2\/product_cat?post=36865"},{"taxonomy":"product_tag","embeddable":true,"href":"https:\/\/nordicmart.andreevmaster.com\/fi\/wp-json\/wp\/v2\/product_tag?post=36865"}],"curies":[{"name":"wp","href":"https:\/\/api.w.org\/{rel}","templated":true}]}}