{"id":36864,"date":"2026-02-27T00:36:20","date_gmt":"2026-02-27T00:36:20","guid":{"rendered":"https:\/\/nordicmart.andreevmaster.com\/product\/little-tikes-big-playground-monkey-grove-with-slides-2\/"},"modified":"2026-02-27T09:53:39","modified_gmt":"2026-02-27T09:53:39","slug":"little-tikes-big-playground-monkey-grove-with-slides-2","status":"publish","type":"product","link":"https:\/\/nordicmart.andreevmaster.com\/fi\/tuote\/little-tikes-big-playground-monkey-grove-with-slides-2\/","title":{"rendered":"Little Tikes Big Playground Monkey Grove with Slides"},"content":{"rendered":"<p>Amerikkalaisen Little Tikes -yrityksen suuri liukum\u00e4kill\u00e4 varustettu leikkikentt\u00e4 saa kaikki lapset haluamaan leikki\u00e4 sill\u00e4. Siin\u00e4 on kaikki, mit\u00e4 lapset tarvitsevat ollakseen onnellisia. Leikkiminen on mahdollista nelj\u00e4ll\u00e4 eri tasolla ja rakenteen alla olevalla suurella alueella. Ylimm\u00e4ss\u00e4 kerroksessa on suuri ikkuna, josta voi katsella muiden lasten leikkimist\u00e4. Tasojen v\u00e4lill\u00e4 on tunneli. Lapset voivat leikki\u00e4 piilosta, kiipeill\u00e4, ry\u00f6mi\u00e4 tunneleissa ja liukua 90 ja 180 cm:n liukum\u00e4ki\u00e4. Erinomainen laatu. N\u00e4m\u00e4 leikkikent\u00e4t on valmistettu s\u00e4\u00e4nkest\u00e4v\u00e4st\u00e4 muovista.Ominaisuudet ja varusteet:<\/p>\n<p>* &#8211; ylimm\u00e4ss\u00e4 kerroksessa on suuri ikkuna,<br \/>\n* &#8211; tasojen v\u00e4lill\u00e4 on tunneli,<br \/>\n* &#8211; lapset voivat leikki\u00e4 piilosta kavereidensa kanssa, kiipeill\u00e4, ry\u00f6mi\u00e4 tunneleissa ja liukua 90 cm:n ja 180 cm:n liukum\u00e4ki\u00e4,* &#8211; erinomainen valmistuslaatu,<br \/>\n* &#8211; valmistettu s\u00e4\u00e4nkest\u00e4v\u00e4st\u00e4 muovista,<br \/>\n* &#8211; yhden lapsen enimm\u00e4ispaino on 45 kg (raja on 8 lasta),<br \/>\n* &#8211; leikki\u00e4 voi harrastaa 4 eri tasolla ja rakenteen alla olevalla suurella alueella.<\/p>\n<p>Little Tikes -tuotteet ovat tunnettuja ja rakastettuja kaikilla mantereilla, monissa kodeissa, lukemattomien hymyilevien lasten ja tyytyv\u00e4isten vanhempien keskuudessa. Little Tikes valmistaa tuotteita, jotka t\u00e4ytt\u00e4v\u00e4t kaikki tarvittavat turvallisuusstandardit. Tuotteiden kest\u00e4vyyden takaamiseksi lelut on suunniteltu ja valmistettu k\u00e4ytt\u00e4m\u00e4ll\u00e4 sopivinta tekniikkaa, eli rotaatiovalua, joka takaa vuosien hauskanpidon.<\/p>\n","protected":false},"excerpt":{"rendered":"<p>Amerikkalaisen Little Tikes -yrityksen suuri liukum\u00e4kill\u00e4 varustettu leikkikentt\u00e4 saa kaikki lapset haluamaan leikki\u00e4 sill\u00e4. Siin\u00e4 on kaikki, mit\u00e4 lapset tarvitsevat ollakseen onnellisia. Leikkiminen on mahdollista nelj\u00e4ll\u00e4 eri tasolla ja rakenteen alla olevalla suurella alueella. Ylimm\u00e4ss\u00e4 kerroksessa on suuri ikkuna, josta voi katsella muiden lasten leikkimist\u00e4. Tasojen v\u00e4lill\u00e4 on tunneli. Lapset voivat leikki\u00e4 piilosta, kiipeill\u00e4, ry\u00f6mi\u00e4 [&hellip;]<\/p>\n","protected":false},"featured_media":0,"comment_status":"open","ping_status":"closed","template":"","meta":[],"product_brand":[],"product_cat":[32],"product_tag":[],"class_list":{"0":"post-36864","1":"product","2":"type-product","3":"status-publish","5":"product_cat-uncategorized-fi","7":"first","8":"instock","9":"shipping-taxable","10":"purchasable","11":"product-type-simple"},"_links":{"self":[{"href":"https:\/\/nordicmart.andreevmaster.com\/fi\/wp-json\/wp\/v2\/product\/36864","targetHints":{"allow":["GET"]}}],"collection":[{"href":"https:\/\/nordicmart.andreevmaster.com\/fi\/wp-json\/wp\/v2\/product"}],"about":[{"href":"https:\/\/nordicmart.andreevmaster.com\/fi\/wp-json\/wp\/v2\/types\/product"}],"replies":[{"embeddable":true,"href":"https:\/\/nordicmart.andreevmaster.com\/fi\/wp-json\/wp\/v2\/comments?post=36864"}],"wp:attachment":[{"href":"https:\/\/nordicmart.andreevmaster.com\/fi\/wp-json\/wp\/v2\/media?parent=36864"}],"wp:term":[{"taxonomy":"product_brand","embeddable":true,"href":"https:\/\/nordicmart.andreevmaster.com\/fi\/wp-json\/wp\/v2\/product_brand?post=36864"},{"taxonomy":"product_cat","embeddable":true,"href":"https:\/\/nordicmart.andreevmaster.com\/fi\/wp-json\/wp\/v2\/product_cat?post=36864"},{"taxonomy":"product_tag","embeddable":true,"href":"https:\/\/nordicmart.andreevmaster.com\/fi\/wp-json\/wp\/v2\/product_tag?post=36864"}],"curies":[{"name":"wp","href":"https:\/\/api.w.org\/{rel}","templated":true}]}}