{"id":36863,"date":"2026-02-27T00:36:20","date_gmt":"2026-02-27T00:36:20","guid":{"rendered":"https:\/\/nordicmart.andreevmaster.com\/product\/little-tikesin-suuri-saadettava-ja-taitettava-koripallokori-lapsille\/"},"modified":"2026-02-27T09:53:39","modified_gmt":"2026-02-27T09:53:39","slug":"little-tikesin-suuri-saadettava-ja-taitettava-koripallokori-lapsille","status":"publish","type":"product","link":"https:\/\/nordicmart.andreevmaster.com\/fi\/tuote\/little-tikesin-suuri-saadettava-ja-taitettava-koripallokori-lapsille\/","title":{"rendered":"Little Tikesin suuri s\u00e4\u00e4dett\u00e4v\u00e4 ja taitettava koripallokori lapsille"},"content":{"rendered":"<p>T\u00e4m\u00e4 kuuluisan Little Tikes -br\u00e4ndin koripallokori on suunniteltu ulkona leikkimist\u00e4 rakastaville lapsille. Koripallo sopii erinomaisesti ryhm\u00e4peleihin sek\u00e4 kotona ett\u00e4 puutarhassa. Viiden korkeusasetuksen ansiosta (150\u2013210 cm) eri-ik\u00e4iset lapset voivat leikki\u00e4 yhdess\u00e4. Laite on taitettava, joten se on helppo s\u00e4ilytt\u00e4\u00e4 leikin j\u00e4lkeen. Kuljetusta helpottavat pohjaan asennetut py\u00f6r\u00e4t. Little Tikes -lelut ovat korkealaatuisia tuotteita, jotka palvelevat lapsianne monien vuosien ajan. Ominaisuudet: * &#8211; koripallokori on taitettava, mik\u00e4 helpottaa s\u00e4ilytt\u00e4mist\u00e4, * &#8211; koripallokorissa on py\u00f6r\u00e4t (helppo siirt\u00e4\u00e4), * &#8211; 5 eri korkeutta, * &#8211; tuote on valmistettu korkealaatuisesta materiaalista.<\/p>\n<p>Lelu kehitt\u00e4\u00e4:<\/p>\n<p>* &#8211; k\u00e4den taitoja,<br \/>\n* &#8211; fyysist\u00e4 kuntoa,<br \/>\n* &#8211; mielikuvitusta,<br \/>\n* &#8211; luovuutta.<\/p>\n<p>Little Tikes -tuotteet ovat tunnettuja ja rakastettuja kaikilla mantereilla, monissa kodeissa, lukemattomien hymyilevien lasten ja tyytyv\u00e4isten vanhempien keskuudessa. Little Tikes valmistaa tuotteita, jotka t\u00e4ytt\u00e4v\u00e4t kaikki tarvittavat turvallisuusstandardit. Tuotteiden kest\u00e4vyyden varmistamiseksi lelut on suunniteltu ja valmistettu k\u00e4ytt\u00e4m\u00e4ll\u00e4 sopivinta tekniikkaa, eli rotaatiovalua, joka takaa vuosien hauskanpidon.<\/p>\n","protected":false},"excerpt":{"rendered":"<p>T\u00e4m\u00e4 kuuluisan Little Tikes -br\u00e4ndin koripallokori on suunniteltu ulkona leikkimist\u00e4 rakastaville lapsille. Koripallo sopii erinomaisesti ryhm\u00e4peleihin sek\u00e4 kotona ett\u00e4 puutarhassa. Viiden korkeusasetuksen ansiosta (150\u2013210 cm) eri-ik\u00e4iset lapset voivat leikki\u00e4 yhdess\u00e4. Laite on taitettava, joten se on helppo s\u00e4ilytt\u00e4\u00e4 leikin j\u00e4lkeen. Kuljetusta helpottavat pohjaan asennetut py\u00f6r\u00e4t. Little Tikes -lelut ovat korkealaatuisia tuotteita, jotka palvelevat lapsianne monien [&hellip;]<\/p>\n","protected":false},"featured_media":0,"comment_status":"open","ping_status":"closed","template":"","meta":[],"product_brand":[],"product_cat":[32],"product_tag":[],"class_list":{"0":"post-36863","1":"product","2":"type-product","3":"status-publish","5":"product_cat-uncategorized-fi","7":"first","8":"instock","9":"shipping-taxable","10":"purchasable","11":"product-type-simple"},"_links":{"self":[{"href":"https:\/\/nordicmart.andreevmaster.com\/fi\/wp-json\/wp\/v2\/product\/36863","targetHints":{"allow":["GET"]}}],"collection":[{"href":"https:\/\/nordicmart.andreevmaster.com\/fi\/wp-json\/wp\/v2\/product"}],"about":[{"href":"https:\/\/nordicmart.andreevmaster.com\/fi\/wp-json\/wp\/v2\/types\/product"}],"replies":[{"embeddable":true,"href":"https:\/\/nordicmart.andreevmaster.com\/fi\/wp-json\/wp\/v2\/comments?post=36863"}],"wp:attachment":[{"href":"https:\/\/nordicmart.andreevmaster.com\/fi\/wp-json\/wp\/v2\/media?parent=36863"}],"wp:term":[{"taxonomy":"product_brand","embeddable":true,"href":"https:\/\/nordicmart.andreevmaster.com\/fi\/wp-json\/wp\/v2\/product_brand?post=36863"},{"taxonomy":"product_cat","embeddable":true,"href":"https:\/\/nordicmart.andreevmaster.com\/fi\/wp-json\/wp\/v2\/product_cat?post=36863"},{"taxonomy":"product_tag","embeddable":true,"href":"https:\/\/nordicmart.andreevmaster.com\/fi\/wp-json\/wp\/v2\/product_tag?post=36863"}],"curies":[{"name":"wp","href":"https:\/\/api.w.org\/{rel}","templated":true}]}}