{"id":36862,"date":"2026-02-27T00:36:20","date_gmt":"2026-02-27T00:36:20","guid":{"rendered":"https:\/\/nordicmart.andreevmaster.com\/product\/woopie-octopus-water-table-18-lisavarustetta\/"},"modified":"2026-02-27T09:53:38","modified_gmt":"2026-02-27T09:53:38","slug":"woopie-octopus-water-table-18-lisavarustetta","status":"publish","type":"product","link":"https:\/\/nordicmart.andreevmaster.com\/fi\/tuote\/woopie-octopus-water-table-18-lisavarustetta\/","title":{"rendered":"WOOPIE Octopus Water Table 18 lis\u00e4varustetta"},"content":{"rendered":"<p>WOOPIE Octopus -vesip\u00f6yt\u00e4 on t\u00e4ydellinen lelu veden ja hiekan leikkeihin. Sarja sis\u00e4lt\u00e4\u00e4 18 lis\u00e4varustetta: 3 muottia, mustekalan, kastelukannun, korin, hiekkakauhan ja 2 lapioa. Lapset voivat kaataa vett\u00e4 p\u00f6yd\u00e4n yl\u00e4osaan, jolloin se valuu ulos pohjassa olevista rei&#8217;ist\u00e4 tai tippuu vesimyllyist\u00e4. Sarja on suunniteltu sis\u00e4- ja ulkok\u00e4ytt\u00f6\u00f6n. Sopii erinomaisesti leikkimiseen kotona, rannalla tai hiekkalaatikolla. Ominaisuudet: * &#8211; 3-vuotiaille ja sit\u00e4 vanhemmille, * &#8211; vesiputous + vesisade, * &#8211; sarja sis\u00e4lt\u00e4\u00e4 lis\u00e4varusteita, * &#8211; sis\u00e4- ja ulkok\u00e4ytt\u00f6\u00f6n.<\/p>\n<p>Sarja sis\u00e4lt\u00e4\u00e4:<\/p>\n<p>* &#8211; 3 muottia,<br \/>\n* &#8211; mustekala,<br \/>\n* &#8211; kastelukannu,<br \/>\n* &#8211; kori,<br \/>\n* &#8211; hiekkakauha,<br \/>\n* &#8211; 2 lapioa<\/p>\n<p>&lt;center&gt;&lt;iframe width=&#8221;465&#8243; height=&#8221;826&#8243; src=&#8221;https:\/\/www.youtube.com\/embed\/g8M8v7JONls&#8221; title=&#8221;WOOPIE Mustekala-vesip\u00f6yt\u00e4 18 kpl.&#8221; frameborder=&#8221;0&#8243; allow=&#8221;accelerometer; autoplay; clipboard-write; encrypted-media; gyroscope; picture-in-picture; web-share&#8221; allowfullscreen&gt;&lt;\/iframe&gt;&lt;\/center&gt;<\/p>\n","protected":false},"excerpt":{"rendered":"<p>WOOPIE Octopus -vesip\u00f6yt\u00e4 on t\u00e4ydellinen lelu veden ja hiekan leikkeihin. Sarja sis\u00e4lt\u00e4\u00e4 18 lis\u00e4varustetta: 3 muottia, mustekalan, kastelukannun, korin, hiekkakauhan ja 2 lapioa. Lapset voivat kaataa vett\u00e4 p\u00f6yd\u00e4n yl\u00e4osaan, jolloin se valuu ulos pohjassa olevista rei&#8217;ist\u00e4 tai tippuu vesimyllyist\u00e4. Sarja on suunniteltu sis\u00e4- ja ulkok\u00e4ytt\u00f6\u00f6n. Sopii erinomaisesti leikkimiseen kotona, rannalla tai hiekkalaatikolla. Ominaisuudet: * &#8211; [&hellip;]<\/p>\n","protected":false},"featured_media":0,"comment_status":"open","ping_status":"closed","template":"","meta":[],"product_brand":[],"product_cat":[32],"product_tag":[],"class_list":{"0":"post-36862","1":"product","2":"type-product","3":"status-publish","5":"product_cat-uncategorized-fi","7":"first","8":"instock","9":"shipping-taxable","10":"purchasable","11":"product-type-simple"},"_links":{"self":[{"href":"https:\/\/nordicmart.andreevmaster.com\/fi\/wp-json\/wp\/v2\/product\/36862","targetHints":{"allow":["GET"]}}],"collection":[{"href":"https:\/\/nordicmart.andreevmaster.com\/fi\/wp-json\/wp\/v2\/product"}],"about":[{"href":"https:\/\/nordicmart.andreevmaster.com\/fi\/wp-json\/wp\/v2\/types\/product"}],"replies":[{"embeddable":true,"href":"https:\/\/nordicmart.andreevmaster.com\/fi\/wp-json\/wp\/v2\/comments?post=36862"}],"wp:attachment":[{"href":"https:\/\/nordicmart.andreevmaster.com\/fi\/wp-json\/wp\/v2\/media?parent=36862"}],"wp:term":[{"taxonomy":"product_brand","embeddable":true,"href":"https:\/\/nordicmart.andreevmaster.com\/fi\/wp-json\/wp\/v2\/product_brand?post=36862"},{"taxonomy":"product_cat","embeddable":true,"href":"https:\/\/nordicmart.andreevmaster.com\/fi\/wp-json\/wp\/v2\/product_cat?post=36862"},{"taxonomy":"product_tag","embeddable":true,"href":"https:\/\/nordicmart.andreevmaster.com\/fi\/wp-json\/wp\/v2\/product_tag?post=36862"}],"curies":[{"name":"wp","href":"https:\/\/api.w.org\/{rel}","templated":true}]}}