{"id":36861,"date":"2026-02-27T00:36:20","date_gmt":"2026-02-27T00:36:20","guid":{"rendered":"https:\/\/nordicmart.andreevmaster.com\/product\/little-tikes-deep-bucket-swing-for-children-seat-2\/"},"modified":"2026-02-27T09:53:38","modified_gmt":"2026-02-27T09:53:38","slug":"little-tikes-deep-bucket-swing-for-children-seat-2","status":"publish","type":"product","link":"https:\/\/nordicmart.andreevmaster.com\/fi\/tuote\/little-tikes-deep-bucket-swing-for-children-seat-2\/","title":{"rendered":"Little Tikes Deep Bucket Swing for Children Seat"},"content":{"rendered":"<p>Tunnettujen Little Tikes -tuotemerkin sininen keinu tuo lapsellesi paljon iloa. Lis\u00e4ksi se tarjoaa h\u00e4nelle paljon j\u00e4nnityst\u00e4. T\u00e4m\u00e4 keinu pit\u00e4\u00e4 lapsesi hymyilev\u00e4n\u00e4 ja onnellisena keinussa. Keinussa on s\u00e4\u00e4dett\u00e4v\u00e4 hihna, syv\u00e4 istuin ja korkea selk\u00e4noja, jotka pit\u00e4v\u00e4t lapsen oikeassa asennossa ja takaavat siten maksimaalisen turvallisuuden. Liikkuva poikkipalkki, joka toimii sulkimena, voidaan nostaa yl\u00f6s, jotta keinusta on helppo p\u00e4\u00e4st\u00e4 sis\u00e4\u00e4n ja ulos. Ominaisuudet: &#8211; 12 kuukaudesta alkaen, &#8211; kantavuus enint\u00e4\u00e4n 23 kg, &#8211; s\u00e4\u00e4dett\u00e4v\u00e4 hihna, &#8211; korkea selk\u00e4noja tukemaan vauvan p\u00e4\u00e4t\u00e4, &#8211; selk\u00e4nojasta mitattu k\u00f6yden pituus on 130 cm (ilman koukkua). Little Tikes tarkoittaa luovia ratkaisuja ja kest\u00e4vyytt\u00e4, joiden ansiosta voit nauttia leikkimisest\u00e4 monien vuosien ajan. Juuri t\u00e4st\u00e4 syyst\u00e4 yksi lippulaivatuotteista on: auto &#8211; Cozy Coupe\u00ae ride-on, joka on jo yli kolmekymment\u00e4 vuotta tuonut iloa pienimmille lapsille. Se on my\u00f6s leluja kategorioista: talot, taloustarvikkeet, keinut ja leikkikent\u00e4t, keinutuolit ja k\u00e4velytuolit, huonekalut, puutarhalelut, lasten ajoneuvot, liukum\u00e4et ja kiipeilytelineet.<\/p>\n","protected":false},"excerpt":{"rendered":"<p>Tunnettujen Little Tikes -tuotemerkin sininen keinu tuo lapsellesi paljon iloa. Lis\u00e4ksi se tarjoaa h\u00e4nelle paljon j\u00e4nnityst\u00e4. T\u00e4m\u00e4 keinu pit\u00e4\u00e4 lapsesi hymyilev\u00e4n\u00e4 ja onnellisena keinussa. Keinussa on s\u00e4\u00e4dett\u00e4v\u00e4 hihna, syv\u00e4 istuin ja korkea selk\u00e4noja, jotka pit\u00e4v\u00e4t lapsen oikeassa asennossa ja takaavat siten maksimaalisen turvallisuuden. Liikkuva poikkipalkki, joka toimii sulkimena, voidaan nostaa yl\u00f6s, jotta keinusta on helppo [&hellip;]<\/p>\n","protected":false},"featured_media":0,"comment_status":"open","ping_status":"closed","template":"","meta":[],"product_brand":[],"product_cat":[32],"product_tag":[],"class_list":{"0":"post-36861","1":"product","2":"type-product","3":"status-publish","5":"product_cat-uncategorized-fi","7":"first","8":"instock","9":"shipping-taxable","10":"purchasable","11":"product-type-simple"},"_links":{"self":[{"href":"https:\/\/nordicmart.andreevmaster.com\/fi\/wp-json\/wp\/v2\/product\/36861","targetHints":{"allow":["GET"]}}],"collection":[{"href":"https:\/\/nordicmart.andreevmaster.com\/fi\/wp-json\/wp\/v2\/product"}],"about":[{"href":"https:\/\/nordicmart.andreevmaster.com\/fi\/wp-json\/wp\/v2\/types\/product"}],"replies":[{"embeddable":true,"href":"https:\/\/nordicmart.andreevmaster.com\/fi\/wp-json\/wp\/v2\/comments?post=36861"}],"wp:attachment":[{"href":"https:\/\/nordicmart.andreevmaster.com\/fi\/wp-json\/wp\/v2\/media?parent=36861"}],"wp:term":[{"taxonomy":"product_brand","embeddable":true,"href":"https:\/\/nordicmart.andreevmaster.com\/fi\/wp-json\/wp\/v2\/product_brand?post=36861"},{"taxonomy":"product_cat","embeddable":true,"href":"https:\/\/nordicmart.andreevmaster.com\/fi\/wp-json\/wp\/v2\/product_cat?post=36861"},{"taxonomy":"product_tag","embeddable":true,"href":"https:\/\/nordicmart.andreevmaster.com\/fi\/wp-json\/wp\/v2\/product_tag?post=36861"}],"curies":[{"name":"wp","href":"https:\/\/api.w.org\/{rel}","templated":true}]}}