{"id":36860,"date":"2026-02-27T00:36:19","date_gmt":"2026-02-27T00:36:19","guid":{"rendered":"https:\/\/nordicmart.andreevmaster.com\/product\/step2-pump-splash-shady-oasis-vesileikkikeskus-pumpulla-ja-katoksella\/"},"modified":"2026-02-27T09:53:38","modified_gmt":"2026-02-27T09:53:38","slug":"step2-pump-splash-shady-oasis-vesileikkikeskus-pumpulla-ja-katoksella","status":"publish","type":"product","link":"https:\/\/nordicmart.andreevmaster.com\/fi\/tuote\/step2-pump-splash-shady-oasis-vesileikkikeskus-pumpulla-ja-katoksella\/","title":{"rendered":"STEP2 Pump &#038; Splash Shady Oasis -vesileikkikeskus pumpulla ja katoksella"},"content":{"rendered":"<p>Pump &#038; Splash Shady Oasis \u2013 vesileikkien paratiisi lapsille!<\/p>\n<p>Muuta puutarhasi seikkailulliseksi vesileikkikeskukseksi Pump &#038; Splash Shady Oasis\u2122 -tuotteella! T\u00e4m\u00e4 ainutlaatuinen setti tarjoaa lapsille tuntikausia luovaa ja aktiivista ulkoilunautintoa. Tyylik\u00e4s paviljongin katos suojaa auringolta ja luo samalla maagisen tilan, joka on t\u00e4ynn\u00e4 vesileikkien yll\u00e4tyksi\u00e4.<\/p>\n<p>Ominaisuudet:<\/p>\n<p>\u2714 Aktiivinen vesipumppu: t\u00e4yt\u00e4 s\u00e4ili\u00f6 (26,5 l) ja avaa vesi, niin vesiseikkailu voi alkaa!<\/p>\n<p>\u2714 Siirrett\u00e4v\u00e4t elementit: vesikourut, py\u00f6riv\u00e4t osat, irrotettava pato ja vaikuttava sadevesialusta tuovat viel\u00e4 lis\u00e4\u00e4 hauskuutta.<\/p>\n<p>\u2714 Turvallinen katos: tukeva markkinatyylinen katos tuulil\u00e4pill\u00e4 ja helppok\u00e4ytt\u00f6isell\u00e4 kiinnitysj\u00e4rjestelm\u00e4ll\u00e4.<\/p>\n<p>\u2714 Veden kierto: kolme kourua ohjaavat veden oasis-alueelle ja takaisin s\u00e4ili\u00f6\u00f6n \u2013 loputonta hauskaa!<\/p>\n<p>\u2714 Lapsiyst\u00e4v\u00e4llinen: matala rakenne ja saranoitu silta helpottavat p\u00e4\u00e4sy\u00e4, my\u00f6s py\u00f6r\u00e4tuolissa oleville lapsille.<\/p>\n<p>\u2714 Erinomainen kest\u00e4vyys: valmistettu eritt\u00e4in vahvasta EverTough\u2122-muovista, joka on vaurioita kest\u00e4v\u00e4 ja helppo puhdistaa.\u2714 Helppo asentaa: nopea asentaa selkeiden ohjeiden ansiosta (aikuisen apua tarvitaan).<\/p>\n<p>\u2714 Sis\u00e4lt\u00e4\u00e4: vesi-oasis pumpulla, s\u00e4ili\u00f6, kourut, silta ja 14-osainen lis\u00e4varustesarja.<\/p>\n<p>Tekniset tiedot:<\/p>\n<p>* Mitat (P x L x K): 120,7 x 120,7 x 152,4 cm<br \/>\n* Materiaali: rotaatiovalettu muovi<br \/>\n* Sertifikaatit: CE, EN 71<br \/>\n* Takuu: 3 vuotta<br \/>\n* S\u00e4ili\u00f6n tilavuus: 26,5 litraa<br \/>\n* Hiekkalaatikko, keinu ja liukum\u00e4ki eiv\u00e4t sis\u00e4lly toimitukseen<\/p>\n<p>Mitat (P x L x K): 120,7 x 120,7 x 152,4 cm<\/p>\n<p>Materiaali: Rotaatiovalettu muovi<\/p>\n<p>Sertifikaatit: CE, EN 71<\/p>\n<p>Takuu: 3 vuotta<\/p>\n<p>S\u00e4ili\u00f6n tilavuus: 26,5 litraa<\/p>\n<p>Hiekkalaatikko, keinu ja liukum\u00e4ki eiv\u00e4t sis\u00e4lly toimitukseen<\/p>\n","protected":false},"excerpt":{"rendered":"<p>Pump &#038; Splash Shady Oasis \u2013 vesileikkien paratiisi lapsille! Muuta puutarhasi seikkailulliseksi vesileikkikeskukseksi Pump &#038; Splash Shady Oasis\u2122 -tuotteella! T\u00e4m\u00e4 ainutlaatuinen setti tarjoaa lapsille tuntikausia luovaa ja aktiivista ulkoilunautintoa. Tyylik\u00e4s paviljongin katos suojaa auringolta ja luo samalla maagisen tilan, joka on t\u00e4ynn\u00e4 vesileikkien yll\u00e4tyksi\u00e4. Ominaisuudet: \u2714 Aktiivinen vesipumppu: t\u00e4yt\u00e4 s\u00e4ili\u00f6 (26,5 l) ja avaa vesi, [&hellip;]<\/p>\n","protected":false},"featured_media":0,"comment_status":"open","ping_status":"closed","template":"","meta":[],"product_brand":[],"product_cat":[32],"product_tag":[],"class_list":{"0":"post-36860","1":"product","2":"type-product","3":"status-publish","5":"product_cat-uncategorized-fi","7":"first","8":"instock","9":"shipping-taxable","10":"purchasable","11":"product-type-simple"},"_links":{"self":[{"href":"https:\/\/nordicmart.andreevmaster.com\/fi\/wp-json\/wp\/v2\/product\/36860","targetHints":{"allow":["GET"]}}],"collection":[{"href":"https:\/\/nordicmart.andreevmaster.com\/fi\/wp-json\/wp\/v2\/product"}],"about":[{"href":"https:\/\/nordicmart.andreevmaster.com\/fi\/wp-json\/wp\/v2\/types\/product"}],"replies":[{"embeddable":true,"href":"https:\/\/nordicmart.andreevmaster.com\/fi\/wp-json\/wp\/v2\/comments?post=36860"}],"wp:attachment":[{"href":"https:\/\/nordicmart.andreevmaster.com\/fi\/wp-json\/wp\/v2\/media?parent=36860"}],"wp:term":[{"taxonomy":"product_brand","embeddable":true,"href":"https:\/\/nordicmart.andreevmaster.com\/fi\/wp-json\/wp\/v2\/product_brand?post=36860"},{"taxonomy":"product_cat","embeddable":true,"href":"https:\/\/nordicmart.andreevmaster.com\/fi\/wp-json\/wp\/v2\/product_cat?post=36860"},{"taxonomy":"product_tag","embeddable":true,"href":"https:\/\/nordicmart.andreevmaster.com\/fi\/wp-json\/wp\/v2\/product_tag?post=36860"}],"curies":[{"name":"wp","href":"https:\/\/api.w.org\/{rel}","templated":true}]}}