{"id":36859,"date":"2026-02-27T00:36:19","date_gmt":"2026-02-27T00:36:19","guid":{"rendered":"https:\/\/nordicmart.andreevmaster.com\/product\/rolly-toys-volvo-rollydigger-itsekulkeva-kaivinkone-pyoriva-ajettava-lelu-musta\/"},"modified":"2026-02-27T09:53:38","modified_gmt":"2026-02-27T09:53:38","slug":"rolly-toys-volvo-rollydigger-itsekulkeva-kaivinkone-pyoriva-ajettava-lelu-musta","status":"publish","type":"product","link":"https:\/\/nordicmart.andreevmaster.com\/fi\/tuote\/rolly-toys-volvo-rollydigger-itsekulkeva-kaivinkone-pyoriva-ajettava-lelu-musta\/","title":{"rendered":"Rolly Toys Volvo rollyDigger itsekulkeva kaivinkone \u2013 py\u00f6riv\u00e4 ajettava lelu, musta"},"content":{"rendered":"<p>VOLVO-lisensoitu RollyDigger-kaivinkone on korkealaatuinen lelu, joka on suunniteltu erityisesti 3-vuotiaille ja sit\u00e4 vanhemmille lapsille. Kaivinkone on helppok\u00e4ytt\u00f6inen \u2013 t\u00e4ydellinen puutarhaan tai rannalle. T\u00e4m\u00e4n t\u00e4ysin toimivan lelun avulla pienet insin\u00f6\u00f6rit voivat luoda omia rakennusty\u00f6maitaan ja antaa mielikuvituksensa lent\u00e4\u00e4. Kaivinkoneessa on vaikuttava 360\u00b0:n py\u00f6ritystoiminto, jonka avulla lapset voivat liikuttaa lastausvartta kaikkiin suuntiin. N\u00e4in he voivat helposti ker\u00e4t\u00e4 hiekkaa, kivi\u00e4 tai muita materiaaleja ja kuljettaa ne toiseen paikkaan. Kaivinkoneen erityispiirre on lastausvarren automaattinen lukitus. Materiaalin nostamisen j\u00e4lkeen varsi lukittuu automaattisesti, mik\u00e4 takaa turvallisen kuljetuksen. T\u00e4m\u00e4 tarjoaa lapsille realistisen leikkikokemuksen ja tukee heid\u00e4n motorisia taitojaan. Aito muotoilu tekee RollyDiggerist\u00e4 todellisen katseenvangitsijan. Hiekkalaatikolla, puutarhassa tai leikkihuoneessa t\u00e4m\u00e4 kaivinkone tarjoaa tuntikausia hauskaa ja antaa pienille rakentajille mahdollisuuden kokea upeita seikkailuja. OMINAISUUDET:<\/p>\n<p>&#8211; Lelu 3-vuotiaille ja sit\u00e4 vanhemmille &#8211; Automaattinen varren lukitus &#8211; takaa turvallisen leikin pienimmille &#8211; Toimiva kaivinkoneen puomi, 360 asteen kierto pystyakselin ymp\u00e4ri &#8211; N\u00e4ytt\u00e4\u00e4 aidolta ajoneuvolta &#8211; Osia voidaan yhdistell\u00e4 ja t\u00e4ydent\u00e4\u00e4, jolloin syntyy upea kokoelma, josta nuoret k\u00e4ytt\u00e4j\u00e4t nauttivat<\/p>\n","protected":false},"excerpt":{"rendered":"<p>VOLVO-lisensoitu RollyDigger-kaivinkone on korkealaatuinen lelu, joka on suunniteltu erityisesti 3-vuotiaille ja sit\u00e4 vanhemmille lapsille. Kaivinkone on helppok\u00e4ytt\u00f6inen \u2013 t\u00e4ydellinen puutarhaan tai rannalle. T\u00e4m\u00e4n t\u00e4ysin toimivan lelun avulla pienet insin\u00f6\u00f6rit voivat luoda omia rakennusty\u00f6maitaan ja antaa mielikuvituksensa lent\u00e4\u00e4. Kaivinkoneessa on vaikuttava 360\u00b0:n py\u00f6ritystoiminto, jonka avulla lapset voivat liikuttaa lastausvartta kaikkiin suuntiin. N\u00e4in he voivat helposti ker\u00e4t\u00e4 [&hellip;]<\/p>\n","protected":false},"featured_media":0,"comment_status":"open","ping_status":"closed","template":"","meta":[],"product_brand":[],"product_cat":[32],"product_tag":[],"class_list":{"0":"post-36859","1":"product","2":"type-product","3":"status-publish","5":"product_cat-uncategorized-fi","7":"first","8":"instock","9":"shipping-taxable","10":"purchasable","11":"product-type-simple"},"_links":{"self":[{"href":"https:\/\/nordicmart.andreevmaster.com\/fi\/wp-json\/wp\/v2\/product\/36859","targetHints":{"allow":["GET"]}}],"collection":[{"href":"https:\/\/nordicmart.andreevmaster.com\/fi\/wp-json\/wp\/v2\/product"}],"about":[{"href":"https:\/\/nordicmart.andreevmaster.com\/fi\/wp-json\/wp\/v2\/types\/product"}],"replies":[{"embeddable":true,"href":"https:\/\/nordicmart.andreevmaster.com\/fi\/wp-json\/wp\/v2\/comments?post=36859"}],"wp:attachment":[{"href":"https:\/\/nordicmart.andreevmaster.com\/fi\/wp-json\/wp\/v2\/media?parent=36859"}],"wp:term":[{"taxonomy":"product_brand","embeddable":true,"href":"https:\/\/nordicmart.andreevmaster.com\/fi\/wp-json\/wp\/v2\/product_brand?post=36859"},{"taxonomy":"product_cat","embeddable":true,"href":"https:\/\/nordicmart.andreevmaster.com\/fi\/wp-json\/wp\/v2\/product_cat?post=36859"},{"taxonomy":"product_tag","embeddable":true,"href":"https:\/\/nordicmart.andreevmaster.com\/fi\/wp-json\/wp\/v2\/product_tag?post=36859"}],"curies":[{"name":"wp","href":"https:\/\/api.w.org\/{rel}","templated":true}]}}