{"id":36855,"date":"2026-02-27T00:36:18","date_gmt":"2026-02-27T00:36:18","guid":{"rendered":"https:\/\/nordicmart.andreevmaster.com\/product\/step2-vesipoyta-sadesuihkulla-ampari-suppilo-elaimet\/"},"modified":"2026-02-27T09:53:37","modified_gmt":"2026-02-27T09:53:37","slug":"step2-vesipoyta-sadesuihkulla-ampari-suppilo-elaimet","status":"publish","type":"product","link":"https:\/\/nordicmart.andreevmaster.com\/fi\/tuote\/step2-vesipoyta-sadesuihkulla-ampari-suppilo-elaimet\/","title":{"rendered":"Step2 Vesip\u00f6yt\u00e4 sadesuihkulla, \u00e4mp\u00e4ri, suppilo + el\u00e4imet"},"content":{"rendered":"<p>Monipuolinen vesileikki alkaa t\u00e4st\u00e4 suloisesta lasten vesip\u00f6yd\u00e4st\u00e4. Pid\u00e4 hauskaa veden kanssa leikkim\u00e4ll\u00e4. Kaksipuolinen tarjotin luo realistisen sadeilmi\u00f6n \u2013 kaada vain vett\u00e4 ja anna hauskanpidon alkaa! Yl\u00e4osan tarjottimesta tuleva vesi luo realistisen sadeilmi\u00f6n. Toisella puolella vesi valuu my\u00f6s \u00e4mp\u00e4riin, joka t\u00e4yttyess\u00e4\u00e4n py\u00f6rii ja kaataa veden pois, kun taas toisella puolella on kouru, joka ohjaa veden suoraan py\u00f6riv\u00e4\u00e4n tuulimyllyyn. Sarjaan kuuluu my\u00f6s el\u00e4inten ponnahduslauta, \u00e4mp\u00e4riin kiinnitett\u00e4v\u00e4 pidike ja siivil\u00e4. Kaikki p\u00e4\u00e4tyy alareunassa olevaan lasten uima-altaaseen.Ominaisuudet:<\/p>\n<p>* &#8211; 2-vuotiaille lapsille<br \/>\n* &#8211; S\u00e4ili\u00f6\u00f6n mahtuu noin 15 litraa vett\u00e4<br \/>\n* &#8211; Aikuisen on koottava<br \/>\n* &#8211; Helppo puhdistaa<\/p>\n<p>Jos asetat laadun ja turvallisuuden etusijalle valitessasi leluja lapsellesi, Step2:n v\u00e4rikk\u00e4\u00e4t lelut t\u00e4ytt\u00e4v\u00e4t varmasti sek\u00e4 lasten ett\u00e4 vanhempien odotukset. Tarjontaan kuuluu muun muassa hiekkalaatikoita, puutarham\u00f6kkej\u00e4, leikkikentti\u00e4, ty\u00f6pajoja, ajettavissa olevia leluja, keitti\u00f6it\u00e4 ja lastenhuonekaluja.&lt;center&gt;&lt;iframe width=&#8221;1214&#8243; height=&#8221;683&#8243; src=&#8221;https:\/\/www.youtube.com\/embed\/UGge23dXEUI&#8221; title=&#8221;Step2-vesip\u00f6yt\u00e4 sadesuihkulla, \u00e4mp\u00e4ri ja suppilo + el\u00e4imet&#8221; frameborder=&#8221;0&#8243; allow=&#8221;accelerometer; autoplay; clipboard-write; encrypted-media; gyroscope; picture-in-picture; web-share&#8221; allowfullscreen&gt;&lt;\/iframe&gt;&lt;\/center&gt;<\/p>\n","protected":false},"excerpt":{"rendered":"<p>Monipuolinen vesileikki alkaa t\u00e4st\u00e4 suloisesta lasten vesip\u00f6yd\u00e4st\u00e4. Pid\u00e4 hauskaa veden kanssa leikkim\u00e4ll\u00e4. Kaksipuolinen tarjotin luo realistisen sadeilmi\u00f6n \u2013 kaada vain vett\u00e4 ja anna hauskanpidon alkaa! Yl\u00e4osan tarjottimesta tuleva vesi luo realistisen sadeilmi\u00f6n. Toisella puolella vesi valuu my\u00f6s \u00e4mp\u00e4riin, joka t\u00e4yttyess\u00e4\u00e4n py\u00f6rii ja kaataa veden pois, kun taas toisella puolella on kouru, joka ohjaa veden suoraan [&hellip;]<\/p>\n","protected":false},"featured_media":0,"comment_status":"open","ping_status":"closed","template":"","meta":[],"product_brand":[],"product_cat":[32],"product_tag":[],"class_list":{"0":"post-36855","1":"product","2":"type-product","3":"status-publish","5":"product_cat-uncategorized-fi","7":"first","8":"instock","9":"shipping-taxable","10":"purchasable","11":"product-type-simple"},"_links":{"self":[{"href":"https:\/\/nordicmart.andreevmaster.com\/fi\/wp-json\/wp\/v2\/product\/36855","targetHints":{"allow":["GET"]}}],"collection":[{"href":"https:\/\/nordicmart.andreevmaster.com\/fi\/wp-json\/wp\/v2\/product"}],"about":[{"href":"https:\/\/nordicmart.andreevmaster.com\/fi\/wp-json\/wp\/v2\/types\/product"}],"replies":[{"embeddable":true,"href":"https:\/\/nordicmart.andreevmaster.com\/fi\/wp-json\/wp\/v2\/comments?post=36855"}],"wp:attachment":[{"href":"https:\/\/nordicmart.andreevmaster.com\/fi\/wp-json\/wp\/v2\/media?parent=36855"}],"wp:term":[{"taxonomy":"product_brand","embeddable":true,"href":"https:\/\/nordicmart.andreevmaster.com\/fi\/wp-json\/wp\/v2\/product_brand?post=36855"},{"taxonomy":"product_cat","embeddable":true,"href":"https:\/\/nordicmart.andreevmaster.com\/fi\/wp-json\/wp\/v2\/product_cat?post=36855"},{"taxonomy":"product_tag","embeddable":true,"href":"https:\/\/nordicmart.andreevmaster.com\/fi\/wp-json\/wp\/v2\/product_tag?post=36855"}],"curies":[{"name":"wp","href":"https:\/\/api.w.org\/{rel}","templated":true}]}}