{"id":36854,"date":"2026-02-27T00:36:18","date_gmt":"2026-02-27T00:36:18","guid":{"rendered":"https:\/\/nordicmart.andreevmaster.com\/product\/rolly-toys-traktorin-lakaisukone\/"},"modified":"2026-02-27T09:53:37","modified_gmt":"2026-02-27T09:53:37","slug":"rolly-toys-traktorin-lakaisukone","status":"publish","type":"product","link":"https:\/\/nordicmart.andreevmaster.com\/fi\/tuote\/rolly-toys-traktorin-lakaisukone\/","title":{"rendered":"Rolly Toys Traktorin lakaisukone"},"content":{"rendered":"<p>T\u00e4ydellinen lis\u00e4varuste kaikkiin Rolly Toys -traktoreihin.<\/p>\n<p>Ominaisuudet:<\/p>\n<p>* &#8211; korkealaatuinen kiilt\u00e4v\u00e4 muovi, helppo pit\u00e4\u00e4 puhtaana,<br \/>\n* &#8211; t\u00e4ysin toimiva lakaisuj\u00e4rjestelm\u00e4,<br \/>\n* &#8211; sopii kaikkiin ROLLY TOYS -ajoneuvoihin, joissa on etukiinnityskoukku,<br \/>\n* &#8211; eritt\u00e4in vakaa ja kest\u00e4v\u00e4 rakenne.<\/p>\n","protected":false},"excerpt":{"rendered":"<p>T\u00e4ydellinen lis\u00e4varuste kaikkiin Rolly Toys -traktoreihin. Ominaisuudet: * &#8211; korkealaatuinen kiilt\u00e4v\u00e4 muovi, helppo pit\u00e4\u00e4 puhtaana, * &#8211; t\u00e4ysin toimiva lakaisuj\u00e4rjestelm\u00e4, * &#8211; sopii kaikkiin ROLLY TOYS -ajoneuvoihin, joissa on etukiinnityskoukku, * &#8211; eritt\u00e4in vakaa ja kest\u00e4v\u00e4 rakenne.<\/p>\n","protected":false},"featured_media":0,"comment_status":"open","ping_status":"closed","template":"","meta":[],"product_brand":[],"product_cat":[32],"product_tag":[],"class_list":{"0":"post-36854","1":"product","2":"type-product","3":"status-publish","5":"product_cat-uncategorized-fi","7":"first","8":"instock","9":"shipping-taxable","10":"purchasable","11":"product-type-simple"},"_links":{"self":[{"href":"https:\/\/nordicmart.andreevmaster.com\/fi\/wp-json\/wp\/v2\/product\/36854","targetHints":{"allow":["GET"]}}],"collection":[{"href":"https:\/\/nordicmart.andreevmaster.com\/fi\/wp-json\/wp\/v2\/product"}],"about":[{"href":"https:\/\/nordicmart.andreevmaster.com\/fi\/wp-json\/wp\/v2\/types\/product"}],"replies":[{"embeddable":true,"href":"https:\/\/nordicmart.andreevmaster.com\/fi\/wp-json\/wp\/v2\/comments?post=36854"}],"wp:attachment":[{"href":"https:\/\/nordicmart.andreevmaster.com\/fi\/wp-json\/wp\/v2\/media?parent=36854"}],"wp:term":[{"taxonomy":"product_brand","embeddable":true,"href":"https:\/\/nordicmart.andreevmaster.com\/fi\/wp-json\/wp\/v2\/product_brand?post=36854"},{"taxonomy":"product_cat","embeddable":true,"href":"https:\/\/nordicmart.andreevmaster.com\/fi\/wp-json\/wp\/v2\/product_cat?post=36854"},{"taxonomy":"product_tag","embeddable":true,"href":"https:\/\/nordicmart.andreevmaster.com\/fi\/wp-json\/wp\/v2\/product_tag?post=36854"}],"curies":[{"name":"wp","href":"https:\/\/api.w.org\/{rel}","templated":true}]}}