{"id":36853,"date":"2026-02-27T00:36:17","date_gmt":"2026-02-27T00:36:17","guid":{"rendered":"https:\/\/nordicmart.andreevmaster.com\/product\/woopie-2-in-1-vesipoyta-hiekkalaatikko-mylly-14-lisavarustetta\/"},"modified":"2026-02-27T09:53:37","modified_gmt":"2026-02-27T09:53:37","slug":"woopie-2-in-1-vesipoyta-hiekkalaatikko-mylly-14-lisavarustetta","status":"publish","type":"product","link":"https:\/\/nordicmart.andreevmaster.com\/fi\/tuote\/woopie-2-in-1-vesipoyta-hiekkalaatikko-mylly-14-lisavarustetta\/","title":{"rendered":"WOOPIE 2-in-1-vesip\u00f6yt\u00e4-hiekkalaatikko-mylly 14 lis\u00e4varustetta"},"content":{"rendered":"<p>WOOPIE:n 2-in-1-vesip\u00f6yt\u00e4-hiekkalaatikko on t\u00e4ydellinen lelu veden ja hiekan kanssa leikkimiseen. Sarja sis\u00e4lt\u00e4\u00e4 14 lis\u00e4varustetta: 4 muottia, kastelukannun, myllyn, lapion, haravan, lelun auton ja 2 laivaa. P\u00f6yd\u00e4ss\u00e4 on 2 syvennyst\u00e4, joista toinen voidaan t\u00e4ytt\u00e4\u00e4 vedell\u00e4 ja toinen hiekalla, joten leikki\u00e4 voi harrastaa miss\u00e4 tahansa. Lapset voivat kaataa vett\u00e4 myllyyn ja katsella, kuinka se valuu alas. Sarja on suunniteltu sis\u00e4- ja ulkok\u00e4ytt\u00f6\u00f6n. T\u00e4ydellinen leikkimiseen kotona, rannalla tai hiekkalaatikolla. Ominaisuudet: * &#8211; 3-vuotiaille ja sit\u00e4 vanhemmille, * &#8211; 2-in-1 &#8211; vesip\u00f6yt\u00e4 + hiekkalaatikko, * &#8211; sarja sis\u00e4lt\u00e4\u00e4 lis\u00e4varusteita, kuten vesimyllyn, * &#8211; sis\u00e4- ja ulkok\u00e4ytt\u00f6\u00f6n.<\/p>\n<p>Sarja sis\u00e4lt\u00e4\u00e4:<\/p>\n<p>* &#8211; 4 muottia,<br \/>\n* &#8211; kastelukannu,<br \/>\n* &#8211; jauhin,<br \/>\n* &#8211; lapio ja harava,<br \/>\n* &#8211; leluauto,<br \/>\n* &#8211; 2 venett\u00e4.<\/p>\n","protected":false},"excerpt":{"rendered":"<p>WOOPIE:n 2-in-1-vesip\u00f6yt\u00e4-hiekkalaatikko on t\u00e4ydellinen lelu veden ja hiekan kanssa leikkimiseen. Sarja sis\u00e4lt\u00e4\u00e4 14 lis\u00e4varustetta: 4 muottia, kastelukannun, myllyn, lapion, haravan, lelun auton ja 2 laivaa. P\u00f6yd\u00e4ss\u00e4 on 2 syvennyst\u00e4, joista toinen voidaan t\u00e4ytt\u00e4\u00e4 vedell\u00e4 ja toinen hiekalla, joten leikki\u00e4 voi harrastaa miss\u00e4 tahansa. Lapset voivat kaataa vett\u00e4 myllyyn ja katsella, kuinka se valuu alas. Sarja [&hellip;]<\/p>\n","protected":false},"featured_media":0,"comment_status":"open","ping_status":"closed","template":"","meta":[],"product_brand":[],"product_cat":[32],"product_tag":[],"class_list":{"0":"post-36853","1":"product","2":"type-product","3":"status-publish","5":"product_cat-uncategorized-fi","7":"first","8":"instock","9":"shipping-taxable","10":"purchasable","11":"product-type-simple"},"_links":{"self":[{"href":"https:\/\/nordicmart.andreevmaster.com\/fi\/wp-json\/wp\/v2\/product\/36853","targetHints":{"allow":["GET"]}}],"collection":[{"href":"https:\/\/nordicmart.andreevmaster.com\/fi\/wp-json\/wp\/v2\/product"}],"about":[{"href":"https:\/\/nordicmart.andreevmaster.com\/fi\/wp-json\/wp\/v2\/types\/product"}],"replies":[{"embeddable":true,"href":"https:\/\/nordicmart.andreevmaster.com\/fi\/wp-json\/wp\/v2\/comments?post=36853"}],"wp:attachment":[{"href":"https:\/\/nordicmart.andreevmaster.com\/fi\/wp-json\/wp\/v2\/media?parent=36853"}],"wp:term":[{"taxonomy":"product_brand","embeddable":true,"href":"https:\/\/nordicmart.andreevmaster.com\/fi\/wp-json\/wp\/v2\/product_brand?post=36853"},{"taxonomy":"product_cat","embeddable":true,"href":"https:\/\/nordicmart.andreevmaster.com\/fi\/wp-json\/wp\/v2\/product_cat?post=36853"},{"taxonomy":"product_tag","embeddable":true,"href":"https:\/\/nordicmart.andreevmaster.com\/fi\/wp-json\/wp\/v2\/product_tag?post=36853"}],"curies":[{"name":"wp","href":"https:\/\/api.w.org\/{rel}","templated":true}]}}