{"id":36852,"date":"2026-02-27T00:36:17","date_gmt":"2026-02-27T00:36:17","guid":{"rendered":"https:\/\/nordicmart.andreevmaster.com\/product\/step2-rakennustyomaan-vesipoyta-lisavarusteineen\/"},"modified":"2026-02-27T09:53:36","modified_gmt":"2026-02-27T09:53:36","slug":"step2-rakennustyomaan-vesipoyta-lisavarusteineen","status":"publish","type":"product","link":"https:\/\/nordicmart.andreevmaster.com\/fi\/tuote\/step2-rakennustyomaan-vesipoyta-lisavarusteineen\/","title":{"rendered":"STEP2 Rakennusty\u00f6maan vesip\u00f6yt\u00e4 lis\u00e4varusteineen"},"content":{"rendered":"<p>Step2 Ball Buddies Adventure Center -kaksikerroksinen leikkip\u00f6yt\u00e4 lapsille! Klassisen Ball Buddies -dumpperin lis\u00e4ksi t\u00e4m\u00e4 ulkoleikkip\u00f6yt\u00e4 lapsille sis\u00e4lt\u00e4\u00e4 Ball Buddies -helikopterin, veneen ja junan, jotka voivat kuljettaa kahta leikkipalloa samanaikaisesti! Ball Buddies -hahmot eiv\u00e4t malta odottaa seikkailua joen varrella tai risteily\u00e4 muotoiltujen teiden ja siltojen mutkissa. Suuren pinta-alansa, monien mukana tulevien lis\u00e4varusteiden ja monipuolisten leikkimahdollisuuksien ansiosta t\u00e4m\u00e4 lasten vesip\u00f6yt\u00e4 on erinomainen vaihtoehto useiden lasten yhteiseen leikkiin. Lis\u00e4ksi altaan ymp\u00e4rill\u00e4 olevat yksitt\u00e4iset asemat tarjoavat lis\u00e4mahdollisuuksia pienemmille lapsille, jotka haluavat leikki\u00e4 yksin. Pienet seikkailijat voivat k\u00e4ytt\u00e4\u00e4 koripalloa heitt\u00e4m\u00e4\u00e4n palloja veteen ja nauttia j\u00e4nnitt\u00e4v\u00e4st\u00e4 vesileikist\u00e4 vesipy\u00f6r\u00e4n ja mukana tulevien mitta-astioiden avulla. Pohjassa on jopa interaktiivinen py\u00f6r\u00e4, jonka avulla pienet voivat saada veden liikkeelle ja luoda virtaavan joen.Ominaisuudet: * &#8211; Sis\u00e4lt\u00e4\u00e4 nelj\u00e4 Ball Buddies -ajoneuvoa: junan, veneen, kippiauton ja helikopterin! * &#8211; Sis\u00e4lt\u00e4\u00e4 nelj\u00e4 Ball Buddies -ajoneuvoa: junan, veneen, kippiauton ja helikopterin! * &#8211; Kaksikerroksisessa vesileikkip\u00f6yd\u00e4ss\u00e4 on virtaavat jokialtaat sek\u00e4 tiet, sillat ja lastauslaiturit.<br \/>\n* &#8211; Upeat lelut, joiden avulla lapset oppivat jakamaan, odottamaan vuoroaan ja olemaan k\u00e4rsiv\u00e4llisi\u00e4!<br \/>\n* &#8211; Lukuisat asemat ja lis\u00e4varusteet antavat lapsille mahdollisuuden leikki\u00e4 yhdess\u00e4 tai yksin ja kokea veden leikkien iloa.<br \/>\n* &#8211; Puhdistus on helppoa, sill\u00e4 p\u00f6yd\u00e4n jaloissa on k\u00e4tev\u00e4t aukot pelipallojen s\u00e4ilytt\u00e4mist\u00e4 varten ja kulhossa on tilaa lis\u00e4varusteiden s\u00e4ilytt\u00e4mist\u00e4 varten.* &#8211; Vesileikkipisteiss\u00e4 on kaksi keh\u00e4\u00e4, vesipy\u00f6r\u00e4 ja py\u00f6r\u00e4 altaan pohjalla. Palloja voi my\u00f6s laukaista kahdesta katapultista. * &#8211; EverTough\u2122-tekniikalla valmistettu ulkok\u00e4ytt\u00f6\u00f6n tarkoitettu vesileikkip\u00f6yt\u00e4 on tukeva ja kest\u00e4v\u00e4, joten se on helppo huoltaa ja tarjoaa huoletonta hauskaa.* &#8211; Mukana on vuotamaton tyhjennystulppa, joka pit\u00e4\u00e4 veden pelin aikana ja helpottaa tyhjent\u00e4mist\u00e4.<br \/>\n* &#8211; Tilavuus: 12,7 l.<br \/>\n* &#8211; Vaatii aikuisen kokoamisen.<\/p>\n<p>Sis\u00e4lt\u00e4\u00e4:<\/p>\n<p>* &#8211; Vesileikkip\u00f6yd\u00e4n pohja ja jalat,<br \/>\n* &#8211; 4 Ball Buddies -lelua,<br \/>\n* &#8211; pallopihdit,<br \/>\n* &#8211; 2 kulmatornia,<br \/>\n* &#8211; vesipy\u00f6r\u00e4,<br \/>\n* &#8211; sillan kiinnike,<br \/>\n* &#8211; py\u00f6r\u00e4,<br \/>\n* &#8211; 3 kuppia,<br \/>\n* &#8211; 10 pelipalloa.<\/p>\n<p>Step2 \u2013 ensinn\u00e4kin laatu, sitten upeat lelut! Jos asetat laadun ja turvallisuuden etusijalle valitessasi leluja lapsellesi, amerikkalaisen Step2-yrityksen upeat lelut t\u00e4ytt\u00e4v\u00e4t varmasti lasten, vanhempien, p\u00e4iv\u00e4kotien, lastentarhojen ja muiden oppilaitosten odotukset. Step2 on valmistanut parhaita leluja Yhdysvalloissa jo vuosikymmenien ajan! Valikoimaan kuuluu hiekkalaatikoita, puutarham\u00f6kkej\u00e4, leikkikentti\u00e4, ty\u00f6pajoja, ajettavissa olevia leluja, keitti\u00f6it\u00e4 ja lastenhuonekaluja.<\/p>\n","protected":false},"excerpt":{"rendered":"<p>Step2 Ball Buddies Adventure Center -kaksikerroksinen leikkip\u00f6yt\u00e4 lapsille! Klassisen Ball Buddies -dumpperin lis\u00e4ksi t\u00e4m\u00e4 ulkoleikkip\u00f6yt\u00e4 lapsille sis\u00e4lt\u00e4\u00e4 Ball Buddies -helikopterin, veneen ja junan, jotka voivat kuljettaa kahta leikkipalloa samanaikaisesti! Ball Buddies -hahmot eiv\u00e4t malta odottaa seikkailua joen varrella tai risteily\u00e4 muotoiltujen teiden ja siltojen mutkissa. Suuren pinta-alansa, monien mukana tulevien lis\u00e4varusteiden ja monipuolisten leikkimahdollisuuksien ansiosta [&hellip;]<\/p>\n","protected":false},"featured_media":0,"comment_status":"open","ping_status":"closed","template":"","meta":[],"product_brand":[],"product_cat":[32],"product_tag":[],"class_list":{"0":"post-36852","1":"product","2":"type-product","3":"status-publish","5":"product_cat-uncategorized-fi","7":"first","8":"instock","9":"shipping-taxable","10":"purchasable","11":"product-type-simple"},"_links":{"self":[{"href":"https:\/\/nordicmart.andreevmaster.com\/fi\/wp-json\/wp\/v2\/product\/36852","targetHints":{"allow":["GET"]}}],"collection":[{"href":"https:\/\/nordicmart.andreevmaster.com\/fi\/wp-json\/wp\/v2\/product"}],"about":[{"href":"https:\/\/nordicmart.andreevmaster.com\/fi\/wp-json\/wp\/v2\/types\/product"}],"replies":[{"embeddable":true,"href":"https:\/\/nordicmart.andreevmaster.com\/fi\/wp-json\/wp\/v2\/comments?post=36852"}],"wp:attachment":[{"href":"https:\/\/nordicmart.andreevmaster.com\/fi\/wp-json\/wp\/v2\/media?parent=36852"}],"wp:term":[{"taxonomy":"product_brand","embeddable":true,"href":"https:\/\/nordicmart.andreevmaster.com\/fi\/wp-json\/wp\/v2\/product_brand?post=36852"},{"taxonomy":"product_cat","embeddable":true,"href":"https:\/\/nordicmart.andreevmaster.com\/fi\/wp-json\/wp\/v2\/product_cat?post=36852"},{"taxonomy":"product_tag","embeddable":true,"href":"https:\/\/nordicmart.andreevmaster.com\/fi\/wp-json\/wp\/v2\/product_tag?post=36852"}],"curies":[{"name":"wp","href":"https:\/\/api.w.org\/{rel}","templated":true}]}}