{"id":36851,"date":"2026-02-27T00:36:17","date_gmt":"2026-02-27T00:36:17","guid":{"rendered":"https:\/\/nordicmart.andreevmaster.com\/product\/falk-racing-ride-on-toy-red-wide-wheels-1-2\/"},"modified":"2026-02-27T09:53:36","modified_gmt":"2026-02-27T09:53:36","slug":"falk-racing-ride-on-toy-red-wide-wheels-1-2","status":"publish","type":"product","link":"https:\/\/nordicmart.andreevmaster.com\/fi\/tuote\/falk-racing-ride-on-toy-red-wide-wheels-1-2\/","title":{"rendered":"FALK Racing Ride-On Toy Red Wide Wheels 1+"},"content":{"rendered":"<p>T\u00e4m\u00e4 ranskalaisen Falkin valmistama ajettava lelu on t\u00e4ydellinen lahja 2-vuotiaille ja sit\u00e4 vanhemmille lapsille. Sen kaunis grafiikka ja realistinen ulkon\u00e4k\u00f6 tuovat paljon iloa pienille. Ajettava lelu on varustettu suurilla py\u00f6rill\u00e4, jotka sopivat erinomaisesti erilaisille pinnoille. Etupy\u00f6r\u00e4 on k\u00e4\u00e4ntyv\u00e4, mik\u00e4 tekee ohjauksesta ja k\u00e4\u00e4ntymisest\u00e4 mukavampaa.<\/p>\n<p>Ominaisuudet: .<\/p>\n<p>* &#8211; Suunniteltu 1\u20133-vuotiaille lapsille<br \/>\n* &#8211; Suurin kantavuus 25 kg<br \/>\n* &#8211; Valmistettu korkealaatuisesta, s\u00e4\u00e4nkest\u00e4v\u00e4st\u00e4 muovista<br \/>\n* &#8211; Ergonominen muotoilu tekee ajamisesta mukavaa<br \/>\n* &#8211; Leveiden py\u00f6rien ansiosta ajoneuvo on vakaa<\/p>\n<p>Falk on johtava eurooppalainen korkealaatuisten polkuajoneuvojen valmistaja. Yhti\u00f6n tuotevalikoimaan kuuluu Claas-, Renault-, McCormick-, Kubota-, Case IH- ja muiden merkkien lisensoimia traktoreita. Kaikki ajoneuvot valmistetaan Ranskassa korkealaatuisista materiaaleista.<\/p>\n","protected":false},"excerpt":{"rendered":"<p>T\u00e4m\u00e4 ranskalaisen Falkin valmistama ajettava lelu on t\u00e4ydellinen lahja 2-vuotiaille ja sit\u00e4 vanhemmille lapsille. Sen kaunis grafiikka ja realistinen ulkon\u00e4k\u00f6 tuovat paljon iloa pienille. Ajettava lelu on varustettu suurilla py\u00f6rill\u00e4, jotka sopivat erinomaisesti erilaisille pinnoille. Etupy\u00f6r\u00e4 on k\u00e4\u00e4ntyv\u00e4, mik\u00e4 tekee ohjauksesta ja k\u00e4\u00e4ntymisest\u00e4 mukavampaa. Ominaisuudet: . * &#8211; Suunniteltu 1\u20133-vuotiaille lapsille * &#8211; Suurin kantavuus [&hellip;]<\/p>\n","protected":false},"featured_media":0,"comment_status":"open","ping_status":"closed","template":"","meta":[],"product_brand":[],"product_cat":[32],"product_tag":[],"class_list":{"0":"post-36851","1":"product","2":"type-product","3":"status-publish","5":"product_cat-uncategorized-fi","7":"first","8":"instock","9":"shipping-taxable","10":"purchasable","11":"product-type-simple"},"_links":{"self":[{"href":"https:\/\/nordicmart.andreevmaster.com\/fi\/wp-json\/wp\/v2\/product\/36851","targetHints":{"allow":["GET"]}}],"collection":[{"href":"https:\/\/nordicmart.andreevmaster.com\/fi\/wp-json\/wp\/v2\/product"}],"about":[{"href":"https:\/\/nordicmart.andreevmaster.com\/fi\/wp-json\/wp\/v2\/types\/product"}],"replies":[{"embeddable":true,"href":"https:\/\/nordicmart.andreevmaster.com\/fi\/wp-json\/wp\/v2\/comments?post=36851"}],"wp:attachment":[{"href":"https:\/\/nordicmart.andreevmaster.com\/fi\/wp-json\/wp\/v2\/media?parent=36851"}],"wp:term":[{"taxonomy":"product_brand","embeddable":true,"href":"https:\/\/nordicmart.andreevmaster.com\/fi\/wp-json\/wp\/v2\/product_brand?post=36851"},{"taxonomy":"product_cat","embeddable":true,"href":"https:\/\/nordicmart.andreevmaster.com\/fi\/wp-json\/wp\/v2\/product_cat?post=36851"},{"taxonomy":"product_tag","embeddable":true,"href":"https:\/\/nordicmart.andreevmaster.com\/fi\/wp-json\/wp\/v2\/product_tag?post=36851"}],"curies":[{"name":"wp","href":"https:\/\/api.w.org\/{rel}","templated":true}]}}