{"id":36850,"date":"2026-02-27T00:36:16","date_gmt":"2026-02-27T00:36:16","guid":{"rendered":"https:\/\/nordicmart.andreevmaster.com\/product\/smoby-spidey-ajosimulaattori-valoilla-ja-aanilla\/"},"modified":"2026-02-27T09:53:36","modified_gmt":"2026-02-27T09:53:36","slug":"smoby-spidey-ajosimulaattori-valoilla-ja-aanilla","status":"publish","type":"product","link":"https:\/\/nordicmart.andreevmaster.com\/fi\/tuote\/smoby-spidey-ajosimulaattori-valoilla-ja-aanilla\/","title":{"rendered":"Smoby Spidey -ajosimulaattori valoilla ja \u00e4\u00e4nill\u00e4"},"content":{"rendered":"<p>Smoby Spidey -ajosimulaattori kutsuu 3-vuotiaat ja sit\u00e4 vanhemmat lapset mukaan kilpa-seikkailuun! L\u00e4hde j\u00e4nnitt\u00e4v\u00e4lle ja yll\u00e4tykselliselle matkalle Spidey and Super Friends -animaatiosarjan hahmojen kanssa. T\u00e4m\u00e4 monitoiminen simulaattori stimuloi mielikuvitusta ja tukee lasten motorista kehityst\u00e4. Valo- ja \u00e4\u00e4nitehosteilla varustettu elektroninen ohjauspy\u00f6r\u00e4, interaktiivinen n\u00e4ytt\u00f6 ja muuttuva tie kuvastava kierroslukumittari tekev\u00e4t hauskanpidosta entist\u00e4 realistisempaa. Jopa 15 erilaista \u00e4\u00e4nt\u00e4 rikastuttavat ajokokemusta ja viev\u00e4t lapsesi keskelle dynaamisia takaa-ajoja ja kilpa-ajoja. <\/p>\n<p>### Ominaisuudet <\/p>\n<p>* &#8211; Ik\u00e4: 3 vuotta<br \/>\n* &#8211; Ajokokemuksen simulaattori interaktiivisella n\u00e4yt\u00f6ll\u00e4 ja polkimilla<br \/>\n* &#8211; Kierroslukumittari, jossa muuttuva tie n\u00e4yt\u00f6ll\u00e4<br \/>\n* &#8211; Elektroninen ohjauspy\u00f6r\u00e4 valo- ja \u00e4\u00e4nitehosteilla<br \/>\n* &#8211; S\u00e4\u00e4dett\u00e4v\u00e4 istuin \u2013 3-askelmainen vaakasuuntainen s\u00e4\u00e4t\u00f6<br \/>\n* &#8211; Virallisesti lisensoitu Disney Spidey<br \/>\n* &#8211; Tukeva rakenne, enimm\u00e4iskuormitus: 50 kg<\/p>\n<p>### Lelu kehitt\u00e4\u00e4<\/p>\n<p>* &#8211; Motorista koordinaatiota \u2013 ohjauspy\u00f6r\u00e4n ja polkimien k\u00e4ytt\u00f6 tukee motoristen taitojen kehityst\u00e4<br \/>\n* &#8211; Mielikuvitusta ja luovuutta \u2013 interaktiiviset ominaisuudet innostavat roolileikkeihin ja tarinankerrontaan<br \/>\n* &#8211; Keskittymiskyky\u00e4 ja refleksej\u00e4 \u2013 dynaaminen leikki vaatii keskittymist\u00e4 ja nopeita reaktioita n\u00e4yt\u00f6ll\u00e4 muuttuviin olosuhteisiin<br \/>\n* &#8211; Itsen\u00e4isyytt\u00e4 ja itseluottamusta \u2013 pienet oppivat hallitsemaan ajoneuvoa ja tekem\u00e4\u00e4n p\u00e4\u00e4t\u00f6ksi\u00e4 ajon aikana<\/p>\n","protected":false},"excerpt":{"rendered":"<p>Smoby Spidey -ajosimulaattori kutsuu 3-vuotiaat ja sit\u00e4 vanhemmat lapset mukaan kilpa-seikkailuun! L\u00e4hde j\u00e4nnitt\u00e4v\u00e4lle ja yll\u00e4tykselliselle matkalle Spidey and Super Friends -animaatiosarjan hahmojen kanssa. T\u00e4m\u00e4 monitoiminen simulaattori stimuloi mielikuvitusta ja tukee lasten motorista kehityst\u00e4. Valo- ja \u00e4\u00e4nitehosteilla varustettu elektroninen ohjauspy\u00f6r\u00e4, interaktiivinen n\u00e4ytt\u00f6 ja muuttuva tie kuvastava kierroslukumittari tekev\u00e4t hauskanpidosta entist\u00e4 realistisempaa. Jopa 15 erilaista \u00e4\u00e4nt\u00e4 rikastuttavat [&hellip;]<\/p>\n","protected":false},"featured_media":0,"comment_status":"open","ping_status":"closed","template":"","meta":[],"product_brand":[],"product_cat":[32],"product_tag":[],"class_list":{"0":"post-36850","1":"product","2":"type-product","3":"status-publish","5":"product_cat-uncategorized-fi","7":"first","8":"instock","9":"shipping-taxable","10":"purchasable","11":"product-type-simple"},"_links":{"self":[{"href":"https:\/\/nordicmart.andreevmaster.com\/fi\/wp-json\/wp\/v2\/product\/36850","targetHints":{"allow":["GET"]}}],"collection":[{"href":"https:\/\/nordicmart.andreevmaster.com\/fi\/wp-json\/wp\/v2\/product"}],"about":[{"href":"https:\/\/nordicmart.andreevmaster.com\/fi\/wp-json\/wp\/v2\/types\/product"}],"replies":[{"embeddable":true,"href":"https:\/\/nordicmart.andreevmaster.com\/fi\/wp-json\/wp\/v2\/comments?post=36850"}],"wp:attachment":[{"href":"https:\/\/nordicmart.andreevmaster.com\/fi\/wp-json\/wp\/v2\/media?parent=36850"}],"wp:term":[{"taxonomy":"product_brand","embeddable":true,"href":"https:\/\/nordicmart.andreevmaster.com\/fi\/wp-json\/wp\/v2\/product_brand?post=36850"},{"taxonomy":"product_cat","embeddable":true,"href":"https:\/\/nordicmart.andreevmaster.com\/fi\/wp-json\/wp\/v2\/product_cat?post=36850"},{"taxonomy":"product_tag","embeddable":true,"href":"https:\/\/nordicmart.andreevmaster.com\/fi\/wp-json\/wp\/v2\/product_tag?post=36850"}],"curies":[{"name":"wp","href":"https:\/\/api.w.org\/{rel}","templated":true}]}}