{"id":36849,"date":"2026-02-27T00:36:16","date_gmt":"2026-02-27T00:36:16","guid":{"rendered":"https:\/\/nordicmart.andreevmaster.com\/product\/berg-suojapeite-trampoliineille-270-cm\/"},"modified":"2026-02-27T09:53:35","modified_gmt":"2026-02-27T09:53:35","slug":"berg-suojapeite-trampoliineille-270-cm","status":"publish","type":"product","link":"https:\/\/nordicmart.andreevmaster.com\/fi\/tuote\/berg-suojapeite-trampoliineille-270-cm\/","title":{"rendered":"BERG Suojapeite trampoliineille 270 cm"},"content":{"rendered":"<p>BERG-suojapeite on k\u00e4yt\u00e4nn\u00f6llinen ja kest\u00e4v\u00e4 peite, joka suojaa trampoliinia tehokkaasti oksilta, lehdilt\u00e4 ja muilta roskilta. Se pit\u00e4\u00e4 trampoliinin puhtaana ja k\u00e4ytt\u00f6valmiina ja tekee sen k\u00e4yt\u00f6st\u00e4 entist\u00e4 mukavampaa. Peitteen erityinen muotoilu mahdollistaa veden vapaan virtaamisen, est\u00e4en sen kertymisen hyppymattoon ja suojaamalla sit\u00e4 liialliselta painolta.\u2757\ufe0f Suojapeitett\u00e4 ei ole tarkoitettu trampoliinin pitk\u00e4aikaiseen varastointiin. Suositellaan lyhytaikaiseen k\u00e4ytt\u00f6\u00f6n, enint\u00e4\u00e4n muutaman viikon ajan. \u2757\ufe0f<\/p>\n<p>Ominaisuudet:<\/p>\n<p>* \u2714\ufe0f Sopii tavallisille, maahan upotettaville ja tasaisille trampoliineille<br \/>\n* \u2714\ufe0f Suojaa lehdilt\u00e4, oksilta ja muilta roskilta<br \/>\n* \u2714\ufe0f P\u00e4\u00e4st\u00e4\u00e4 veden l\u00e4pi maton korkeudella, est\u00e4en veden kertymisen<br \/>\n* \u2714\ufe0f Varustettu tukevilla koukkuilla, jotka helpottavat ja varmistavat asennuksen<\/p>\n<p>\u2714\ufe0f Sopii tavallisiin, maahan upotettaviin ja tasaisiin trampoliineihin<\/p>\n<p>\u2714\ufe0f Suojaa lehdilt\u00e4, oksilta ja muilta roskilta<\/p>\n<p>\u2714\ufe0f P\u00e4\u00e4st\u00e4\u00e4 veden l\u00e4pi maton korkeudella, est\u00e4en veden kertymisen<\/p>\n<p>\u2714\ufe0f Varustettu tukevilla koukkuilla, jotka helpottavat ja varmistavat asennuksen<\/p>\n","protected":false},"excerpt":{"rendered":"<p>BERG-suojapeite on k\u00e4yt\u00e4nn\u00f6llinen ja kest\u00e4v\u00e4 peite, joka suojaa trampoliinia tehokkaasti oksilta, lehdilt\u00e4 ja muilta roskilta. Se pit\u00e4\u00e4 trampoliinin puhtaana ja k\u00e4ytt\u00f6valmiina ja tekee sen k\u00e4yt\u00f6st\u00e4 entist\u00e4 mukavampaa. Peitteen erityinen muotoilu mahdollistaa veden vapaan virtaamisen, est\u00e4en sen kertymisen hyppymattoon ja suojaamalla sit\u00e4 liialliselta painolta.\u2757\ufe0f Suojapeitett\u00e4 ei ole tarkoitettu trampoliinin pitk\u00e4aikaiseen varastointiin. Suositellaan lyhytaikaiseen k\u00e4ytt\u00f6\u00f6n, enint\u00e4\u00e4n muutaman [&hellip;]<\/p>\n","protected":false},"featured_media":0,"comment_status":"open","ping_status":"closed","template":"","meta":[],"product_brand":[],"product_cat":[32],"product_tag":[],"class_list":{"0":"post-36849","1":"product","2":"type-product","3":"status-publish","5":"product_cat-uncategorized-fi","7":"first","8":"instock","9":"shipping-taxable","10":"purchasable","11":"product-type-simple"},"_links":{"self":[{"href":"https:\/\/nordicmart.andreevmaster.com\/fi\/wp-json\/wp\/v2\/product\/36849","targetHints":{"allow":["GET"]}}],"collection":[{"href":"https:\/\/nordicmart.andreevmaster.com\/fi\/wp-json\/wp\/v2\/product"}],"about":[{"href":"https:\/\/nordicmart.andreevmaster.com\/fi\/wp-json\/wp\/v2\/types\/product"}],"replies":[{"embeddable":true,"href":"https:\/\/nordicmart.andreevmaster.com\/fi\/wp-json\/wp\/v2\/comments?post=36849"}],"wp:attachment":[{"href":"https:\/\/nordicmart.andreevmaster.com\/fi\/wp-json\/wp\/v2\/media?parent=36849"}],"wp:term":[{"taxonomy":"product_brand","embeddable":true,"href":"https:\/\/nordicmart.andreevmaster.com\/fi\/wp-json\/wp\/v2\/product_brand?post=36849"},{"taxonomy":"product_cat","embeddable":true,"href":"https:\/\/nordicmart.andreevmaster.com\/fi\/wp-json\/wp\/v2\/product_cat?post=36849"},{"taxonomy":"product_tag","embeddable":true,"href":"https:\/\/nordicmart.andreevmaster.com\/fi\/wp-json\/wp\/v2\/product_tag?post=36849"}],"curies":[{"name":"wp","href":"https:\/\/api.w.org\/{rel}","templated":true}]}}