{"id":36848,"date":"2026-02-27T00:36:16","date_gmt":"2026-02-27T00:36:16","guid":{"rendered":"https:\/\/nordicmart.andreevmaster.com\/product\/smoby-siivousvaunu-rowenta-imurilla-jossa-on-aani-10-lisavarustetta\/"},"modified":"2026-02-27T09:53:35","modified_gmt":"2026-02-27T09:53:35","slug":"smoby-siivousvaunu-rowenta-imurilla-jossa-on-aani-10-lisavarustetta","status":"publish","type":"product","link":"https:\/\/nordicmart.andreevmaster.com\/fi\/tuote\/smoby-siivousvaunu-rowenta-imurilla-jossa-on-aani-10-lisavarustetta\/","title":{"rendered":"SMOBY Siivousvaunu Rowenta-imurilla, jossa on \u00e4\u00e4ni + 10 lis\u00e4varustetta"},"content":{"rendered":"<p>Lapset tarkkailevat aikuisia ja rakastavat j\u00e4ljitell\u00e4 heit\u00e4. N\u00e4in he oppivat ymp\u00e4rist\u00f6st\u00e4\u00e4n ja maailmasta. Sarja leluja, jotka j\u00e4ljittelev\u00e4t jokap\u00e4iv\u00e4isi\u00e4 laitteita ja lis\u00e4varusteita, antaa lapsille mahdollisuuden oppia ja l\u00f6yt\u00e4\u00e4 tiettyj\u00e4 arvoja leikin kautta.<\/p>\n<p>Ominaisuudet:<\/p>\n<p>* &#8211; Sarja koostuu k\u00e4rryst\u00e4, jolle voi asettaa elektronisen imurin, joka tuottaa realistisia imurointia\u00e4\u00e4ni\u00e4, sek\u00e4 lis\u00e4varusteista.* &#8211; Imurissa on mukava kahva ja py\u00f6r\u00e4t, joiden ansiosta sit\u00e4 on helppo liikutella. * &#8211; Sarjaan kuuluu 9 lis\u00e4varustetta, kuten p\u00f6lykauha, harja, moppi, sieni, \u00e4mp\u00e4ri ja leikkipuhdistusaineita. * &#8211; Itse koottava sarja.<\/p>\n","protected":false},"excerpt":{"rendered":"<p>Lapset tarkkailevat aikuisia ja rakastavat j\u00e4ljitell\u00e4 heit\u00e4. N\u00e4in he oppivat ymp\u00e4rist\u00f6st\u00e4\u00e4n ja maailmasta. Sarja leluja, jotka j\u00e4ljittelev\u00e4t jokap\u00e4iv\u00e4isi\u00e4 laitteita ja lis\u00e4varusteita, antaa lapsille mahdollisuuden oppia ja l\u00f6yt\u00e4\u00e4 tiettyj\u00e4 arvoja leikin kautta. Ominaisuudet: * &#8211; Sarja koostuu k\u00e4rryst\u00e4, jolle voi asettaa elektronisen imurin, joka tuottaa realistisia imurointia\u00e4\u00e4ni\u00e4, sek\u00e4 lis\u00e4varusteista.* &#8211; Imurissa on mukava kahva ja py\u00f6r\u00e4t, [&hellip;]<\/p>\n","protected":false},"featured_media":0,"comment_status":"open","ping_status":"closed","template":"","meta":[],"product_brand":[],"product_cat":[32],"product_tag":[],"class_list":{"0":"post-36848","1":"product","2":"type-product","3":"status-publish","5":"product_cat-uncategorized-fi","7":"first","8":"instock","9":"shipping-taxable","10":"purchasable","11":"product-type-simple"},"_links":{"self":[{"href":"https:\/\/nordicmart.andreevmaster.com\/fi\/wp-json\/wp\/v2\/product\/36848","targetHints":{"allow":["GET"]}}],"collection":[{"href":"https:\/\/nordicmart.andreevmaster.com\/fi\/wp-json\/wp\/v2\/product"}],"about":[{"href":"https:\/\/nordicmart.andreevmaster.com\/fi\/wp-json\/wp\/v2\/types\/product"}],"replies":[{"embeddable":true,"href":"https:\/\/nordicmart.andreevmaster.com\/fi\/wp-json\/wp\/v2\/comments?post=36848"}],"wp:attachment":[{"href":"https:\/\/nordicmart.andreevmaster.com\/fi\/wp-json\/wp\/v2\/media?parent=36848"}],"wp:term":[{"taxonomy":"product_brand","embeddable":true,"href":"https:\/\/nordicmart.andreevmaster.com\/fi\/wp-json\/wp\/v2\/product_brand?post=36848"},{"taxonomy":"product_cat","embeddable":true,"href":"https:\/\/nordicmart.andreevmaster.com\/fi\/wp-json\/wp\/v2\/product_cat?post=36848"},{"taxonomy":"product_tag","embeddable":true,"href":"https:\/\/nordicmart.andreevmaster.com\/fi\/wp-json\/wp\/v2\/product_tag?post=36848"}],"curies":[{"name":"wp","href":"https:\/\/api.w.org\/{rel}","templated":true}]}}